{"id":1205,"date":"2024-10-23T13:20:33","date_gmt":"2024-10-23T11:20:33","guid":{"rendered":"http:\/\/billigtrikots.com\/?post_type=product&#038;p=1205"},"modified":"2024-10-23T13:22:31","modified_gmt":"2024-10-23T11:22:31","slug":"herren-manchester-united-2022-ausweichtrikot-blau-mit-aufdruck-wan-bissaka-29","status":"publish","type":"product","link":"https:\/\/www.billigtrikotde.com\/sk\/herren-manchester-united-2022-ausweichtrikot-blau-mit-aufdruck-wan-bissaka-29\/","title":{"rendered":"P\u00e1nsky dres Manchester United 2022 modr\u00fd s potla\u010dou Wan-Bissaka 29"},"content":{"rendered":"<p>Obr\u00e1dzame sa na desa\u0165ro\u010die, v ktorom Manchester United z\u00edskal tr\u00f3n anglickej futbalovej sc\u00e9ny. Desa\u0165 rokov, ktor\u00e9 boli pod vl\u00e1dou talentu mlad\u00fdch superkickerov. Niet divu, \u017ee sme sa pri tomto v\u00fdstra\u017enom dresu z 90. rokov nechali in\u0161pirova\u0165. Dizajn kombinuje klasick\u00e9 vonkaj\u0161ie oble\u010denie so zn\u00e1mym \u0161t\u00fdlom adidas Equipment pre sebavedav\u00fd Look. Verzia pre fan\u00fa\u0161ikov ti v\u010faka m\u00e4kk\u00e9mu materi\u00e1lu s technol\u00f3giou AEROREADY, ktor\u00e1 absorbuje vlhkos\u0165, poskytuje pohodln\u00e9 nosenie. A dvojfarebn\u00e9 logo a-didas dokres\u013euje spomienku na \u010das.<\/p>\n<p>Tipy na tla\u010d: Ak s\u00fa meno a \u010d\u00edslo na obr\u00e1zku presne tak\u00e9, ak\u00e9 chcete, nemus\u00edte ich zad\u00e1va\u0165 znova. Ak nie, mali by ste zada\u0165 po\u017eadovan\u00e9 meno a \u010d\u00edslo.<\/p>\n<p>Tipy na pranie: Odpor\u00fa\u010dame pra\u0165 futbalov\u00e9 tri\u010dk\u00e1 v ruke. Ak chcete pou\u017ei\u0165 pr\u00e1\u010dku, nezabudnite futbalov\u00e9 tri\u010dk\u00e1 oto\u010di\u0165 naruby a potom ich vypra\u0165. Napl\u0148te pr\u00e1\u010dku studenou vodou a pou\u017eite jemn\u00fd cyklus, aby ste lep\u0161ie ochr\u00e1nili farby.<\/p>","protected":false},"excerpt":{"rendered":"<p>Wir blicken auf das Jahrzehnt zur\u00fcck, in dem Manchester United den englischen Fu\u00dfball-Thron erklomm. Zehn Jahre, die von dem Talent der jungen Superkicker gepr\u00e4gt waren. Kein Wunder also, dass wir uns f\u00fcr dieses Ausweichtrikot von den 90ern haben inspirieren lassen. Das Design mixt eine klassische Ausw\u00e4rtsausr\u00fcstung mit dem typischen adidas Equipment Style f\u00fcr einen selbstbewussten [&hellip;]<\/p>","protected":false},"featured_media":1249,"comment_status":"open","ping_status":"closed","template":"","meta":[],"product_brand":[],"product_cat":[50],"product_tag":[20,21,22,23,24,53,52],"class_list":{"0":"post-1205","1":"product","2":"type-product","3":"status-publish","4":"has-post-thumbnail","6":"product_cat-manchester-united","7":"product_tag-coole-fussballtrikots","8":"product_tag-fussballtrikot-fuer-herren","9":"product_tag-fussballtrikot-guenstig-kaufen","10":"product_tag-fussballtrikot-kurzarm","11":"product_tag-guenstiges-fussballtrikot","12":"product_tag-manchester-united-ausweichtrikot","13":"product_tag-manchester-united-trikots","15":"first","16":"instock","17":"shipping-taxable","18":"purchasable","19":"product-type-variable"},"_links":{"self":[{"href":"https:\/\/www.billigtrikotde.com\/sk\/wp-json\/wp\/v2\/product\/1205","targetHints":{"allow":["GET"]}}],"collection":[{"href":"https:\/\/www.billigtrikotde.com\/sk\/wp-json\/wp\/v2\/product"}],"about":[{"href":"https:\/\/www.billigtrikotde.com\/sk\/wp-json\/wp\/v2\/types\/product"}],"replies":[{"embeddable":true,"href":"https:\/\/www.billigtrikotde.com\/sk\/wp-json\/wp\/v2\/comments?post=1205"}],"wp:featuredmedia":[{"embeddable":true,"href":"https:\/\/www.billigtrikotde.com\/sk\/wp-json\/wp\/v2\/media\/1249"}],"wp:attachment":[{"href":"https:\/\/www.billigtrikotde.com\/sk\/wp-json\/wp\/v2\/media?parent=1205"}],"wp:term":[{"taxonomy":"product_brand","embeddable":true,"href":"https:\/\/www.billigtrikotde.com\/sk\/wp-json\/wp\/v2\/product_brand?post=1205"},{"taxonomy":"product_cat","embeddable":true,"href":"https:\/\/www.billigtrikotde.com\/sk\/wp-json\/wp\/v2\/product_cat?post=1205"},{"taxonomy":"product_tag","embeddable":true,"href":"https:\/\/www.billigtrikotde.com\/sk\/wp-json\/wp\/v2\/product_tag?post=1205"}],"curies":[{"name":"wp","href":"https:\/\/api.w.org\/{rel}","templated":true}]}}