{"id":11975,"date":"2024-10-24T04:44:45","date_gmt":"2024-10-24T02:44:45","guid":{"rendered":"http:\/\/billigtrikots.com\/?post_type=product&#038;p=11975"},"modified":"2025-10-16T16:03:39","modified_gmt":"2025-10-16T14:03:39","slug":"herren-real-madrid-2022-2023-auswaertstrikots-bestellen-mit-aufdruck-vini-jr-20","status":"publish","type":"product","link":"https:\/\/www.billigtrikotde.com\/sk\/herren-real-madrid-2022-2023-auswaertstrikots-bestellen-mit-aufdruck-vini-jr-20\/","title":{"rendered":"Objednajte si p\u00e1nske dresy Real Madrid 2022-2023 s potla\u010dou VINI JR. 20"},"content":{"rendered":"<p>Dres Adidas Real Madrid 2022-23 vonku je fialov\u00fd. Ofici\u00e1lna farba je \u201eLight Purple\u201c, ktor\u00e1 je vidite\u013en\u00e1 aj na drese 22-23.<\/p>\n<p>Na prednej strane a ruk\u00e1voch dresu Real Madrid 2022-2023 vonku sa nach\u00e1dza decentn\u00e1 geometrick\u00e1 potla\u010d, ktor\u00e1 pozost\u00e1va z diagon\u00e1lnych dla\u017ed\u00edc.<\/p>\n<p>Adidas kombinuje svetl\u00fa hlavn\u00fa farbu dresu Real Madrid 22-23 s tmavomodrou farbou \"Night Navy\". T\u00e1to farba je pou\u017eit\u00e1 na golieri, man\u017eet\u00e1ch a v\u0161etk\u00fdch zna\u010dk\u00e1ch vr\u00e1tane novo navrhnut\u00e9ho klubov\u00e9ho znaku na \u013eavej strane hrude.<\/p>\n<p>Tipy na tla\u010d: Ak s\u00fa meno a \u010d\u00edslo na obr\u00e1zku presne tak\u00e9, ak\u00e9 chcete, nemus\u00edte ich zad\u00e1va\u0165 znova. Ak nie, mali by ste zada\u0165 po\u017eadovan\u00e9 meno a \u010d\u00edslo.<\/p>\n<p>Tipy na pranie: Odpor\u00fa\u010dame pra\u0165 futbalov\u00e9 tri\u010dk\u00e1 v ruke. Ak chcete pou\u017ei\u0165 pr\u00e1\u010dku, nezabudnite futbalov\u00e9 tri\u010dk\u00e1 oto\u010di\u0165 naruby a potom ich vypra\u0165. Napl\u0148te pr\u00e1\u010dku studenou vodou a pou\u017eite jemn\u00fd cyklus, aby ste lep\u0161ie ochr\u00e1nili farby.<\/p>","protected":false},"excerpt":{"rendered":"<p>Tri\u010dko Adidas Real Madrid 2022-23 vonkaj\u0161ie tri\u010dko je fialov\u00e9. Ofici\u00e1lna farba je \u201eLight Purple\u201c, ktor\u00e1 je vidite\u013en\u00e1 aj na tri\u010dku 22-23. Na prednej strane a ruk\u00e1voch vonkaj\u0161ieho tri\u010dka Real Madrid 2022-2023 je jemn\u00fd geometrick\u00fd potla\u010d, ktor\u00fd pozost\u00e1va z diagon\u00e1lnych dla\u017ed\u00edc. Adidas kombinuje svetl\u00fa hlavn\u00fa farbu vonkaj\u0161ieho tri\u010dka Real Madrid 22-23 [...]<\/p>","protected":false},"featured_media":12013,"comment_status":"open","ping_status":"closed","template":"","meta":[],"product_brand":[],"product_cat":[45],"product_tag":[20,38,21,22,23,228,24,291,49,271,47,268],"class_list":{"0":"post-11975","1":"product","2":"type-product","3":"status-publish","4":"has-post-thumbnail","6":"product_cat-real-madrid","7":"product_tag-coole-fussballtrikots","8":"product_tag-fussball-trikot-langarm","9":"product_tag-fussballtrikot-fuer-herren","10":"product_tag-fussballtrikot-guenstig-kaufen","11":"product_tag-fussballtrikot-kurzarm","12":"product_tag-guenstige-fussballtrikot","13":"product_tag-guenstiges-fussballtrikot","14":"product_tag-real-madrid-2022-2023-auswaertstrikots","15":"product_tag-real-madrid-auswaertstrikot","16":"product_tag-real-madrid-trikot-herren-guenstig","17":"product_tag-real-madrid-trikots","18":"product_tag-real-madrid-trikots-22-23","20":"first","21":"instock","22":"shipping-taxable","23":"purchasable","24":"product-type-variable"},"_links":{"self":[{"href":"https:\/\/www.billigtrikotde.com\/sk\/wp-json\/wp\/v2\/product\/11975","targetHints":{"allow":["GET"]}}],"collection":[{"href":"https:\/\/www.billigtrikotde.com\/sk\/wp-json\/wp\/v2\/product"}],"about":[{"href":"https:\/\/www.billigtrikotde.com\/sk\/wp-json\/wp\/v2\/types\/product"}],"replies":[{"embeddable":true,"href":"https:\/\/www.billigtrikotde.com\/sk\/wp-json\/wp\/v2\/comments?post=11975"}],"wp:featuredmedia":[{"embeddable":true,"href":"https:\/\/www.billigtrikotde.com\/sk\/wp-json\/wp\/v2\/media\/12013"}],"wp:attachment":[{"href":"https:\/\/www.billigtrikotde.com\/sk\/wp-json\/wp\/v2\/media?parent=11975"}],"wp:term":[{"taxonomy":"product_brand","embeddable":true,"href":"https:\/\/www.billigtrikotde.com\/sk\/wp-json\/wp\/v2\/product_brand?post=11975"},{"taxonomy":"product_cat","embeddable":true,"href":"https:\/\/www.billigtrikotde.com\/sk\/wp-json\/wp\/v2\/product_cat?post=11975"},{"taxonomy":"product_tag","embeddable":true,"href":"https:\/\/www.billigtrikotde.com\/sk\/wp-json\/wp\/v2\/product_tag?post=11975"}],"curies":[{"name":"wp","href":"https:\/\/api.w.org\/{rel}","templated":true}]}}