{"id":11949,"date":"2024-10-24T04:43:05","date_gmt":"2024-10-24T02:43:05","guid":{"rendered":"http:\/\/billigtrikots.com\/?post_type=product&#038;p=11949"},"modified":"2024-10-24T04:45:50","modified_gmt":"2024-10-24T02:45:50","slug":"kinder-fc-barcelona-22-23-viertes-trikot-kurzarm-kurze-hosen-on-sale","status":"publish","type":"product","link":"https:\/\/www.billigtrikotde.com\/sk\/kinder-fc-barcelona-22-23-viertes-trikot-kurzarm-kurze-hosen-on-sale\/","title":{"rendered":"Detsk\u00e9 FC Barcelona 22-23 \u0160tvrt\u00e9 tri\u010dko s kr\u00e1tkym ruk\u00e1vom + \u0161ortky na predaj"},"content":{"rendered":"<p>Nov\u00e9 \u0161tvrt\u00e9 dres FC Barcelona pre sez\u00f3nu 22-23 bolo predstaven\u00e9 pod sloganom \u201c + Catalunya + Bar\u00e7a\u201c. Vyjadruje ducha Barcelony a hrdos\u0165 na p\u00f4vod z Barcelony a Katal\u00e1nska. Dres je in\u0161pirovan\u00fd kapit\u00e1nskou p\u00e1skou a bude prv\u00fdkr\u00e1t pou\u017eit\u00fd v s\u00fa\u0165a\u017enom z\u00e1pase proti FC Girona na Montiliv\u00ed v nasleduj\u00facu sobotu.<br \/>\nNike Barcelona 22-23 \u0161tvrt\u00fd dres kombinuje farby Senyery, \u017elt\u00fa a \u010derven\u00fa, s modrou. Logo Barcelony a logo Spotify s\u00fa umiestnen\u00e9 uprostred, zatia\u013e \u010do na ka\u017edom ruk\u00e1ve je umiestnen\u00fd Swoosh. Najv\u00fdraznej\u0161\u00edm prvkom \u0161tvrt\u00e9ho dresu Barcelony je vlajka Senyera (\u0161tvrt\u00e1 \u010derven\u00e1 pruh na \u017eltom pozad\u00ed) na hornej prednej strane. Je to rovnak\u00e9, ako je vidie\u0165 na kapit\u00e1nskej p\u00e1ske. Modro-\u010derven\u00e9 man\u017eety na ruk\u00e1voch dod\u00e1vaj\u00fa Nike Bar\u00e7a 22-23 4th dresu \u010fal\u0161\u00ed akcent. \u0160tvrt\u00fd dres Barcelony 22-23 m\u00e1 podobn\u00fd vzor ako dres USA pre majstrovstv\u00e1 sveta 2022.<\/p>\n<p>Tipy na tla\u010d: Ak s\u00fa meno a \u010d\u00edslo na obr\u00e1zku presne tak\u00e9, ak\u00e9 chcete, nemus\u00edte ich zad\u00e1va\u0165 znova. Ak nie, mali by ste zada\u0165 po\u017eadovan\u00e9 meno a \u010d\u00edslo.<\/p>\n<p>Tipy na pranie: Odpor\u00fa\u010dame pra\u0165 futbalov\u00e9 tri\u010dk\u00e1 v ruke. Ak chcete pou\u017ei\u0165 pr\u00e1\u010dku, nezabudnite futbalov\u00e9 tri\u010dk\u00e1 oto\u010di\u0165 naruby a potom ich vypra\u0165. Napl\u0148te pr\u00e1\u010dku studenou vodou a pou\u017eite jemn\u00fd cyklus, aby ste lep\u0161ie ochr\u00e1nili farby.<\/p>","protected":false},"excerpt":{"rendered":"<p>Nov\u00e9 \u0161tvrt\u00e9 dres FC Barcelona pre sez\u00f3nu 22-23 bol predstaven\u00fd pod sloganom \u201c + Catalunya + Bar\u00e7a\u201c . Pren\u00e1\u0161a ducha Bar\u00e7a a hrdos\u0165 na p\u00f4vod z Barcelony a Katal\u00e1nska. Dres je in\u0161pirovan\u00fd kapit\u00e1nskou p\u00e1skou a po prv\u00fdkr\u00e1t bude pou\u017eit\u00fd v s\u00fa\u0165a\u017enom z\u00e1pase proti FC Girona [\u2026]<\/p>","protected":false},"featured_media":11992,"comment_status":"open","ping_status":"closed","template":"","meta":[],"product_brand":[],"product_cat":[146],"product_tag":[147,459,20,460,33,21,22,23,24,94],"class_list":{"0":"post-11949","1":"product","2":"type-product","3":"status-publish","4":"has-post-thumbnail","6":"product_cat-barcelona-kindertrikot","7":"product_tag-barcelona-trikotsatz-fuer-kinder","8":"product_tag-barcelona-viertes-trikot","9":"product_tag-coole-fussballtrikots","10":"product_tag-deutschland-fussballtrikots","11":"product_tag-fc-barcelona-trikots","12":"product_tag-fussballtrikot-fuer-herren","13":"product_tag-fussballtrikot-guenstig-kaufen","14":"product_tag-fussballtrikot-kurzarm","15":"product_tag-guenstiges-fussballtrikot","16":"product_tag-kinder-fussball-trikotsatz","18":"first","19":"instock","20":"shipping-taxable","21":"purchasable","22":"product-type-variable"},"_links":{"self":[{"href":"https:\/\/www.billigtrikotde.com\/sk\/wp-json\/wp\/v2\/product\/11949","targetHints":{"allow":["GET"]}}],"collection":[{"href":"https:\/\/www.billigtrikotde.com\/sk\/wp-json\/wp\/v2\/product"}],"about":[{"href":"https:\/\/www.billigtrikotde.com\/sk\/wp-json\/wp\/v2\/types\/product"}],"replies":[{"embeddable":true,"href":"https:\/\/www.billigtrikotde.com\/sk\/wp-json\/wp\/v2\/comments?post=11949"}],"wp:featuredmedia":[{"embeddable":true,"href":"https:\/\/www.billigtrikotde.com\/sk\/wp-json\/wp\/v2\/media\/11992"}],"wp:attachment":[{"href":"https:\/\/www.billigtrikotde.com\/sk\/wp-json\/wp\/v2\/media?parent=11949"}],"wp:term":[{"taxonomy":"product_brand","embeddable":true,"href":"https:\/\/www.billigtrikotde.com\/sk\/wp-json\/wp\/v2\/product_brand?post=11949"},{"taxonomy":"product_cat","embeddable":true,"href":"https:\/\/www.billigtrikotde.com\/sk\/wp-json\/wp\/v2\/product_cat?post=11949"},{"taxonomy":"product_tag","embeddable":true,"href":"https:\/\/www.billigtrikotde.com\/sk\/wp-json\/wp\/v2\/product_tag?post=11949"}],"curies":[{"name":"wp","href":"https:\/\/api.w.org\/{rel}","templated":true}]}}