{"id":11595,"date":"2024-10-24T04:23:14","date_gmt":"2024-10-24T02:23:14","guid":{"rendered":"http:\/\/billigtrikots.com\/?post_type=product&#038;p=11595"},"modified":"2024-10-24T04:25:29","modified_gmt":"2024-10-24T02:25:29","slug":"atletico-madrid-2023-auswaertstrikot-schwarz-kurzarm-trikotsatz-kit-mit-aufdruck-thomas-5","status":"publish","type":"product","link":"https:\/\/www.billigtrikotde.com\/sk\/atletico-madrid-2023-auswaertstrikot-schwarz-kurzarm-trikotsatz-kit-mit-aufdruck-thomas-5\/","title":{"rendered":"Atl\u00e9tico Madrid 2023 Away Jersey Black Kit s kr\u00e1tkym ruk\u00e1vom a potla\u010dou THOMAS 5"},"content":{"rendered":"<p>Objavte vonkaj\u0161\u00ed dres Atl\u00e9tico Madrid 2022\/2023. Hrdos\u0165ou noste farby svojho ob\u013e\u00faben\u00e9ho t\u00edmu na ihrisku alebo vonku.<\/p>\n<p>Flexibiln\u00fd a \u013eahk\u00fd dres s technol\u00f3giou Nike Dri Fit, odev, ktor\u00fd zabra\u0148uje prenikaniu potu po\u010das v\u00e1\u0161ho z\u00e1pasu alebo tr\u00e9ningu. Zosta\u0148te such\u00ed po svojich zr\u00fdchleniach.<\/p>\n<p>Predstavte si, \u017ee v\u00e1s div\u00e1ci z Wanda Metropolitano bud\u00fa povzbudzova\u0165 po skvelom g\u00f3le.<\/p>\n<p>Dres je in\u0161pirovan\u00fd dresom profesion\u00e1lneho t\u00edmu po\u010das z\u00e1pasov.<\/p>\n<p>Tipy na tla\u010d: Ak s\u00fa meno a \u010d\u00edslo na obr\u00e1zku presne tak\u00e9, ak\u00e9 chcete, nemus\u00edte ich zad\u00e1va\u0165 znova. Ak nie, mali by ste zada\u0165 po\u017eadovan\u00e9 meno a \u010d\u00edslo.<\/p>\n<p>Tipy na pranie: Odpor\u00fa\u010dame pra\u0165 futbalov\u00e9 tri\u010dk\u00e1 v ruke. Ak chcete pou\u017ei\u0165 pr\u00e1\u010dku, nezabudnite futbalov\u00e9 tri\u010dk\u00e1 oto\u010di\u0165 naruby a potom ich vypra\u0165. Napl\u0148te pr\u00e1\u010dku studenou vodou a pou\u017eite jemn\u00fd cyklus, aby ste lep\u0161ie ochr\u00e1nili farby.<\/p>","protected":false},"excerpt":{"rendered":"<p>Entdecke das Atl\u00e9tico Madrid 2022\/2023 Ausw\u00e4rtstrikot . Tragen Sie stolz die Farben Ihres Lieblingsteams auf dem Platz oder drau\u00dfen. Ein flexibles und leichtes Trikot mit Nike Dri Fit-Technologie, ein Kleidungsst\u00fcck, das verhindert, dass Schwei\u00df w\u00e4hrend Ihres Spiels oder Trainings eindringt. Bleiben Sie nach Ihren Beschleunigungen trocken. Stellen Sie sich vor, die Zuschauer von Wanda Metropolitano [&hellip;]<\/p>","protected":false},"featured_media":11634,"comment_status":"open","ping_status":"closed","template":"","meta":[],"product_brand":[],"product_cat":[88],"product_tag":[200,90,20,21,22,23,24],"class_list":{"0":"post-11595","1":"product","2":"type-product","3":"status-publish","4":"has-post-thumbnail","6":"product_cat-atletico-madrid","7":"product_tag-atletico-madrid-auswaertstrikot","8":"product_tag-atletico-madrid-trikots","9":"product_tag-coole-fussballtrikots","10":"product_tag-fussballtrikot-fuer-herren","11":"product_tag-fussballtrikot-guenstig-kaufen","12":"product_tag-fussballtrikot-kurzarm","13":"product_tag-guenstiges-fussballtrikot","15":"first","16":"instock","17":"shipping-taxable","18":"purchasable","19":"product-type-variable"},"_links":{"self":[{"href":"https:\/\/www.billigtrikotde.com\/sk\/wp-json\/wp\/v2\/product\/11595","targetHints":{"allow":["GET"]}}],"collection":[{"href":"https:\/\/www.billigtrikotde.com\/sk\/wp-json\/wp\/v2\/product"}],"about":[{"href":"https:\/\/www.billigtrikotde.com\/sk\/wp-json\/wp\/v2\/types\/product"}],"replies":[{"embeddable":true,"href":"https:\/\/www.billigtrikotde.com\/sk\/wp-json\/wp\/v2\/comments?post=11595"}],"wp:featuredmedia":[{"embeddable":true,"href":"https:\/\/www.billigtrikotde.com\/sk\/wp-json\/wp\/v2\/media\/11634"}],"wp:attachment":[{"href":"https:\/\/www.billigtrikotde.com\/sk\/wp-json\/wp\/v2\/media?parent=11595"}],"wp:term":[{"taxonomy":"product_brand","embeddable":true,"href":"https:\/\/www.billigtrikotde.com\/sk\/wp-json\/wp\/v2\/product_brand?post=11595"},{"taxonomy":"product_cat","embeddable":true,"href":"https:\/\/www.billigtrikotde.com\/sk\/wp-json\/wp\/v2\/product_cat?post=11595"},{"taxonomy":"product_tag","embeddable":true,"href":"https:\/\/www.billigtrikotde.com\/sk\/wp-json\/wp\/v2\/product_tag?post=11595"}],"curies":[{"name":"wp","href":"https:\/\/api.w.org\/{rel}","templated":true}]}}