{"id":11576,"date":"2024-10-24T04:22:05","date_gmt":"2024-10-24T02:22:05","guid":{"rendered":"http:\/\/billigtrikots.com\/?post_type=product&#038;p=11576"},"modified":"2024-10-24T04:24:20","modified_gmt":"2024-10-24T02:24:20","slug":"bale-9-herren-fussballtrikot-tottenham-hotspur-2022-23-stadium-ausweichtrikot","status":"publish","type":"product","link":"https:\/\/www.billigtrikotde.com\/sk\/bale-9-herren-fussballtrikot-tottenham-hotspur-2022-23-stadium-ausweichtrikot\/","title":{"rendered":"BALE #9 P\u00e1nske futbalov\u00e9 tri\u010dko Tottenham Hotspur 2022-23 Stadium Away Shirt"},"content":{"rendered":"<p>Tret\u00ed dres Nike Spurs 2022-23 sa predstavuje v lesklom vzh\u013eade v tmavom tyrkysovej farbe s \u010diernymi a bielymi akcentmi a v\u00fdstu\u017eami.<\/p>\n<p>Nov\u00fd tret\u00ed dres Tottenham Hotspurs sa vyzna\u010duje abstraktn\u00fdm grafick\u00fdm potla\u010dom, ktor\u00fd pokr\u00fdva cel\u00fa predn\u00fa stranu a ruk\u00e1vy a pravdepodobne aj ve\u013ek\u00fa \u010das\u0165, ak nie cel\u00fa zadn\u00fa stranu. Log\u00e1 s\u00fa cel\u00e9 v bielej farbe, vr\u00e1tane jednofarebn\u00e9ho zobrazenia znaku Spurs.<\/p>\n<p>V ofici\u00e1lnom ozn\u00e1men\u00ed sa uv\u00e1dza, \u017ee grafika na prednej strane tretieho dresu Spurs 2022-2023 je in\u0161pirovan\u00e1 \u201eneust\u00e1le sa vyv\u00edjaj\u00facou DNA Tottenhamu a ob\u013e\u00fabenou radou Nike TN tenisky\u201c.<\/p>\n<p>Vzh\u013ead Nike Tottenham 22-23 dresu dop\u013a\u0148a \u010dierny okr\u00fahly v\u00fdstrih a man\u017eety na ruk\u00e1voch, ktor\u00e9 s\u00fa polovi\u010dne \u010dierne a polovi\u010dne tmav\u00fd tyrkys. Z h\u013eadiska \u0161abl\u00f3ny je tret\u00ed dres Nike Tottenham Hotspur F.C. 2022-2023 rovnak\u00fd model ako dres 22-23.<\/p>\n<p>Tipy na tla\u010d: Ak s\u00fa meno a \u010d\u00edslo na obr\u00e1zku presne tak\u00e9, ak\u00e9 chcete, nemus\u00edte ich zad\u00e1va\u0165 znova. Ak nie, mali by ste zada\u0165 po\u017eadovan\u00e9 meno a \u010d\u00edslo.<\/p>\n<p>Tipy na pranie: Odpor\u00fa\u010dame pra\u0165 futbalov\u00e9 tri\u010dk\u00e1 v ruke. Ak chcete pou\u017ei\u0165 pr\u00e1\u010dku, nezabudnite futbalov\u00e9 tri\u010dk\u00e1 oto\u010di\u0165 naruby a potom ich vypra\u0165. Napl\u0148te pr\u00e1\u010dku studenou vodou a pou\u017eite jemn\u00fd cyklus, aby ste lep\u0161ie ochr\u00e1nili farby.<\/p>","protected":false},"excerpt":{"rendered":"<p>Tret\u00ed dres Nike Spurs 2022-23 sa predstavuje v lesklom vzh\u013eade tmavozelenej tyrkysovej farby s \u010diernymi a bielymi akcentmi a vyobrazeniami. Nov\u00fd tret\u00ed dres Tottenham Hotspurs sa vyzna\u010duje abstruktn\u00fdm grafick\u00fdm potla\u010dom, ktor\u00fd pokr\u00fdva cel\u00e9 predn\u00e9 paneli a ruk\u00e1vy a pravdepodobne aj ve\u013ek\u00fa \u010das\u0165, ak nie dokonca cel\u00fa [\u2026]<\/p>","protected":false},"featured_media":11614,"comment_status":"open","ping_status":"closed","template":"","meta":[],"product_brand":[],"product_cat":[178],"product_tag":[20,21,22,23,24,335,438,437,104],"class_list":{"0":"post-11576","1":"product","2":"type-product","3":"status-publish","4":"has-post-thumbnail","6":"product_cat-tottenham-hotspur","7":"product_tag-coole-fussballtrikots","8":"product_tag-fussballtrikot-fuer-herren","9":"product_tag-fussballtrikot-guenstig-kaufen","10":"product_tag-fussballtrikot-kurzarm","11":"product_tag-guenstiges-fussballtrikot","12":"product_tag-shop-tottenham-hotspur-trikot","13":"product_tag-tottenham-hotspur-22-23-third-kit","14":"product_tag-tottenham-hotspur-ausweichtrikot","15":"product_tag-tottenham-hotspur-trikots","17":"first","18":"instock","19":"shipping-taxable","20":"purchasable","21":"product-type-variable"},"_links":{"self":[{"href":"https:\/\/www.billigtrikotde.com\/sk\/wp-json\/wp\/v2\/product\/11576","targetHints":{"allow":["GET"]}}],"collection":[{"href":"https:\/\/www.billigtrikotde.com\/sk\/wp-json\/wp\/v2\/product"}],"about":[{"href":"https:\/\/www.billigtrikotde.com\/sk\/wp-json\/wp\/v2\/types\/product"}],"replies":[{"embeddable":true,"href":"https:\/\/www.billigtrikotde.com\/sk\/wp-json\/wp\/v2\/comments?post=11576"}],"wp:featuredmedia":[{"embeddable":true,"href":"https:\/\/www.billigtrikotde.com\/sk\/wp-json\/wp\/v2\/media\/11614"}],"wp:attachment":[{"href":"https:\/\/www.billigtrikotde.com\/sk\/wp-json\/wp\/v2\/media?parent=11576"}],"wp:term":[{"taxonomy":"product_brand","embeddable":true,"href":"https:\/\/www.billigtrikotde.com\/sk\/wp-json\/wp\/v2\/product_brand?post=11576"},{"taxonomy":"product_cat","embeddable":true,"href":"https:\/\/www.billigtrikotde.com\/sk\/wp-json\/wp\/v2\/product_cat?post=11576"},{"taxonomy":"product_tag","embeddable":true,"href":"https:\/\/www.billigtrikotde.com\/sk\/wp-json\/wp\/v2\/product_tag?post=11576"}],"curies":[{"name":"wp","href":"https:\/\/api.w.org\/{rel}","templated":true}]}}