{"id":11255,"date":"2024-10-24T04:03:19","date_gmt":"2024-10-24T02:03:19","guid":{"rendered":"http:\/\/billigtrikots.com\/?post_type=product&#038;p=11255"},"modified":"2024-10-24T04:05:47","modified_gmt":"2024-10-24T02:05:47","slug":"herren-brasilien-wm-2022-auswaertstrikot-blaue-fussballtrikots-set-pele-10","status":"publish","type":"product","link":"https:\/\/www.billigtrikotde.com\/sk\/herren-brasilien-wm-2022-auswaertstrikot-blaue-fussballtrikots-set-pele-10\/","title":{"rendered":"P\u00e1nska s\u00faprava na Majstrovstv\u00e1 sveta vo futbale v Braz\u00edlii 2022 modr\u00e1 futbalov\u00e1 s\u00faprava PELE 10"},"content":{"rendered":"<p>Nike Braz\u00edlske dresy na svetov\u00fd poh\u00e1r 2022 vonkaj\u0161\u00ed dres kombinuje modr\u00fa z\u00e1kladn\u00fa farbu s svetlozelen\u00fdm Swooshom. Ofici\u00e1lne farby s\u00fa \u201eParamount Blue\/Dynamic Yellow\/Green Spark\u201c. Biele nohavice a modr\u00e9 stutzy dop\u013a\u0148aj\u00fa Braz\u00edlske dresy na svetov\u00fd poh\u00e1r 2022 vonkaj\u0161\u00ed dres.<\/p>\n<p>Tipy na tla\u010d: Ak s\u00fa meno a \u010d\u00edslo na obr\u00e1zku presne tak\u00e9, ak\u00e9 chcete, nemus\u00edte ich zad\u00e1va\u0165 znova. Ak nie, mali by ste zada\u0165 po\u017eadovan\u00e9 meno a \u010d\u00edslo.<\/p>\n<p>Tipy na pranie: Odpor\u00fa\u010dame pra\u0165 futbalov\u00e9 tri\u010dk\u00e1 v ruke. Ak chcete pou\u017ei\u0165 pr\u00e1\u010dku, nezabudnite futbalov\u00e9 tri\u010dk\u00e1 oto\u010di\u0165 naruby a potom ich vypra\u0165. Napl\u0148te pr\u00e1\u010dku studenou vodou a pou\u017eite jemn\u00fd cyklus, aby ste lep\u0161ie ochr\u00e1nili farby.<\/p>","protected":false},"excerpt":{"rendered":"<p>Nike Braz\u00edlia 2022 World Cup vonkaj\u0161ie\/trikot kombinuje modr\u00fa z\u00e1kladn\u00fa farbu s jasne zelen\u00fdm Swooshom. Ofici\u00e1lne farby s\u00fa \u201eParamount Blue\/Dynamic Yellow\/Green Spark\u201c. Biele nohavice a modr\u00e9 pono\u017eky dop\u013a\u0148aj\u00fa Braz\u00edlia 2022 World Cup vonkaj\u0161ie\/trikot. Tipy na tla\u010d: Ak meno a \u010d\u00edslo na obr\u00e1zku presne vyhovuj\u00fa va\u0161im po\u017eiadavk\u00e1m, nemus\u00edte ich zad\u00e1va\u0165 znova. [\u2026]<\/p>","protected":false},"featured_media":11296,"comment_status":"open","ping_status":"closed","template":"","meta":[],"product_brand":[],"product_cat":[112],"product_tag":[20,429,210,114,222,21,22,23,24],"class_list":{"0":"post-11255","1":"product","2":"type-product","3":"status-publish","4":"has-post-thumbnail","6":"product_cat-brasilien-trikots","7":"product_tag-coole-fussballtrikots","8":"product_tag-brasilien-2022-world-cup-auswaertstrikot","9":"product_tag-brasilien-auswaertstrikot","10":"product_tag-brasilien-trikots","11":"product_tag-fussball-wm-2022-trikots","12":"product_tag-fussballtrikot-fuer-herren","13":"product_tag-fussballtrikot-guenstig-kaufen","14":"product_tag-fussballtrikot-kurzarm","15":"product_tag-guenstiges-fussballtrikot","17":"first","18":"instock","19":"shipping-taxable","20":"purchasable","21":"product-type-variable"},"_links":{"self":[{"href":"https:\/\/www.billigtrikotde.com\/sk\/wp-json\/wp\/v2\/product\/11255","targetHints":{"allow":["GET"]}}],"collection":[{"href":"https:\/\/www.billigtrikotde.com\/sk\/wp-json\/wp\/v2\/product"}],"about":[{"href":"https:\/\/www.billigtrikotde.com\/sk\/wp-json\/wp\/v2\/types\/product"}],"replies":[{"embeddable":true,"href":"https:\/\/www.billigtrikotde.com\/sk\/wp-json\/wp\/v2\/comments?post=11255"}],"wp:featuredmedia":[{"embeddable":true,"href":"https:\/\/www.billigtrikotde.com\/sk\/wp-json\/wp\/v2\/media\/11296"}],"wp:attachment":[{"href":"https:\/\/www.billigtrikotde.com\/sk\/wp-json\/wp\/v2\/media?parent=11255"}],"wp:term":[{"taxonomy":"product_brand","embeddable":true,"href":"https:\/\/www.billigtrikotde.com\/sk\/wp-json\/wp\/v2\/product_brand?post=11255"},{"taxonomy":"product_cat","embeddable":true,"href":"https:\/\/www.billigtrikotde.com\/sk\/wp-json\/wp\/v2\/product_cat?post=11255"},{"taxonomy":"product_tag","embeddable":true,"href":"https:\/\/www.billigtrikotde.com\/sk\/wp-json\/wp\/v2\/product_tag?post=11255"}],"curies":[{"name":"wp","href":"https:\/\/api.w.org\/{rel}","templated":true}]}}