{"id":11108,"date":"2024-10-24T03:54:30","date_gmt":"2024-10-24T01:54:30","guid":{"rendered":"http:\/\/billigtrikots.com\/?post_type=product&#038;p=11108"},"modified":"2024-10-24T03:57:05","modified_gmt":"2024-10-24T01:57:05","slug":"neuen-herren-paris-saint-germain-psg-2022-23-heimtrikot-blau-mit-aufdruck-florenzi-24","status":"publish","type":"product","link":"https:\/\/www.billigtrikotde.com\/sk\/neuen-herren-paris-saint-germain-psg-2022-23-heimtrikot-blau-mit-aufdruck-florenzi-24\/","title":{"rendered":"Nov\u00fd p\u00e1nsky dres Paris Saint Germain PSG 2022-23 Home Jersey modr\u00fd s potla\u010dou FLORENZi 24"},"content":{"rendered":"<p>Po jednofarebnom drese z roku 21-22 je dres Nike PSG 2022-23 modr\u00fd s bielym stredov\u00fdm p\u00e1som, ktor\u00fd je obklopen\u00fd ten\u0161\u00edmi \u010derven\u00fdmi pruhmi \u2013 obr\u00e1ten\u00fd Hechter, ak tak m\u00f4\u017eeme poveda\u0165. Zadn\u00e1 strana je jednofarebne modr\u00e1. Log\u00e1 na drese Paris Saint-Germain 22-23 s\u00fa umiestnen\u00e9 v strede, pri\u010dom Swoosh je vidite\u013en\u00fd pod klubovou erbou. \u0160abl\u00f3na pre dres Nike PSG 2022-23 sa zd\u00e1 by\u0165 rovnak\u00e1 ako pre dres Tottenhamu.<\/p>\n<p>Tipy na tla\u010d: Ak s\u00fa meno a \u010d\u00edslo na obr\u00e1zku presne tak\u00e9, ak\u00e9 chcete, nemus\u00edte ich zad\u00e1va\u0165 znova. Ak nie, mali by ste zada\u0165 po\u017eadovan\u00e9 meno a \u010d\u00edslo.<\/p>\n<p>Tipy na pranie: Odpor\u00fa\u010dame pra\u0165 futbalov\u00e9 tri\u010dk\u00e1 v ruke. Ak chcete pou\u017ei\u0165 pr\u00e1\u010dku, nezabudnite futbalov\u00e9 tri\u010dk\u00e1 oto\u010di\u0165 naruby a potom ich vypra\u0165. Napl\u0148te pr\u00e1\u010dku studenou vodou a pou\u017eite jemn\u00fd cyklus, aby ste lep\u0161ie ochr\u00e1nili farby.<\/p>","protected":false},"excerpt":{"rendered":"<p>Nach dem einfarbigen Trikot von 21-22 ist das Nike PSG Trikot 2022-23 blau mit einem wei\u00dfen Mittelstreifen, der von d\u00fcnneren roten Streifen umgeben ist \u2013 ein umgekehrter Hechter, wenn du so willst. Die R\u00fcckseite ist einfarbig blau.Die Logos auf dem Paris Saint-Germain 22-23 Trikot sind mittig platziert, wobei der Swoosh unter dem Vereinswappen zu sehen [&hellip;]<\/p>","protected":false},"featured_media":11149,"comment_status":"open","ping_status":"closed","template":"","meta":[],"product_brand":[],"product_cat":[39],"product_tag":[286,20,395,43,21,22,426,24,41,244,290],"class_list":{"0":"post-11108","1":"product","2":"type-product","3":"status-publish","4":"has-post-thumbnail","6":"product_cat-paris-saint-germain","7":"product_tag-alle-neuen-psg-trikots","8":"product_tag-coole-fussballtrikots","9":"product_tag-fussball-langarmtrikots","10":"product_tag-fussballkleidung","11":"product_tag-fussballtrikot-fuer-herren","12":"product_tag-fussballtrikot-guenstig-kaufen","13":"product_tag-fussballtrikots-kurzarm","14":"product_tag-guenstiges-fussballtrikot","15":"product_tag-paris-saint-germain-trikots","16":"product_tag-psg-trikot-2022-23","17":"product_tag-psg-trikot-2022-23-fussballtrikots","19":"first","20":"instock","21":"shipping-taxable","22":"purchasable","23":"product-type-variable"},"_links":{"self":[{"href":"https:\/\/www.billigtrikotde.com\/sk\/wp-json\/wp\/v2\/product\/11108","targetHints":{"allow":["GET"]}}],"collection":[{"href":"https:\/\/www.billigtrikotde.com\/sk\/wp-json\/wp\/v2\/product"}],"about":[{"href":"https:\/\/www.billigtrikotde.com\/sk\/wp-json\/wp\/v2\/types\/product"}],"replies":[{"embeddable":true,"href":"https:\/\/www.billigtrikotde.com\/sk\/wp-json\/wp\/v2\/comments?post=11108"}],"wp:featuredmedia":[{"embeddable":true,"href":"https:\/\/www.billigtrikotde.com\/sk\/wp-json\/wp\/v2\/media\/11149"}],"wp:attachment":[{"href":"https:\/\/www.billigtrikotde.com\/sk\/wp-json\/wp\/v2\/media?parent=11108"}],"wp:term":[{"taxonomy":"product_brand","embeddable":true,"href":"https:\/\/www.billigtrikotde.com\/sk\/wp-json\/wp\/v2\/product_brand?post=11108"},{"taxonomy":"product_cat","embeddable":true,"href":"https:\/\/www.billigtrikotde.com\/sk\/wp-json\/wp\/v2\/product_cat?post=11108"},{"taxonomy":"product_tag","embeddable":true,"href":"https:\/\/www.billigtrikotde.com\/sk\/wp-json\/wp\/v2\/product_tag?post=11108"}],"curies":[{"name":"wp","href":"https:\/\/api.w.org\/{rel}","templated":true}]}}