{"id":10867,"date":"2024-10-24T03:40:49","date_gmt":"2024-10-24T01:40:49","guid":{"rendered":"http:\/\/billigtrikots.com\/?post_type=product&#038;p=10867"},"modified":"2024-10-24T03:43:31","modified_gmt":"2024-10-24T01:43:31","slug":"herren-argentinien-fussball-wm-2022-world-cup-heimtrikots-mit-aufdruck-rulli-12","status":"publish","type":"product","link":"https:\/\/www.billigtrikotde.com\/sk\/herren-argentinien-fussball-wm-2022-world-cup-heimtrikots-mit-aufdruck-rulli-12\/","title":{"rendered":"Dom\u00e1ce dresy Argent\u00edna 2022 s potla\u010dou RULLI 12"},"content":{"rendered":"<p>Nov\u00fd dres Argent\u00edny na rok 2022 je preva\u017ene biely s \u010diernymi logami - vr\u00e1tane \u00faplne nov\u00e9ho loga Adidas, ktor\u00e9 m\u00e1 na dresoch pre MS 2022 svoju futbalov\u00fa premi\u00e9ru.Pruhy na novom drese Argent\u00edny na MS 2022 s\u00fa klasick\u00e9, ale len na prednej strane. Pruhy na zadnej strane s\u00fa naozaj nezvy\u010dajn\u00e9: namiesto toho, aby boli rovnako \u0161irok\u00e9, s\u00fa v strede dresu dva ten\u0161ie nebesky modr\u00e9 pruhy a dva \u0161ir\u0161ie na vonkaj\u0161\u00edch stran\u00e1ch dresu. Tieto \u0161ir\u0161ie pruhy s\u00fa pribli\u017ene trikr\u00e1t \u0161ir\u0161ie ako pruhy v strede a s\u00fa navrhnut\u00e9 tak, aby vyzerali ako argent\u00ednska vlajka. Na z\u00e1klade vlajky sa na zadnej strane pod golierom nach\u00e1dza aj argent\u00ednsky \u0161t\u00e1tny znak Sol de Mayo.<\/p>\n<p>Tipy na tla\u010d: Ak s\u00fa meno a \u010d\u00edslo na obr\u00e1zku presne tak\u00e9, ak\u00e9 chcete, nemus\u00edte ich zad\u00e1va\u0165 znova. Ak nie, mali by ste zada\u0165 po\u017eadovan\u00e9 meno a \u010d\u00edslo.<\/p>\n<p>Tipy na pranie: Odpor\u00fa\u010dame pra\u0165 futbalov\u00e9 tri\u010dk\u00e1 v ruke. Ak chcete pou\u017ei\u0165 pr\u00e1\u010dku, nezabudnite futbalov\u00e9 tri\u010dk\u00e1 oto\u010di\u0165 naruby a potom ich vypra\u0165. Napl\u0148te pr\u00e1\u010dku studenou vodou a pou\u017eite jemn\u00fd cyklus, aby ste lep\u0161ie ochr\u00e1nili farby.<\/p>","protected":false},"excerpt":{"rendered":"<p>Argentiniens neues Trikot f\u00fcr 2022 ist \u00fcberwiegend wei\u00df mit schwarzen Logos \u2013 darunter das brandneue Adidas-Logo, das mit den WM-Trikots 2022 sein Fu\u00dfballdeb\u00fct feiert.Die Streifen auf dem neuen Argentinien 2022 World Cup Trikot sind klassisch, aber nur auf der Vorderseite. Die Streifen auf der R\u00fcckseite sind wirklich ungew\u00f6hnlich: Anstatt gleich breit zu sein, gibt es [&hellip;]<\/p>","protected":false},"featured_media":10904,"comment_status":"open","ping_status":"closed","template":"","meta":[],"product_brand":[],"product_cat":[325],"product_tag":[356,421,422,20,21,22,23,24,423,424,425],"class_list":{"0":"post-10867","1":"product","2":"type-product","3":"status-publish","4":"has-post-thumbnail","6":"product_cat-argentinien-trikots","7":"product_tag-argentinien-trikots","8":"product_tag-argentinien-wm-2022-heimtrikots","9":"product_tag-argentiniens-neues-trikot-fuer-2022","10":"product_tag-coole-fussballtrikots","11":"product_tag-fussballtrikot-fuer-herren","12":"product_tag-fussballtrikot-guenstig-kaufen","13":"product_tag-fussballtrikot-kurzarm","14":"product_tag-guenstiges-fussballtrikot","15":"product_tag-heimtrikots-fuer-die-wm-2022","16":"product_tag-neue-argentinien-trikot","17":"product_tag-neuen-argentinien-wm-2022-trikot","19":"first","20":"instock","21":"shipping-taxable","22":"purchasable","23":"product-type-variable"},"_links":{"self":[{"href":"https:\/\/www.billigtrikotde.com\/sk\/wp-json\/wp\/v2\/product\/10867","targetHints":{"allow":["GET"]}}],"collection":[{"href":"https:\/\/www.billigtrikotde.com\/sk\/wp-json\/wp\/v2\/product"}],"about":[{"href":"https:\/\/www.billigtrikotde.com\/sk\/wp-json\/wp\/v2\/types\/product"}],"replies":[{"embeddable":true,"href":"https:\/\/www.billigtrikotde.com\/sk\/wp-json\/wp\/v2\/comments?post=10867"}],"wp:featuredmedia":[{"embeddable":true,"href":"https:\/\/www.billigtrikotde.com\/sk\/wp-json\/wp\/v2\/media\/10904"}],"wp:attachment":[{"href":"https:\/\/www.billigtrikotde.com\/sk\/wp-json\/wp\/v2\/media?parent=10867"}],"wp:term":[{"taxonomy":"product_brand","embeddable":true,"href":"https:\/\/www.billigtrikotde.com\/sk\/wp-json\/wp\/v2\/product_brand?post=10867"},{"taxonomy":"product_cat","embeddable":true,"href":"https:\/\/www.billigtrikotde.com\/sk\/wp-json\/wp\/v2\/product_cat?post=10867"},{"taxonomy":"product_tag","embeddable":true,"href":"https:\/\/www.billigtrikotde.com\/sk\/wp-json\/wp\/v2\/product_tag?post=10867"}],"curies":[{"name":"wp","href":"https:\/\/api.w.org\/{rel}","templated":true}]}}