{"id":1075,"date":"2024-10-23T13:15:21","date_gmt":"2024-10-23T11:15:21","guid":{"rendered":"http:\/\/billigtrikots.com\/?post_type=product&#038;p=1075"},"modified":"2024-10-23T13:16:54","modified_gmt":"2024-10-23T11:16:54","slug":"herren-auswaertstrikot-manchester-united-2022-weiss-mit-aufdruck-ronaldo-7","status":"publish","type":"product","link":"https:\/\/www.billigtrikotde.com\/sk\/herren-auswaertstrikot-manchester-united-2022-weiss-mit-aufdruck-ronaldo-7\/","title":{"rendered":"P\u00e1nska s\u00faprava Manchester United 2022 biela s potla\u010dou Ronalda 7"},"content":{"rendered":"<p>P\u00edsmeno \"M\" ozna\u010duj\u00face domovsk\u00e9 mesto klubu sa \u010dasto objavuje na legend\u00e1rnych s\u00faprav\u00e1ch Manchestru United. Tento futbalov\u00fd dres a-didas op\u00e4\u0165 preber\u00e1 toto p\u00edsmeno a prich\u00e1dza s modern\u00fdm, abstraktn\u00fdm dizajnom, ktor\u00fd pripom\u00edna klasick\u00fd dres zo za\u010diatku 90. rokov. M\u00e4kk\u00fd dvojito pleten\u00fd materi\u00e1l a technol\u00f3gia AEROREADY pohlcuj\u00faca vlhkos\u0165 zaru\u010duj\u00fa pr\u00edjemn\u00fd pocit sucha. Tkan\u00e9 klubov\u00e9 logo tie\u017e ukazuje, \u017ee ste prav\u00fdm fan\u00fa\u0161ikom Manchestru United.<\/p>\n<p>Tipy na tla\u010d: Ak s\u00fa meno a \u010d\u00edslo na obr\u00e1zku presne tak\u00e9, ak\u00e9 chcete, nemus\u00edte ich zad\u00e1va\u0165 znova. Ak nie, mali by ste zada\u0165 po\u017eadovan\u00e9 meno a \u010d\u00edslo.<\/p>\n<p>Tipy na pranie: Odpor\u00fa\u010dame pra\u0165 futbalov\u00e9 tri\u010dk\u00e1 v ruke. Ak chcete pou\u017ei\u0165 pr\u00e1\u010dku, nezabudnite futbalov\u00e9 tri\u010dk\u00e1 oto\u010di\u0165 naruby a potom ich vypra\u0165. Napl\u0148te pr\u00e1\u010dku studenou vodou a pou\u017eite jemn\u00fd cyklus, aby ste lep\u0161ie ochr\u00e1nili farby.<\/p>","protected":false},"excerpt":{"rendered":"<p>Der Buchstabe \u201eM\u201c f\u00fcr die Heimatstadt des Vereins hat schon oft seinen Weg auf die legend\u00e4ren Ausr\u00fcstungen von Manchester United gefunden. Dieses a-didas Fu\u00dfballtrikot greift den Buchstaben wieder auf und kommt mit einem modernen, abstrakten Design, das an ein klassisches Trikot aus den fr\u00fchen 90ern erinnert. Das weiche Doppelstrickmaterial und die feuchtigkeitsabsorbierende AEROREADY Technologie garantieren [&hellip;]<\/p>","protected":false},"featured_media":1110,"comment_status":"open","ping_status":"closed","template":"","meta":[],"product_brand":[],"product_cat":[50],"product_tag":[20,43,21,22,23,24,51,52],"class_list":{"0":"post-1075","1":"product","2":"type-product","3":"status-publish","4":"has-post-thumbnail","6":"product_cat-manchester-united","7":"product_tag-coole-fussballtrikots","8":"product_tag-fussballkleidung","9":"product_tag-fussballtrikot-fuer-herren","10":"product_tag-fussballtrikot-guenstig-kaufen","11":"product_tag-fussballtrikot-kurzarm","12":"product_tag-guenstiges-fussballtrikot","13":"product_tag-manchester-united-auswaertstrikot","14":"product_tag-manchester-united-trikots","16":"first","17":"instock","18":"shipping-taxable","19":"purchasable","20":"product-type-variable"},"_links":{"self":[{"href":"https:\/\/www.billigtrikotde.com\/sk\/wp-json\/wp\/v2\/product\/1075","targetHints":{"allow":["GET"]}}],"collection":[{"href":"https:\/\/www.billigtrikotde.com\/sk\/wp-json\/wp\/v2\/product"}],"about":[{"href":"https:\/\/www.billigtrikotde.com\/sk\/wp-json\/wp\/v2\/types\/product"}],"replies":[{"embeddable":true,"href":"https:\/\/www.billigtrikotde.com\/sk\/wp-json\/wp\/v2\/comments?post=1075"}],"wp:featuredmedia":[{"embeddable":true,"href":"https:\/\/www.billigtrikotde.com\/sk\/wp-json\/wp\/v2\/media\/1110"}],"wp:attachment":[{"href":"https:\/\/www.billigtrikotde.com\/sk\/wp-json\/wp\/v2\/media?parent=1075"}],"wp:term":[{"taxonomy":"product_brand","embeddable":true,"href":"https:\/\/www.billigtrikotde.com\/sk\/wp-json\/wp\/v2\/product_brand?post=1075"},{"taxonomy":"product_cat","embeddable":true,"href":"https:\/\/www.billigtrikotde.com\/sk\/wp-json\/wp\/v2\/product_cat?post=1075"},{"taxonomy":"product_tag","embeddable":true,"href":"https:\/\/www.billigtrikotde.com\/sk\/wp-json\/wp\/v2\/product_tag?post=1075"}],"curies":[{"name":"wp","href":"https:\/\/api.w.org\/{rel}","templated":true}]}}