{"id":10691,"date":"2024-10-24T03:31:34","date_gmt":"2024-10-24T01:31:34","guid":{"rendered":"http:\/\/billigtrikots.com\/?post_type=product&#038;p=10691"},"modified":"2024-10-24T03:33:52","modified_gmt":"2024-10-24T01:33:52","slug":"neuen-polen-wm-2022-auswaertstrikot-rot-fuer-herren-kurzarm-online-bestellen","status":"publish","type":"product","link":"https:\/\/www.billigtrikotde.com\/sk\/neuen-polen-wm-2022-auswaertstrikot-rot-fuer-herren-kurzarm-online-bestellen\/","title":{"rendered":"Nov\u00fd po\u013esk\u00fd MS 2022 vonkaj\u0161\u00ed dres \u010derven\u00fd pre mu\u017eov kr\u00e1tky ruk\u00e1v online objedna\u0165"},"content":{"rendered":"<p>Nike Polen 2022 vonka\u0161n\u00e9 dresy s\u00fa preva\u017ene \u010derven\u00e9 a maj\u00fa biely golier a biele ruk\u00e1vy, ktor\u00e9 obe maj\u00fa s \u010dervenou l\u00edniou uprostred. Dresy Nike pre futbalov\u00fd svetov\u00fd \u0161ampion\u00e1t 2022 v Po\u013esku boli predstaven\u00e9 vo \u0161tvrtok 15. septembra 2022.<\/p>\n<p>Tipy na tla\u010d: Ak s\u00fa meno a \u010d\u00edslo na obr\u00e1zku presne tak\u00e9, ak\u00e9 chcete, nemus\u00edte ich zad\u00e1va\u0165 znova. Ak nie, mali by ste zada\u0165 po\u017eadovan\u00e9 meno a \u010d\u00edslo.<\/p>\n<p>Tipy na pranie: Odpor\u00fa\u010dame pra\u0165 futbalov\u00e9 tri\u010dk\u00e1 v ruke. Ak chcete pou\u017ei\u0165 pr\u00e1\u010dku, nezabudnite futbalov\u00e9 tri\u010dk\u00e1 oto\u010di\u0165 naruby a potom ich vypra\u0165. Napl\u0148te pr\u00e1\u010dku studenou vodou a pou\u017eite jemn\u00fd cyklus, aby ste lep\u0161ie ochr\u00e1nili farby.<\/p>","protected":false},"excerpt":{"rendered":"<p>Dres Nike Polen 2022 vonkaj\u0161\u00ed je preva\u017ene \u010derven\u00fd a m\u00e1 biely golier a biele man\u017eety ruk\u00e1vov, ktor\u00e9 s\u00fa obe ozdoben\u00e9 \u010dervenou \u010diarou uprostred. Dresy Nike na Majstrovstv\u00e1 sveta vo futbale 2022 v Po\u013esku boli predstaven\u00e9 vo \u0161tvrtok 15. septembra 2022. Tipy na tla\u010d: Ak je na obr\u00e1zku meno a \u010d\u00edslo [...]<\/p>","protected":false},"featured_media":10732,"comment_status":"open","ping_status":"closed","template":"","meta":[],"product_brand":[],"product_cat":[415],"product_tag":[20,21,22,23,24,418,417],"class_list":{"0":"post-10691","1":"product","2":"type-product","3":"status-publish","4":"has-post-thumbnail","6":"product_cat-polen-trikots","7":"product_tag-coole-fussballtrikots","8":"product_tag-fussballtrikot-fuer-herren","9":"product_tag-fussballtrikot-guenstig-kaufen","10":"product_tag-fussballtrikot-kurzarm","11":"product_tag-guenstiges-fussballtrikot","12":"product_tag-polen-2022-auswaertstrikot","13":"product_tag-polen-wm-2022-trikot","15":"first","16":"instock","17":"shipping-taxable","18":"purchasable","19":"product-type-variable"},"_links":{"self":[{"href":"https:\/\/www.billigtrikotde.com\/sk\/wp-json\/wp\/v2\/product\/10691","targetHints":{"allow":["GET"]}}],"collection":[{"href":"https:\/\/www.billigtrikotde.com\/sk\/wp-json\/wp\/v2\/product"}],"about":[{"href":"https:\/\/www.billigtrikotde.com\/sk\/wp-json\/wp\/v2\/types\/product"}],"replies":[{"embeddable":true,"href":"https:\/\/www.billigtrikotde.com\/sk\/wp-json\/wp\/v2\/comments?post=10691"}],"wp:featuredmedia":[{"embeddable":true,"href":"https:\/\/www.billigtrikotde.com\/sk\/wp-json\/wp\/v2\/media\/10732"}],"wp:attachment":[{"href":"https:\/\/www.billigtrikotde.com\/sk\/wp-json\/wp\/v2\/media?parent=10691"}],"wp:term":[{"taxonomy":"product_brand","embeddable":true,"href":"https:\/\/www.billigtrikotde.com\/sk\/wp-json\/wp\/v2\/product_brand?post=10691"},{"taxonomy":"product_cat","embeddable":true,"href":"https:\/\/www.billigtrikotde.com\/sk\/wp-json\/wp\/v2\/product_cat?post=10691"},{"taxonomy":"product_tag","embeddable":true,"href":"https:\/\/www.billigtrikotde.com\/sk\/wp-json\/wp\/v2\/product_tag?post=10691"}],"curies":[{"name":"wp","href":"https:\/\/api.w.org\/{rel}","templated":true}]}}