{"id":10601,"date":"2024-10-24T03:26:53","date_gmt":"2024-10-24T01:26:53","guid":{"rendered":"http:\/\/billigtrikots.com\/?post_type=product&#038;p=10601"},"modified":"2024-10-24T03:29:01","modified_gmt":"2024-10-24T01:29:01","slug":"billige-frankreich-wm-2022-heimtrikot-marineblau-kurzarm-kurze-hosen-m-maignan-16","status":"publish","type":"product","link":"https:\/\/www.billigtrikotde.com\/sk\/billige-frankreich-wm-2022-heimtrikot-marineblau-kurzarm-kurze-hosen-m-maignan-16\/","title":{"rendered":"Lacn\u00e9 Franc\u00fazsko Majstrovstv\u00e1 sveta 2022 Dom\u00e1ce dres n\u00e1morn\u00edcka modr\u00e1 kr\u00e1tky ruk\u00e1v + \u0161ortky M.MAIGNAN 16"},"content":{"rendered":"<p>Nike navrhol na mieru \u0161peci\u00e1lny p\u00edsma pre dresy Franc\u00fazska 2022, ktor\u00e9 boli pou\u017eit\u00e9 na majstrovstv\u00e1ch sveta 2022. P\u00edsmo pre dres futbalov\u00fdch MS 2022 vo Franc\u00fazsku je pomerne klasick\u00e9. P\u00edsmen\u00e1 n\u00e1pisu s\u00fa ve\u013emi \u0161tandardn\u00e9, zatia\u013e \u010do \u010d\u00edslice maj\u00fa \u0161t\u00edhly \u0161t\u00fdl. Dres Nike Franc\u00fazsko 2022 na MS je prv\u00fd za 10 rokov, ktor\u00fd m\u00e1 zlat\u00e9 aplik\u00e1cie. Je preva\u017ene n\u00e1morn\u00edckej modrej farby s zlat\u00fdmi logami a pravdepodobne niektor\u00fdmi zlat\u00fdmi detailmi.<\/p>\n<p>Tipy na tla\u010d: Ak s\u00fa meno a \u010d\u00edslo na obr\u00e1zku presne tak\u00e9, ak\u00e9 chcete, nemus\u00edte ich zad\u00e1va\u0165 znova. Ak nie, mali by ste zada\u0165 po\u017eadovan\u00e9 meno a \u010d\u00edslo.<\/p>\n<p>Tipy na pranie: Odpor\u00fa\u010dame pra\u0165 futbalov\u00e9 tri\u010dk\u00e1 v ruke. Ak chcete pou\u017ei\u0165 pr\u00e1\u010dku, nezabudnite futbalov\u00e9 tri\u010dk\u00e1 oto\u010di\u0165 naruby a potom ich vypra\u0165. Napl\u0148te pr\u00e1\u010dku studenou vodou a pou\u017eite jemn\u00fd cyklus, aby ste lep\u0161ie ochr\u00e1nili farby.<\/p>","protected":false},"excerpt":{"rendered":"<p>Nike hat eine ma\u00dfgeschneiderte Schrift f\u00fcr die Trikots von Frankreich 2022 entworfen, die bei der Weltmeisterschaft 2022 verwendet werden.Die Schriftart f\u00fcr das Trikot der Fu\u00dfball-WM 2022 in Frankreich ist relativ klassisch. Die Buchstaben des Schriftzugs sind sehr standardm\u00e4\u00dfig, w\u00e4hrend die Zahlen einen schlanken Stil haben.Das Nike Frankreich 2022 WM-Trikot ist das erste seit 10 Jahren, [&hellip;]<\/p>","protected":false},"featured_media":10639,"comment_status":"open","ping_status":"closed","template":"","meta":[],"product_brand":[],"product_cat":[117],"product_tag":[20,398,121,413,414,119,389,21,22,23,24],"class_list":{"0":"post-10601","1":"product","2":"type-product","3":"status-publish","4":"has-post-thumbnail","6":"product_cat-frankreich-trikots","7":"product_tag-coole-fussballtrikots","8":"product_tag-frankreich-2022-weltmeisterschaft-trikot","9":"product_tag-frankreich-heimtrikot","10":"product_tag-frankreich-neue-trikots","11":"product_tag-frankreich-trikot-set","12":"product_tag-frankreich-trikots","13":"product_tag-fussball-wm-2022-trikot","14":"product_tag-fussballtrikot-fuer-herren","15":"product_tag-fussballtrikot-guenstig-kaufen","16":"product_tag-fussballtrikot-kurzarm","17":"product_tag-guenstiges-fussballtrikot","19":"first","20":"instock","21":"shipping-taxable","22":"purchasable","23":"product-type-variable"},"_links":{"self":[{"href":"https:\/\/www.billigtrikotde.com\/sk\/wp-json\/wp\/v2\/product\/10601","targetHints":{"allow":["GET"]}}],"collection":[{"href":"https:\/\/www.billigtrikotde.com\/sk\/wp-json\/wp\/v2\/product"}],"about":[{"href":"https:\/\/www.billigtrikotde.com\/sk\/wp-json\/wp\/v2\/types\/product"}],"replies":[{"embeddable":true,"href":"https:\/\/www.billigtrikotde.com\/sk\/wp-json\/wp\/v2\/comments?post=10601"}],"wp:featuredmedia":[{"embeddable":true,"href":"https:\/\/www.billigtrikotde.com\/sk\/wp-json\/wp\/v2\/media\/10639"}],"wp:attachment":[{"href":"https:\/\/www.billigtrikotde.com\/sk\/wp-json\/wp\/v2\/media?parent=10601"}],"wp:term":[{"taxonomy":"product_brand","embeddable":true,"href":"https:\/\/www.billigtrikotde.com\/sk\/wp-json\/wp\/v2\/product_brand?post=10601"},{"taxonomy":"product_cat","embeddable":true,"href":"https:\/\/www.billigtrikotde.com\/sk\/wp-json\/wp\/v2\/product_cat?post=10601"},{"taxonomy":"product_tag","embeddable":true,"href":"https:\/\/www.billigtrikotde.com\/sk\/wp-json\/wp\/v2\/product_tag?post=10601"}],"curies":[{"name":"wp","href":"https:\/\/api.w.org\/{rel}","templated":true}]}}