{"id":10489,"date":"2024-10-24T03:20:59","date_gmt":"2024-10-24T01:20:59","guid":{"rendered":"http:\/\/billigtrikots.com\/?post_type=product&#038;p=10489"},"modified":"2024-10-24T03:23:17","modified_gmt":"2024-10-24T01:23:17","slug":"herren-spanien-fifa-wm-katar-2022-heimtrikot-teampower-rot-kurzarm-trikotsatz-gaya-14","status":"publish","type":"product","link":"https:\/\/www.billigtrikotde.com\/sk\/herren-spanien-fifa-wm-katar-2022-heimtrikot-teampower-rot-kurzarm-trikotsatz-gaya-14\/","title":{"rendered":"\u0160panielsko Majstrovstv\u00e1 sveta vo futbale Katar 2022 Dom\u00e1ce tri\u010dko Team Power Red s kr\u00e1tkym ruk\u00e1vom GAYA 14"},"content":{"rendered":"<p>Jedna krajina, jeden t\u00edm, jeden spolo\u010dn\u00fd cie\u013e: \u010fal\u0161\u00ed titul. Tento nad\u010dasov\u00fd dom\u00e1ci dres je pln\u00fd nezamenite\u013enej futbalovej DNA \u0160panielska a je v typick\u00fdch \u010derven\u00fdch farb\u00e1ch t\u00edmu. Tkan\u00e9 logo \u0160panielskeho futbalov\u00e9ho zv\u00e4zu a logo s tromi pruhmi na hrudi dotv\u00e1raj\u00fa dizajn. Technol\u00f3gia AEROREADY pohlcuj\u00faca vlhkos\u0165 navy\u0161e zaru\u010duje pohodln\u00e9 nosenie, ke\u010f fan\u00fa\u0161ikovia fandia na najv\u00e4\u010d\u0161om futbalovom podujat\u00ed na svete.<br \/>\nRoz\u0161\u00edrte svoju zbierku \u0160panielska o dom\u00e1ci dres, ktor\u00fd nosili hr\u00e1\u010di na majstrovstv\u00e1ch sveta. Odpor\u00fa\u010dame tento model, ktor\u00fd odv\u00e1dza pot, je mimoriadne pohodln\u00fd a priedu\u0161n\u00fd a pr\u00edjemn\u00fd na dotyk. Tento dres je ide\u00e1lny na pr\u00edpravu na najbli\u017e\u0161ieho s\u00fapera. Vizu\u00e1lne vynik\u00e1 logom asoci\u00e1cie na hrudi.<\/p>\n<p>Tipy na tla\u010d: Ak s\u00fa meno a \u010d\u00edslo na obr\u00e1zku presne tak\u00e9, ak\u00e9 chcete, nemus\u00edte ich zad\u00e1va\u0165 znova. Ak nie, mali by ste zada\u0165 po\u017eadovan\u00e9 meno a \u010d\u00edslo.<\/p>\n<p>Tipy na pranie: Odpor\u00fa\u010dame pra\u0165 futbalov\u00e9 tri\u010dk\u00e1 v ruke. Ak chcete pou\u017ei\u0165 pr\u00e1\u010dku, nezabudnite futbalov\u00e9 tri\u010dk\u00e1 oto\u010di\u0165 naruby a potom ich vypra\u0165. Napl\u0148te pr\u00e1\u010dku studenou vodou a pou\u017eite jemn\u00fd cyklus, aby ste lep\u0161ie ochr\u00e1nili farby.<\/p>","protected":false},"excerpt":{"rendered":"<p>Jedna krajina, jeden t\u00edm, spolo\u010dn\u00fd cie\u013e: \u010fal\u0161\u00ed titul. Tento nad\u010dasov\u00fd dom\u00e1ci dres je pln\u00fd nezamenite\u013enej futbalovej DNA \u0160panielska a prich\u00e1dza v typick\u00fdch \u010derven\u00fdch farb\u00e1ch t\u00edmu. Vy\u0161\u00edvan\u00e9 logo \u0161panielskeho futbalov\u00e9ho zv\u00e4zu a logo 3 pruhov na hrudi robia dizajn dokonal\u00fdm. Okrem toho technol\u00f3gia AEROREADY na absorpciu vlhkosti zabezpe\u010duje pr\u00edjemn\u00fd pocit pri nosen\u00ed, ke\u010f [\u2026]<\/p>","protected":false},"featured_media":10529,"comment_status":"open","ping_status":"closed","template":"","meta":[],"product_brand":[],"product_cat":[131],"product_tag":[20,407,21,22,23,24,385,386],"class_list":{"0":"post-10489","1":"product","2":"type-product","3":"status-publish","4":"has-post-thumbnail","6":"product_cat-spanien-trikots","7":"product_tag-coole-fussballtrikots","8":"product_tag-fifa-wm-katar-2022-trikot","9":"product_tag-fussballtrikot-fuer-herren","10":"product_tag-fussballtrikot-guenstig-kaufen","11":"product_tag-fussballtrikot-kurzarm","12":"product_tag-guenstiges-fussballtrikot","13":"product_tag-herren-spanien-trikot","14":"product_tag-spanien-wm-2022-heimtrikot","16":"first","17":"instock","18":"shipping-taxable","19":"purchasable","20":"product-type-variable"},"_links":{"self":[{"href":"https:\/\/www.billigtrikotde.com\/sk\/wp-json\/wp\/v2\/product\/10489","targetHints":{"allow":["GET"]}}],"collection":[{"href":"https:\/\/www.billigtrikotde.com\/sk\/wp-json\/wp\/v2\/product"}],"about":[{"href":"https:\/\/www.billigtrikotde.com\/sk\/wp-json\/wp\/v2\/types\/product"}],"replies":[{"embeddable":true,"href":"https:\/\/www.billigtrikotde.com\/sk\/wp-json\/wp\/v2\/comments?post=10489"}],"wp:featuredmedia":[{"embeddable":true,"href":"https:\/\/www.billigtrikotde.com\/sk\/wp-json\/wp\/v2\/media\/10529"}],"wp:attachment":[{"href":"https:\/\/www.billigtrikotde.com\/sk\/wp-json\/wp\/v2\/media?parent=10489"}],"wp:term":[{"taxonomy":"product_brand","embeddable":true,"href":"https:\/\/www.billigtrikotde.com\/sk\/wp-json\/wp\/v2\/product_brand?post=10489"},{"taxonomy":"product_cat","embeddable":true,"href":"https:\/\/www.billigtrikotde.com\/sk\/wp-json\/wp\/v2\/product_cat?post=10489"},{"taxonomy":"product_tag","embeddable":true,"href":"https:\/\/www.billigtrikotde.com\/sk\/wp-json\/wp\/v2\/product_tag?post=10489"}],"curies":[{"name":"wp","href":"https:\/\/api.w.org\/{rel}","templated":true}]}}