{"id":10362,"date":"2024-10-24T03:14:29","date_gmt":"2024-10-24T01:14:29","guid":{"rendered":"http:\/\/billigtrikots.com\/?post_type=product&#038;p=10362"},"modified":"2024-10-24T03:17:10","modified_gmt":"2024-10-24T01:17:10","slug":"costa-22-herren-portugal-wm-2022-auswaertstrikot-kurzarm-kurze-hosen","status":"publish","type":"product","link":"https:\/\/www.billigtrikotde.com\/sk\/costa-22-herren-portugal-wm-2022-auswaertstrikot-kurzarm-kurze-hosen\/","title":{"rendered":"COSTA #22 P\u00e1nske Portugalsko Majstrovstv\u00e1 sveta 2022 Away Jersey kr\u00e1tky ruk\u00e1v + \u0161ortky"},"content":{"rendered":"<p>\u010cerstv\u00fd a z\u00e1rove\u0148 klasick\u00fd vzh\u013ead pre Slovensko: Dres Nike Slovensko 2022 vonkaj\u0161\u00ed kombinuje kr\u00e9movo biely z\u00e1kladn\u00fd vzor s n\u00e1morn\u00edckym modr\u00fdm Swooshom. Ofici\u00e1lne s\u00fa farby \u201eSail\/Obsidian\u201c, zatia\u013e \u010do \u201ePepper Red\u201c je tretia farba. Dizajn nov\u00e9ho dresu Nike Slovensko 2022 na majstrovstv\u00e1 sveta pozost\u00e1va z zeleno-\u010derven\u00e9ho farebn\u00e9ho bloku na hrudi. Dres Nike 22-23 je zalo\u017een\u00fd na rovnakej verzii ako dom\u00e1ce dresy Atletico a Liverpool. Zadn\u00fd golier a man\u017eety ruk\u00e1vov dresu Slovensko 2022 zodpovedaj\u00fa tmavomodrej farbe Swoosha. Zeleno-\u010derven\u00fd p\u00e1s pokra\u010duje aj na zadnej strane nov\u00e9ho dresu Slovensko, ktor\u00fd inak m\u00e1 tmavomodr\u00e9 pole na hornej hrane, pod ktor\u00fdm je umiestnen\u00fd na mieru vyroben\u00fd zlat\u00fd symbol.<\/p>\n<p>Tipy na tla\u010d: Ak s\u00fa meno a \u010d\u00edslo na obr\u00e1zku presne tak\u00e9, ak\u00e9 chcete, nemus\u00edte ich zad\u00e1va\u0165 znova. Ak nie, mali by ste zada\u0165 po\u017eadovan\u00e9 meno a \u010d\u00edslo.<\/p>\n<p>Tipy na pranie: Odpor\u00fa\u010dame pra\u0165 futbalov\u00e9 tri\u010dk\u00e1 v ruke. Ak chcete pou\u017ei\u0165 pr\u00e1\u010dku, nezabudnite futbalov\u00e9 tri\u010dk\u00e1 oto\u010di\u0165 naruby a potom ich vypra\u0165. Napl\u0148te pr\u00e1\u010dku studenou vodou a pou\u017eite jemn\u00fd cyklus, aby ste lep\u0161ie ochr\u00e1nili farby.<\/p>","protected":false},"excerpt":{"rendered":"<p>Ein frischer und doch klassischer Look f\u00fcr Portugal: Das Nike Portugal 2022 Ausw\u00e4rtstrikot kombiniert ein cremewei\u00dfes Grundmuster mit marineblauem Swoosh. Offiziell sind die Farben \u201eSail\/Obsidian\u201c, w\u00e4hrend \u201ePepper Red\u201c die dritte Farbe ist.Das Design des neuen Nike Portugal 2022 World Cup Ausw\u00e4rtstrikots besteht aus einem gr\u00fcn-roten Farbblock auf der Brust. Das Nike 22-23-Trikot basiert auf der [&hellip;]<\/p>","protected":false},"featured_media":10399,"comment_status":"open","ping_status":"closed","template":"","meta":[],"product_brand":[],"product_cat":[239],"product_tag":[20,222,21,23,24,347,374],"class_list":{"0":"post-10362","1":"product","2":"type-product","3":"status-publish","4":"has-post-thumbnail","6":"product_cat-portugal-trikots","7":"product_tag-coole-fussballtrikots","8":"product_tag-fussball-wm-2022-trikots","9":"product_tag-fussballtrikot-fuer-herren","10":"product_tag-fussballtrikot-kurzarm","11":"product_tag-guenstiges-fussballtrikot","12":"product_tag-portugal-trikots","13":"product_tag-portugal-wm-2022-auswaertstrikot","15":"first","16":"instock","17":"shipping-taxable","18":"purchasable","19":"product-type-variable"},"_links":{"self":[{"href":"https:\/\/www.billigtrikotde.com\/sk\/wp-json\/wp\/v2\/product\/10362","targetHints":{"allow":["GET"]}}],"collection":[{"href":"https:\/\/www.billigtrikotde.com\/sk\/wp-json\/wp\/v2\/product"}],"about":[{"href":"https:\/\/www.billigtrikotde.com\/sk\/wp-json\/wp\/v2\/types\/product"}],"replies":[{"embeddable":true,"href":"https:\/\/www.billigtrikotde.com\/sk\/wp-json\/wp\/v2\/comments?post=10362"}],"wp:featuredmedia":[{"embeddable":true,"href":"https:\/\/www.billigtrikotde.com\/sk\/wp-json\/wp\/v2\/media\/10399"}],"wp:attachment":[{"href":"https:\/\/www.billigtrikotde.com\/sk\/wp-json\/wp\/v2\/media?parent=10362"}],"wp:term":[{"taxonomy":"product_brand","embeddable":true,"href":"https:\/\/www.billigtrikotde.com\/sk\/wp-json\/wp\/v2\/product_brand?post=10362"},{"taxonomy":"product_cat","embeddable":true,"href":"https:\/\/www.billigtrikotde.com\/sk\/wp-json\/wp\/v2\/product_cat?post=10362"},{"taxonomy":"product_tag","embeddable":true,"href":"https:\/\/www.billigtrikotde.com\/sk\/wp-json\/wp\/v2\/product_tag?post=10362"}],"curies":[{"name":"wp","href":"https:\/\/api.w.org\/{rel}","templated":true}]}}