{"id":10157,"date":"2024-10-24T03:04:09","date_gmt":"2024-10-24T01:04:09","guid":{"rendered":"http:\/\/billigtrikots.com\/?post_type=product&#038;p=10157"},"modified":"2024-10-24T03:06:22","modified_gmt":"2024-10-24T01:06:22","slug":"e-hazard-10-belgien-fifa-wm-katar-2022-rot-schwarz-herren-heimtrikot-kurzarm","status":"publish","type":"product","link":"https:\/\/www.billigtrikotde.com\/sk\/e-hazard-10-belgien-fifa-wm-katar-2022-rot-schwarz-herren-heimtrikot-kurzarm\/","title":{"rendered":"E.HAZARD #10 Belgicko Majstrovstv\u00e1 sveta vo futbale Katar 2022 \u010derven\u00e9 \u010dierne p\u00e1nske dom\u00e1ce tri\u010dko s kr\u00e1tkym ruk\u00e1vom"},"content":{"rendered":"<p>Dres Adidas Belgium 2022 World Cup m\u00e1 \u010derven\u00fd trup s \u010diernymi ragl\u00e1nov\u00fdmi ruk\u00e1vmi. Na prv\u00fd poh\u013ead zaujme grafika plame\u0148a, ktor\u00e1 sa dv\u00edha na konci ruk\u00e1vov a p\u00f4sob\u00ed mierne digitalizovan\u00fdm dojmom. Pruhy Adidas na ramen\u00e1ch s\u00fa \u010derven\u00e9, rovnako ako nov\u00e9 logo, zatia\u013e \u010do odznak je leskl\u00fd zlat\u00fd a \u0161ortky a pono\u017eky dom\u00e1ceho dresu pre MS 2022 v Belgicku s\u00fa \u010dierne, pri\u010dom na nich je podobn\u00e1 potla\u010d plame\u0148a ako na ruk\u00e1voch dom\u00e1ceho dresu pre MS 2022 v Belgicku.<\/p>\n<p>Tipy na tla\u010d: Ak s\u00fa meno a \u010d\u00edslo na obr\u00e1zku presne tak\u00e9, ak\u00e9 chcete, nemus\u00edte ich zad\u00e1va\u0165 znova. Ak nie, mali by ste zada\u0165 po\u017eadovan\u00e9 meno a \u010d\u00edslo.<\/p>\n<p>Tipy na pranie: Odpor\u00fa\u010dame pra\u0165 futbalov\u00e9 tri\u010dk\u00e1 v ruke. Ak chcete pou\u017ei\u0165 pr\u00e1\u010dku, nezabudnite futbalov\u00e9 tri\u010dk\u00e1 oto\u010di\u0165 naruby a potom ich vypra\u0165. Napl\u0148te pr\u00e1\u010dku studenou vodou a pou\u017eite jemn\u00fd cyklus, aby ste lep\u0161ie ochr\u00e1nili farby.<\/p>","protected":false},"excerpt":{"rendered":"<p>Das Adidas Belgium 2022 World Cup Trikot hat einen roten Torso mit schwarzen Raglan\u00e4rmeln. Was sofort ins Auge sticht, ist die Flammengrafik, die am Ende der \u00c4rmel aufsteigt.Die Grafik hat einen leicht digitalisierten Effekt. Die Adidas-Streifen auf den Schultern sind rot, ebenso wie das neue Logo, w\u00e4hrend das Abzeichen goldgl\u00e4nzend ist.Die Hosen und die Stutzen [&hellip;]<\/p>","protected":false},"featured_media":10196,"comment_status":"open","ping_status":"closed","template":"","meta":[],"product_brand":[],"product_cat":[173],"product_tag":[382,120,20,407,21,22,23,24],"class_list":{"0":"post-10157","1":"product","2":"type-product","3":"status-publish","4":"has-post-thumbnail","6":"product_cat-belgien-trikots","7":"product_tag-belgien-heimtrikot","8":"product_tag-belgien-trikots","9":"product_tag-coole-fussballtrikots","10":"product_tag-fifa-wm-katar-2022-trikot","11":"product_tag-fussballtrikot-fuer-herren","12":"product_tag-fussballtrikot-guenstig-kaufen","13":"product_tag-fussballtrikot-kurzarm","14":"product_tag-guenstiges-fussballtrikot","16":"first","17":"instock","18":"shipping-taxable","19":"purchasable","20":"product-type-variable"},"_links":{"self":[{"href":"https:\/\/www.billigtrikotde.com\/sk\/wp-json\/wp\/v2\/product\/10157","targetHints":{"allow":["GET"]}}],"collection":[{"href":"https:\/\/www.billigtrikotde.com\/sk\/wp-json\/wp\/v2\/product"}],"about":[{"href":"https:\/\/www.billigtrikotde.com\/sk\/wp-json\/wp\/v2\/types\/product"}],"replies":[{"embeddable":true,"href":"https:\/\/www.billigtrikotde.com\/sk\/wp-json\/wp\/v2\/comments?post=10157"}],"wp:featuredmedia":[{"embeddable":true,"href":"https:\/\/www.billigtrikotde.com\/sk\/wp-json\/wp\/v2\/media\/10196"}],"wp:attachment":[{"href":"https:\/\/www.billigtrikotde.com\/sk\/wp-json\/wp\/v2\/media?parent=10157"}],"wp:term":[{"taxonomy":"product_brand","embeddable":true,"href":"https:\/\/www.billigtrikotde.com\/sk\/wp-json\/wp\/v2\/product_brand?post=10157"},{"taxonomy":"product_cat","embeddable":true,"href":"https:\/\/www.billigtrikotde.com\/sk\/wp-json\/wp\/v2\/product_cat?post=10157"},{"taxonomy":"product_tag","embeddable":true,"href":"https:\/\/www.billigtrikotde.com\/sk\/wp-json\/wp\/v2\/product_tag?post=10157"}],"curies":[{"name":"wp","href":"https:\/\/api.w.org\/{rel}","templated":true}]}}