{"id":10092,"date":"2024-10-24T03:00:39","date_gmt":"2024-10-24T01:00:39","guid":{"rendered":"http:\/\/billigtrikots.com\/?post_type=product&#038;p=10092"},"modified":"2024-10-24T03:03:24","modified_gmt":"2024-10-24T01:03:24","slug":"maradona-10-kinder-argentinien-wm-2022-auswaertstrikot-lila-kurzarm-kurze-hosen","status":"publish","type":"product","link":"https:\/\/www.billigtrikotde.com\/sk\/maradona-10-kinder-argentinien-wm-2022-auswaertstrikot-lila-kurzarm-kurze-hosen\/","title":{"rendered":"MARADONA #10 Detsk\u00fd dres Argentina World Cup 2022 Away Jersey Purple s kr\u00e1tkym ruk\u00e1vom + \u0161ortky"},"content":{"rendered":"<p>Dres Argent\u00edny na majstrovstv\u00e1ch sveta 2022 kombinuje dva r\u00f4zne odtiene fialovej farby so strieborn\u00fdmi detailmi, ako s\u00fa log\u00e1 Adidas a zdru\u017eenia. Ofici\u00e1lne farby s\u00fa \"Legacy Indigo\/Purple Rush\" a n\u00e1pis Sol de Argentina v svetlo striebornej farbe sa nach\u00e1dza na zadnej strane pod golierom, podobne ako na drese, zatia\u013e \u010do 3 pruhy na ramen\u00e1ch nov\u00e9ho dresu Argent\u00edna MS 2022 vonku s\u00fa v jemnej svetlo fialovej farbe. Na doplnenie vzh\u013eadu m\u00e1 dres Argent\u00edna World Cup 2022 away na prednej strane slab\u00fa grafiku - t\u00e1to grafika je tie\u017e in\u0161pirovan\u00e1 symbolom Sol de Mayo.<\/p>\n<p>Tipy na tla\u010d: Ak s\u00fa meno a \u010d\u00edslo na obr\u00e1zku presne tak\u00e9, ak\u00e9 chcete, nemus\u00edte ich zad\u00e1va\u0165 znova. Ak nie, mali by ste zada\u0165 po\u017eadovan\u00e9 meno a \u010d\u00edslo.<\/p>\n<p>Tipy na pranie: Odpor\u00fa\u010dame pra\u0165 futbalov\u00e9 tri\u010dk\u00e1 v ruke. Ak chcete pou\u017ei\u0165 pr\u00e1\u010dku, nezabudnite futbalov\u00e9 tri\u010dk\u00e1 oto\u010di\u0165 naruby a potom ich vypra\u0165. Napl\u0148te pr\u00e1\u010dku studenou vodou a pou\u017eite jemn\u00fd cyklus, aby ste lep\u0161ie ochr\u00e1nili farby.<\/p>","protected":false},"excerpt":{"rendered":"<p>Das Argentinien WM 2022 Ausw\u00e4rtstrikot kombiniert zwei verschiedene Lila-T\u00f6ne mit silbernen Details, wie dem Adidas- und dem Verbandslogo. Offiziell lauten die Farben \u201eLegacy Indigo\/Purple Rush\u201c.Das Sol de Argentina in hellem Silber befindet sich auf der R\u00fcckseite unter dem Kragen, \u00e4hnlich wie beim Trikot.Die 3 Streifen auf den Schultern des neuen Argentinien WM 2022 Ausw\u00e4rtstrikots sind [&hellip;]<\/p>","protected":false},"featured_media":10130,"comment_status":"open","ping_status":"closed","template":"","meta":[],"product_brand":[],"product_cat":[325],"product_tag":[356,357,20,21,22,23,24,373],"class_list":{"0":"post-10092","1":"product","2":"type-product","3":"status-publish","4":"has-post-thumbnail","6":"product_cat-argentinien-trikots","7":"product_tag-argentinien-trikots","8":"product_tag-argentinien-wm-2022-auswaertstrikot","9":"product_tag-coole-fussballtrikots","10":"product_tag-fussballtrikot-fuer-herren","11":"product_tag-fussballtrikot-guenstig-kaufen","12":"product_tag-fussballtrikot-kurzarm","13":"product_tag-guenstiges-fussballtrikot","14":"product_tag-kinder-argentinien-auswaertstrikot","16":"first","17":"instock","18":"shipping-taxable","19":"purchasable","20":"product-type-variable"},"_links":{"self":[{"href":"https:\/\/www.billigtrikotde.com\/sk\/wp-json\/wp\/v2\/product\/10092","targetHints":{"allow":["GET"]}}],"collection":[{"href":"https:\/\/www.billigtrikotde.com\/sk\/wp-json\/wp\/v2\/product"}],"about":[{"href":"https:\/\/www.billigtrikotde.com\/sk\/wp-json\/wp\/v2\/types\/product"}],"replies":[{"embeddable":true,"href":"https:\/\/www.billigtrikotde.com\/sk\/wp-json\/wp\/v2\/comments?post=10092"}],"wp:featuredmedia":[{"embeddable":true,"href":"https:\/\/www.billigtrikotde.com\/sk\/wp-json\/wp\/v2\/media\/10130"}],"wp:attachment":[{"href":"https:\/\/www.billigtrikotde.com\/sk\/wp-json\/wp\/v2\/media?parent=10092"}],"wp:term":[{"taxonomy":"product_brand","embeddable":true,"href":"https:\/\/www.billigtrikotde.com\/sk\/wp-json\/wp\/v2\/product_brand?post=10092"},{"taxonomy":"product_cat","embeddable":true,"href":"https:\/\/www.billigtrikotde.com\/sk\/wp-json\/wp\/v2\/product_cat?post=10092"},{"taxonomy":"product_tag","embeddable":true,"href":"https:\/\/www.billigtrikotde.com\/sk\/wp-json\/wp\/v2\/product_tag?post=10092"}],"curies":[{"name":"wp","href":"https:\/\/api.w.org\/{rel}","templated":true}]}}