{"id":10005,"date":"2024-10-24T02:56:21","date_gmt":"2024-10-24T00:56:21","guid":{"rendered":"http:\/\/billigtrikots.com\/?post_type=product&#038;p=10005"},"modified":"2024-10-24T02:58:37","modified_gmt":"2024-10-24T00:58:37","slug":"herren-brasilien-fifa-wm-katar-2022-heimtrikot-gelb-kurzarm-mit-namen-vini-jr-20","status":"publish","type":"product","link":"https:\/\/www.billigtrikotde.com\/sk\/herren-brasilien-fifa-wm-katar-2022-heimtrikot-gelb-kurzarm-mit-namen-vini-jr-20\/","title":{"rendered":"P\u00e1nsky dres Braz\u00edlia FIFA World Cup Qatar 2022 Home Jersey \u017elt\u00fd s kr\u00e1tkym ruk\u00e1vom a n\u00e1zvom VINI JR. 20"},"content":{"rendered":"<p>Farby dom\u00e1ceho dresu Nike Brazil 2022 na Majstrovstv\u00e1ch sveta pripom\u00ednaj\u00fa dres v\u00ed\u0165aza MS z roku 2002 \u2013 m\u00f4\u017ee by\u0165 vn\u00edman\u00fd ako pocta k 20. v\u00fdro\u010diu jeho vydania. Dres Nike Brazil 2022 je zalo\u017een\u00fd na \u0161abl\u00f3ne Nike 2022 World Cup \/ 22-23, ktor\u00fa sme u\u017e videli na niektor\u00fdch top kluboch zna\u010dky. Pou\u017e\u00edva rovnak\u00fa \u0161abl\u00f3nu ako dres Chelsea 22-23.<\/p>\n<p>Tipy na tla\u010d: Ak s\u00fa meno a \u010d\u00edslo na obr\u00e1zku presne tak\u00e9, ak\u00e9 chcete, nemus\u00edte ich zad\u00e1va\u0165 znova. Ak nie, mali by ste zada\u0165 po\u017eadovan\u00e9 meno a \u010d\u00edslo.<\/p>\n<p>Tipy na pranie: Odpor\u00fa\u010dame pra\u0165 futbalov\u00e9 tri\u010dk\u00e1 v ruke. Ak chcete pou\u017ei\u0165 pr\u00e1\u010dku, nezabudnite futbalov\u00e9 tri\u010dk\u00e1 oto\u010di\u0165 naruby a potom ich vypra\u0165. Napl\u0148te pr\u00e1\u010dku studenou vodou a pou\u017eite jemn\u00fd cyklus, aby ste lep\u0161ie ochr\u00e1nili farby.<\/p>","protected":false},"excerpt":{"rendered":"<p>Die Farben des Nike Brazil 2022 World Cup Heimtrikots erinnern an das Trikot des WM-Siegers von 2002 \u2013 es kann als eine Hommage an das 20-j\u00e4hrige Jubil\u00e4um seiner Ver\u00f6ffentlichung gesehen werden.Das Nike Brasilien 2022 Trikot basiert auf dem Nike 2022 World Cup \/ 22-23 Template, von dem wir bereits einige Beispiele bei den Top-Klubs der [&hellip;]<\/p>","protected":false},"featured_media":10045,"comment_status":"open","ping_status":"closed","template":"","meta":[],"product_brand":[],"product_cat":[112],"product_tag":[20,113,114,405,407,222,21,22,23,24],"class_list":{"0":"post-10005","1":"product","2":"type-product","3":"status-publish","4":"has-post-thumbnail","6":"product_cat-brasilien-trikots","7":"product_tag-coole-fussballtrikots","8":"product_tag-brasilien-heimtrikot","9":"product_tag-brasilien-trikots","10":"product_tag-fifa-wm-katar-2022","11":"product_tag-fifa-wm-katar-2022-trikot","12":"product_tag-fussball-wm-2022-trikots","13":"product_tag-fussballtrikot-fuer-herren","14":"product_tag-fussballtrikot-guenstig-kaufen","15":"product_tag-fussballtrikot-kurzarm","16":"product_tag-guenstiges-fussballtrikot","18":"first","19":"instock","20":"shipping-taxable","21":"purchasable","22":"product-type-variable"},"_links":{"self":[{"href":"https:\/\/www.billigtrikotde.com\/sk\/wp-json\/wp\/v2\/product\/10005","targetHints":{"allow":["GET"]}}],"collection":[{"href":"https:\/\/www.billigtrikotde.com\/sk\/wp-json\/wp\/v2\/product"}],"about":[{"href":"https:\/\/www.billigtrikotde.com\/sk\/wp-json\/wp\/v2\/types\/product"}],"replies":[{"embeddable":true,"href":"https:\/\/www.billigtrikotde.com\/sk\/wp-json\/wp\/v2\/comments?post=10005"}],"wp:featuredmedia":[{"embeddable":true,"href":"https:\/\/www.billigtrikotde.com\/sk\/wp-json\/wp\/v2\/media\/10045"}],"wp:attachment":[{"href":"https:\/\/www.billigtrikotde.com\/sk\/wp-json\/wp\/v2\/media?parent=10005"}],"wp:term":[{"taxonomy":"product_brand","embeddable":true,"href":"https:\/\/www.billigtrikotde.com\/sk\/wp-json\/wp\/v2\/product_brand?post=10005"},{"taxonomy":"product_cat","embeddable":true,"href":"https:\/\/www.billigtrikotde.com\/sk\/wp-json\/wp\/v2\/product_cat?post=10005"},{"taxonomy":"product_tag","embeddable":true,"href":"https:\/\/www.billigtrikotde.com\/sk\/wp-json\/wp\/v2\/product_tag?post=10005"}],"curies":[{"name":"wp","href":"https:\/\/api.w.org\/{rel}","templated":true}]}}