{"id":8686,"date":"2024-10-24T01:49:12","date_gmt":"2024-10-23T23:49:12","guid":{"rendered":"http:\/\/billigtrikots.com\/?post_type=product&#038;p=8686"},"modified":"2024-10-24T01:51:28","modified_gmt":"2024-10-23T23:51:28","slug":"herren-spanien-wm-2022-23-auswaertstrikot-trikotsatz-mit-aufdruck-ansu-fati-17","status":"publish","type":"product","link":"https:\/\/www.billigtrikotde.com\/nl\/herren-spanien-wm-2022-23-auswaertstrikot-trikotsatz-mit-aufdruck-ansu-fati-17\/","title":{"rendered":"Spanje heren uittenue WK 2022-23 met opdruk ANSU FATI 17"},"content":{"rendered":"<p>Klaar om de voetbaltroon te bestijgen. De zacht golvende graphic op dit adidas shirt voor kinderen en tieners is een knipoog naar het art deco-logo dat de kwalificatieteams verwelkomde in Spanje in 1982. Het ontwerp wordt aangevuld met het geweven Spaanse federatielogo in een nieuw jasje en het adidas 3-Stripes logo midden op de borst. En om je tijdens het juichen comfortabel te houden, is de fan-versie voorzien van vochtabsorberende AEROREADY-technologie voor droog comfort.<\/p>\n<p>Tips voor het afdrukken: Als de naam en het nummer op de foto precies zijn wat je wilt, hoef je ze niet opnieuw in te voeren. Zo niet, dan moet je de gewenste naam en het gewenste nummer invoeren.<\/p>\n<p>Wastips: Het wordt aanbevolen om voetbalshirts met de hand te wassen. Als je de wasmachine wilt gebruiken, denk er dan aan om voetbalshirts binnenstebuiten te draaien en vervolgens te wassen. Vul de machine met koud water en gebruik een fijnwasprogramma om de kleuren beter te beschermen.<\/p>","protected":false},"excerpt":{"rendered":"<p>Bereit, den Fu\u00dfballthron zu besteigen. Die sanft gewellte Grafik auf diesem adidas Trikot f\u00fcr Kinder und Teens ist eine Anspielung auf das Art-d\u00e9co-Logo, das die qualifizierten Teams 1982 in Spanien willkommen hie\u00df. Erg\u00e4nzt wird das Design durch das gewebte spanische Verbandslogo im neuen Look und das adidas 3-Streifen Logo mittig auf der Brust. Und damit [&hellip;]<\/p>","protected":false},"featured_media":8726,"comment_status":"open","ping_status":"closed","template":"","meta":[],"product_brand":[],"product_cat":[131],"product_tag":[20,21,22,23,24,359],"class_list":{"0":"post-8686","1":"product","2":"type-product","3":"status-publish","4":"has-post-thumbnail","6":"product_cat-spanien-trikots","7":"product_tag-coole-fussballtrikots","8":"product_tag-fussballtrikot-fuer-herren","9":"product_tag-fussballtrikot-guenstig-kaufen","10":"product_tag-fussballtrikot-kurzarm","11":"product_tag-guenstiges-fussballtrikot","12":"product_tag-spanien-wm-2022-auswaertstrikot","14":"first","15":"instock","16":"shipping-taxable","17":"purchasable","18":"product-type-variable"},"_links":{"self":[{"href":"https:\/\/www.billigtrikotde.com\/nl\/wp-json\/wp\/v2\/product\/8686","targetHints":{"allow":["GET"]}}],"collection":[{"href":"https:\/\/www.billigtrikotde.com\/nl\/wp-json\/wp\/v2\/product"}],"about":[{"href":"https:\/\/www.billigtrikotde.com\/nl\/wp-json\/wp\/v2\/types\/product"}],"replies":[{"embeddable":true,"href":"https:\/\/www.billigtrikotde.com\/nl\/wp-json\/wp\/v2\/comments?post=8686"}],"wp:featuredmedia":[{"embeddable":true,"href":"https:\/\/www.billigtrikotde.com\/nl\/wp-json\/wp\/v2\/media\/8726"}],"wp:attachment":[{"href":"https:\/\/www.billigtrikotde.com\/nl\/wp-json\/wp\/v2\/media?parent=8686"}],"wp:term":[{"taxonomy":"product_brand","embeddable":true,"href":"https:\/\/www.billigtrikotde.com\/nl\/wp-json\/wp\/v2\/product_brand?post=8686"},{"taxonomy":"product_cat","embeddable":true,"href":"https:\/\/www.billigtrikotde.com\/nl\/wp-json\/wp\/v2\/product_cat?post=8686"},{"taxonomy":"product_tag","embeddable":true,"href":"https:\/\/www.billigtrikotde.com\/nl\/wp-json\/wp\/v2\/product_tag?post=8686"}],"curies":[{"name":"wp","href":"https:\/\/api.w.org\/{rel}","templated":true}]}}