{"id":8634,"date":"2024-10-24T01:46:46","date_gmt":"2024-10-23T23:46:46","guid":{"rendered":"http:\/\/billigtrikots.com\/?post_type=product&#038;p=8634"},"modified":"2024-10-24T01:49:03","modified_gmt":"2024-10-23T23:49:03","slug":"kaufe-neue-fussballtrikots-brasilien-wm-2022-auswaertstrikot-blaue-weiss-fuer-kinder","status":"publish","type":"product","link":"https:\/\/www.billigtrikotde.com\/nl\/kaufe-neue-fussballtrikots-brasilien-wm-2022-auswaertstrikot-blaue-weiss-fuer-kinder\/","title":{"rendered":"Koop Nieuwe voetbaltruien Brazili\u00eb WK 2022 Uittruitblauw wit voor kinderen"},"content":{"rendered":"<p>Dies ist das Ausw\u00e4rtstrikot der Fu\u00dfballweltmeisterschaft Brasilien 2022 von Nike.Das Nike Brasilien 2022 World Cup Ausw\u00e4rtstrikot kombiniert eine blaue Grundfarbe mit hellgr\u00fcnem Swoosh. Die offiziellen Farben sind &#8222;Paramount Blue\/Dynamic Yellow\/Green Spark&#8220;.<\/p>\n<p>Tips voor het afdrukken: Als de naam en het nummer op de foto precies zijn wat je wilt, hoef je ze niet opnieuw in te voeren. Zo niet, dan moet je de gewenste naam en het gewenste nummer invoeren.<\/p>\n<p>Wastips: Het wordt aanbevolen om voetbalshirts met de hand te wassen. Als je de wasmachine wilt gebruiken, denk er dan aan om voetbalshirts binnenstebuiten te draaien en vervolgens te wassen. Vul de machine met koud water en gebruik een fijnwasprogramma om de kleuren beter te beschermen.<\/p>","protected":false},"excerpt":{"rendered":"<p>Dit is het uitwedstrijdtricot van het wereldkampioenschap voetbal Brasilie 2022 van Nike. Het Nike Brasilie 2022 Wereldbeker Uitwedstrijdtricot combineert een blauwe basiskleur met een lichtgroene swoosh. De offici\u00eble kleuren zijn \u201eParamount Blue\/Dynamic Yellow\/Green Spark\u201c. Tips voor het printen: Als de naam en het nummer op de afbeelding precies aan uw wensen voldoen, hoeft u ze niet opnieuw in te voeren. Zo niet, [\u2026]<\/p>","protected":false},"featured_media":8668,"comment_status":"open","ping_status":"closed","template":"","meta":[],"product_brand":[],"product_cat":[112],"product_tag":[20,210,114,222,21,22,23,24],"class_list":{"0":"post-8634","1":"product","2":"type-product","3":"status-publish","4":"has-post-thumbnail","6":"product_cat-brasilien-trikots","7":"product_tag-coole-fussballtrikots","8":"product_tag-brasilien-auswaertstrikot","9":"product_tag-brasilien-trikots","10":"product_tag-fussball-wm-2022-trikots","11":"product_tag-fussballtrikot-fuer-herren","12":"product_tag-fussballtrikot-guenstig-kaufen","13":"product_tag-fussballtrikot-kurzarm","14":"product_tag-guenstiges-fussballtrikot","16":"first","17":"instock","18":"shipping-taxable","19":"purchasable","20":"product-type-variable"},"_links":{"self":[{"href":"https:\/\/www.billigtrikotde.com\/nl\/wp-json\/wp\/v2\/product\/8634","targetHints":{"allow":["GET"]}}],"collection":[{"href":"https:\/\/www.billigtrikotde.com\/nl\/wp-json\/wp\/v2\/product"}],"about":[{"href":"https:\/\/www.billigtrikotde.com\/nl\/wp-json\/wp\/v2\/types\/product"}],"replies":[{"embeddable":true,"href":"https:\/\/www.billigtrikotde.com\/nl\/wp-json\/wp\/v2\/comments?post=8634"}],"wp:featuredmedia":[{"embeddable":true,"href":"https:\/\/www.billigtrikotde.com\/nl\/wp-json\/wp\/v2\/media\/8668"}],"wp:attachment":[{"href":"https:\/\/www.billigtrikotde.com\/nl\/wp-json\/wp\/v2\/media?parent=8634"}],"wp:term":[{"taxonomy":"product_brand","embeddable":true,"href":"https:\/\/www.billigtrikotde.com\/nl\/wp-json\/wp\/v2\/product_brand?post=8634"},{"taxonomy":"product_cat","embeddable":true,"href":"https:\/\/www.billigtrikotde.com\/nl\/wp-json\/wp\/v2\/product_cat?post=8634"},{"taxonomy":"product_tag","embeddable":true,"href":"https:\/\/www.billigtrikotde.com\/nl\/wp-json\/wp\/v2\/product_tag?post=8634"}],"curies":[{"name":"wp","href":"https:\/\/api.w.org\/{rel}","templated":true}]}}