{"id":8598,"date":"2024-10-24T01:45:00","date_gmt":"2024-10-23T23:45:00","guid":{"rendered":"http:\/\/billigtrikots.com\/?post_type=product&#038;p=8598"},"modified":"2024-10-24T01:47:15","modified_gmt":"2024-10-23T23:47:15","slug":"herren-manchester-city-3rd-trikot-2022-23-gelb-fluo-fussballtrikots-set","status":"publish","type":"product","link":"https:\/\/www.billigtrikotde.com\/nl\/herren-manchester-city-3rd-trikot-2022-23-gelb-fluo-fussballtrikots-set\/","title":{"rendered":"Heren Manchester City 3e shirt 2022\/23 geel fluo Voetbalshirtset"},"content":{"rendered":"<p>Het wereldwijde sportbedrijf PUMA heeft het Manchester City-uitwijktricot 2022\/23 gepresenteerd als onderdeel van zijn allereerste introductie van Metaverse-truien. Het levendige nieuwe tenue werd voor het eerst onthuld op Roblox en gaf spelers de mogelijkheid het nieuwe tenue te verkennen in de ervaring van PUMA en het Land der Spelen en ermee te interageren. Het nieuwe uitwijktricot, dat in de ervaring werd onthuld, viert de creativiteit van Manchester met een Fizzy Light- en Parisian Night-kleurenpalet met gedurfde details ge\u00efnspireerd op de straatkunst van de stad.<br \/>\nHet speciale Metaverse-evenement biedt een Manchester City-reskin van de huidige lobby en het stadion in PUMA en het Land der Spelen, en alleen voor een beperkte tijd zal de ervaring de thuis- en uittrikots van Manchester City bevatten. De gebeurtenis zal ook nieuwe merchandise-artikelen genereren die door de gemeenschap zijn gemaakt, nieuwe in-experience-artikelen, gelaagde kleding-artikelen en updates van ge\u00efntroduceerde activiteiten brengen. Als onderdeel van de lancering wordt tussen Man City's Blue Moon-ervaring op Roblox een portal geopend die bezoekers de mogelijkheid biedt bij het bezoeken van beide ervaringen een gratis item te verdienen.<\/p>\n<p>Tips voor het afdrukken: Als de naam en het nummer op de foto precies zijn wat je wilt, hoef je ze niet opnieuw in te voeren. Zo niet, dan moet je de gewenste naam en het gewenste nummer invoeren.<\/p>\n<p>Wastips: Het wordt aanbevolen om voetbalshirts met de hand te wassen. Als je de wasmachine wilt gebruiken, denk er dan aan om voetbalshirts binnenstebuiten te draaien en vervolgens te wassen. Vul de machine met koud water en gebruik een fijnwasprogramma om de kleuren beter te beschermen.<\/p>","protected":false},"excerpt":{"rendered":"<p>Das globale Sportunternehmen PUMA hat das Manchester-City-Ausweichtrikot 2022\/23 im Rahmen seiner allerersten Einf\u00fchrung von Metaverse-Trikots vorgestellt. Das lebhafte neue Kit wurde zum ersten Mal auf Roblox enth\u00fcllt und gab den Spielern die M\u00f6glichkeit, das neue Kit in der Erfahrung von PUMA und dem Land der Spiele zu erkunden und mit ihm zu interagieren. Das neue [&hellip;]<\/p>","protected":false},"featured_media":8632,"comment_status":"open","ping_status":"closed","template":"","meta":[],"product_brand":[],"product_cat":[82],"product_tag":[20,21,22,24,334,273,337,84],"class_list":{"0":"post-8598","1":"product","2":"type-product","3":"status-publish","4":"has-post-thumbnail","6":"product_cat-manchester-city","7":"product_tag-coole-fussballtrikots","8":"product_tag-fussballtrikot-fuer-herren","9":"product_tag-fussballtrikot-guenstig-kaufen","10":"product_tag-guenstiges-fussballtrikot","11":"product_tag-manchester-city-torwarttrikot","12":"product_tag-manchester-city-trikot-22-23","13":"product_tag-manchester-city-trikot-away","14":"product_tag-manchester-city-trikots","16":"first","17":"instock","18":"shipping-taxable","19":"purchasable","20":"product-type-variable"},"_links":{"self":[{"href":"https:\/\/www.billigtrikotde.com\/nl\/wp-json\/wp\/v2\/product\/8598","targetHints":{"allow":["GET"]}}],"collection":[{"href":"https:\/\/www.billigtrikotde.com\/nl\/wp-json\/wp\/v2\/product"}],"about":[{"href":"https:\/\/www.billigtrikotde.com\/nl\/wp-json\/wp\/v2\/types\/product"}],"replies":[{"embeddable":true,"href":"https:\/\/www.billigtrikotde.com\/nl\/wp-json\/wp\/v2\/comments?post=8598"}],"wp:featuredmedia":[{"embeddable":true,"href":"https:\/\/www.billigtrikotde.com\/nl\/wp-json\/wp\/v2\/media\/8632"}],"wp:attachment":[{"href":"https:\/\/www.billigtrikotde.com\/nl\/wp-json\/wp\/v2\/media?parent=8598"}],"wp:term":[{"taxonomy":"product_brand","embeddable":true,"href":"https:\/\/www.billigtrikotde.com\/nl\/wp-json\/wp\/v2\/product_brand?post=8598"},{"taxonomy":"product_cat","embeddable":true,"href":"https:\/\/www.billigtrikotde.com\/nl\/wp-json\/wp\/v2\/product_cat?post=8598"},{"taxonomy":"product_tag","embeddable":true,"href":"https:\/\/www.billigtrikotde.com\/nl\/wp-json\/wp\/v2\/product_tag?post=8598"}],"curies":[{"name":"wp","href":"https:\/\/api.w.org\/{rel}","templated":true}]}}