{"id":8508,"date":"2024-10-24T01:40:20","date_gmt":"2024-10-23T23:40:20","guid":{"rendered":"http:\/\/billigtrikots.com\/?post_type=product&#038;p=8508"},"modified":"2024-10-24T01:42:32","modified_gmt":"2024-10-23T23:42:32","slug":"fussballtrikot-fuer-herren-belgien-wm-2022-auswaertstrikot-online-kaufen","status":"publish","type":"product","link":"https:\/\/www.billigtrikotde.com\/nl\/fussballtrikot-fuer-herren-belgien-wm-2022-auswaertstrikot-online-kaufen\/","title":{"rendered":"Voetbalshirt voor mannen Belgi\u00eb Wereldkampioenschap voetbal 2022 Away Shirt online kopen"},"content":{"rendered":"<p>Dit is het nieuwe Adidas Belgi\u00eb WK-uitwatrikot 2022. Het Adidas Belgium 2022 uitwijktrikot is grotendeels wit met kleurrijke versieringen aan kraag, mouwen, zoom en onderarmen. Het shirt is ge\u00efnspireerd op de Adidas x Belgian FA x Tomorrowland 'LOVE'-collectie en heeft dezelfde esthetiek. De felle kleuren komen ook terug op het Adidas-logo en het Belgische FA-embleem. De drie strepen op de schouders van het Adidas Belgium 2022 World Cup Uitw\u00e4rts Football Shirts zijn lichtgrijs en het woord 'LOVE' staat in veelkleurige tekst op de achterkant gedrukt. De primaire broeken van het Belgi\u00eb 2022 World Cup Uitw\u00e4rts Trikots zijn wit, maar er zijn ook donkerblauwe broeken.<\/p>\n<p>Tips voor het afdrukken: Als de naam en het nummer op de foto precies zijn wat je wilt, hoef je ze niet opnieuw in te voeren. Zo niet, dan moet je de gewenste naam en het gewenste nummer invoeren.<\/p>\n<p>Wastips: Het wordt aanbevolen om voetbalshirts met de hand te wassen. Als je de wasmachine wilt gebruiken, denk er dan aan om voetbalshirts binnenstebuiten te draaien en vervolgens te wassen. Vul de machine met koud water en gebruik een fijnwasprogramma om de kleuren beter te beschermen.<\/p>","protected":false},"excerpt":{"rendered":"<p>Dies ist das neue Adidas Belgien WM-Ausw\u00e4rtstrikot f\u00fcr 2022.Das Adidas Belgium 2022 Ausw\u00e4rtstrikot ist \u00fcberwiegend wei\u00df mit bunten Verzierungen an Kragen, \u00c4rmeln, Saum und Unterarmen. Das Trikot ist von der Adidas x Belgian FA x Tomorrowland &#8222;LOVE&#8220;-Kollektion inspiriert und hat die gleiche \u00c4sthetik.Die leuchtenden Farben finden sich auch auf dem Adidas-Logo und dem belgischen FA-Abzeichen [&hellip;]<\/p>","protected":false},"featured_media":8547,"comment_status":"open","ping_status":"closed","template":"","meta":[],"product_brand":[],"product_cat":[173],"product_tag":[383,120,384,20,21,22,23,24],"class_list":{"0":"post-8508","1":"product","2":"type-product","3":"status-publish","4":"has-post-thumbnail","6":"product_cat-belgien-trikots","7":"product_tag-belgien-auswaertstrikot","8":"product_tag-belgien-trikots","9":"product_tag-belgien-wm-2022-auswaertstrikot","10":"product_tag-coole-fussballtrikots","11":"product_tag-fussballtrikot-fuer-herren","12":"product_tag-fussballtrikot-guenstig-kaufen","13":"product_tag-fussballtrikot-kurzarm","14":"product_tag-guenstiges-fussballtrikot","16":"first","17":"instock","18":"shipping-taxable","19":"purchasable","20":"product-type-variable"},"_links":{"self":[{"href":"https:\/\/www.billigtrikotde.com\/nl\/wp-json\/wp\/v2\/product\/8508","targetHints":{"allow":["GET"]}}],"collection":[{"href":"https:\/\/www.billigtrikotde.com\/nl\/wp-json\/wp\/v2\/product"}],"about":[{"href":"https:\/\/www.billigtrikotde.com\/nl\/wp-json\/wp\/v2\/types\/product"}],"replies":[{"embeddable":true,"href":"https:\/\/www.billigtrikotde.com\/nl\/wp-json\/wp\/v2\/comments?post=8508"}],"wp:featuredmedia":[{"embeddable":true,"href":"https:\/\/www.billigtrikotde.com\/nl\/wp-json\/wp\/v2\/media\/8547"}],"wp:attachment":[{"href":"https:\/\/www.billigtrikotde.com\/nl\/wp-json\/wp\/v2\/media?parent=8508"}],"wp:term":[{"taxonomy":"product_brand","embeddable":true,"href":"https:\/\/www.billigtrikotde.com\/nl\/wp-json\/wp\/v2\/product_brand?post=8508"},{"taxonomy":"product_cat","embeddable":true,"href":"https:\/\/www.billigtrikotde.com\/nl\/wp-json\/wp\/v2\/product_cat?post=8508"},{"taxonomy":"product_tag","embeddable":true,"href":"https:\/\/www.billigtrikotde.com\/nl\/wp-json\/wp\/v2\/product_tag?post=8508"}],"curies":[{"name":"wp","href":"https:\/\/api.w.org\/{rel}","templated":true}]}}