{"id":8496,"date":"2024-10-24T01:39:46","date_gmt":"2024-10-23T23:39:46","guid":{"rendered":"http:\/\/billigtrikots.com\/?post_type=product&#038;p=8496"},"modified":"2024-10-24T01:41:57","modified_gmt":"2024-10-23T23:41:57","slug":"kinder-england-auswaertstrikots-fuer-die-fussball-weltmeisterschaft-2022-rot-trikotsatz","status":"publish","type":"product","link":"https:\/\/www.billigtrikotde.com\/nl\/kinder-england-auswaertstrikots-fuer-die-fussball-weltmeisterschaft-2022-rot-trikotsatz\/","title":{"rendered":"Rode uittenues voor kinderen van Engeland voor het WK 2022"},"content":{"rendered":"<p>Dit is de Nike England 2022 World Cup Away Jersey. De Nike England National Football Team 2022 Away Jersey is rood, gecombineerd met marine- en lichtblauwe logo's en ontwerpelementen. Het is de eerste overwegend rode uittenue van Engeland sinds het WK 2018, met rode shorts en sokken die de uittenue van het WK 2022 van Nike compleet maken.<\/p>\n<p>Tips voor het afdrukken: Als de naam en het nummer op de foto precies zijn wat je wilt, hoef je ze niet opnieuw in te voeren. Zo niet, dan moet je de gewenste naam en het gewenste nummer invoeren.<\/p>\n<p>Wastips: Het wordt aanbevolen om voetbalshirts met de hand te wassen. Als je de wasmachine wilt gebruiken, denk er dan aan om voetbalshirts binnenstebuiten te draaien en vervolgens te wassen. Vul de machine met koud water en gebruik een fijnwasprogramma om de kleuren beter te beschermen.<\/p>","protected":false},"excerpt":{"rendered":"<p>Dies ist das Nike England 2022 World Cup Ausw\u00e4rtstrikot.Das Nike England National Football Team 2022 Ausw\u00e4rtstrikot ist rot, kombiniert mit marineblauen und hellblauen Logos und Designelementen. Es ist das erste haupts\u00e4chlich rote England-Ausw\u00e4rtstrikot seit der Weltmeisterschaft 2018.Rote Hosen und Stutzen vervollst\u00e4ndigen das England 2022 World Cup Ausw\u00e4rtstrikot von Nike. Tipps zum Drucken: Wenn der Name [\u2026]<\/p>","protected":false},"featured_media":8535,"comment_status":"open","ping_status":"closed","template":"","meta":[],"product_brand":[],"product_cat":[115],"product_tag":[20,363,378,379,21,22,23,24],"class_list":{"0":"post-8496","1":"product","2":"type-product","3":"status-publish","4":"has-post-thumbnail","6":"product_cat-england-trikots","7":"product_tag-coole-fussballtrikots","8":"product_tag-england-2022-world-cup-trikot","9":"product_tag-england-auswaertstrikots","10":"product_tag-england-wm-2022-auswaertstrikot","11":"product_tag-fussballtrikot-fuer-herren","12":"product_tag-fussballtrikot-guenstig-kaufen","13":"product_tag-fussballtrikot-kurzarm","14":"product_tag-guenstiges-fussballtrikot","16":"first","17":"instock","18":"shipping-taxable","19":"purchasable","20":"product-type-variable"},"_links":{"self":[{"href":"https:\/\/www.billigtrikotde.com\/nl\/wp-json\/wp\/v2\/product\/8496","targetHints":{"allow":["GET"]}}],"collection":[{"href":"https:\/\/www.billigtrikotde.com\/nl\/wp-json\/wp\/v2\/product"}],"about":[{"href":"https:\/\/www.billigtrikotde.com\/nl\/wp-json\/wp\/v2\/types\/product"}],"replies":[{"embeddable":true,"href":"https:\/\/www.billigtrikotde.com\/nl\/wp-json\/wp\/v2\/comments?post=8496"}],"wp:featuredmedia":[{"embeddable":true,"href":"https:\/\/www.billigtrikotde.com\/nl\/wp-json\/wp\/v2\/media\/8535"}],"wp:attachment":[{"href":"https:\/\/www.billigtrikotde.com\/nl\/wp-json\/wp\/v2\/media?parent=8496"}],"wp:term":[{"taxonomy":"product_brand","embeddable":true,"href":"https:\/\/www.billigtrikotde.com\/nl\/wp-json\/wp\/v2\/product_brand?post=8496"},{"taxonomy":"product_cat","embeddable":true,"href":"https:\/\/www.billigtrikotde.com\/nl\/wp-json\/wp\/v2\/product_cat?post=8496"},{"taxonomy":"product_tag","embeddable":true,"href":"https:\/\/www.billigtrikotde.com\/nl\/wp-json\/wp\/v2\/product_tag?post=8496"}],"curies":[{"name":"wp","href":"https:\/\/api.w.org\/{rel}","templated":true}]}}