{"id":8353,"date":"2024-10-24T01:32:46","date_gmt":"2024-10-23T23:32:46","guid":{"rendered":"http:\/\/billigtrikots.com\/?post_type=product&#038;p=8353"},"modified":"2024-10-24T01:34:58","modified_gmt":"2024-10-23T23:34:58","slug":"kinder-mexiko-2022-wm-auswaertstrikot-rot-fussballtrikot-kaufen","status":"publish","type":"product","link":"https:\/\/www.billigtrikotde.com\/nl\/kinder-mexiko-2022-wm-auswaertstrikot-rot-fussballtrikot-kaufen\/","title":{"rendered":"Kids Mexico 2022 WK Uittruitshirt Rood Voetbaltrikot Kopen"},"content":{"rendered":"<p>Roep je strijdlust op om de wereldwijde kick van voetbal te bereiken. Hiervoor hebben we dit adidas Mexico uitwaartshirt voor kinderen en tieners een look gegeven die ge\u00efnspireerd is door Mixteken en Azteekse godheden. Midden in dit opvallende all-over ontwerp is ook de slangenk\u00f6rper van Quetzalcoatl te vinden \u2013 een voorstelling van de fysieke vaardigheden van de mensheid. De mesh-inzetten en vochtabsorberende AEROREADY-technologie zorgen bovendien voor een comfortabel draaggevoel. En het gloednieuwe clublogo zet een statement voor je fanliefde.<\/p>\n<p>Das Adidas Mexiko 2022 WM-Ausw\u00e4rtstrikot ist &#8222;Wonder White&#8220;, kombiniert mit Rot f\u00fcr die Logos und 3 Streifen.Das Besondere an dem neuen Mexiko 2022 Ausw\u00e4rtstrikot ist ein Allover-Muster, das von Quetzalcoatl, der &#8222;Gefiederten Schlange&#8220;, inspiriert ist.<\/p>\n<p>Tips voor het afdrukken: Als de naam en het nummer op de foto precies zijn wat je wilt, hoef je ze niet opnieuw in te voeren. Zo niet, dan moet je de gewenste naam en het gewenste nummer invoeren.<\/p>\n<p>Wastips: Het wordt aanbevolen om voetbalshirts met de hand te wassen. Als je de wasmachine wilt gebruiken, denk er dan aan om voetbalshirts binnenstebuiten te draaien en vervolgens te wassen. Vul de machine met koud water en gebruik een fijnwasprogramma om de kleuren beter te beschermen.<\/p>","protected":false},"excerpt":{"rendered":"<p>Roep je strijdlust op om het tot aan de wereldspuit van het voetbal te brengen. Hiervoor hebben we dit adidas Mexico uitwedstrijdshirt voor kinderen en tieners een look gegeven die ge\u00efnspireerd is door Mixteken en Azteekse godheden. Midden in dit opvallende all-over ontwerp is ook de slangenk\u00f6rper van Quetzalcoatl te vinden \u2013 een voorstelling van de fysieke vaardigheden van de mensheid. De mesh-inzetten en vochtabsorberende [\u2026]<\/p>","protected":false},"featured_media":8393,"comment_status":"open","ping_status":"closed","template":"","meta":[],"product_brand":[],"product_cat":[251],"product_tag":[20,21,22,23,24,252,360],"class_list":{"0":"post-8353","1":"product","2":"type-product","3":"status-publish","4":"has-post-thumbnail","6":"product_cat-mexiko-trikots","7":"product_tag-coole-fussballtrikots","8":"product_tag-fussballtrikot-fuer-herren","9":"product_tag-fussballtrikot-guenstig-kaufen","10":"product_tag-fussballtrikot-kurzarm","11":"product_tag-guenstiges-fussballtrikot","12":"product_tag-mexiko-2022-trikots","13":"product_tag-mexiko-2022-wm-auswaertstrikot","15":"first","16":"instock","17":"shipping-taxable","18":"purchasable","19":"product-type-variable"},"_links":{"self":[{"href":"https:\/\/www.billigtrikotde.com\/nl\/wp-json\/wp\/v2\/product\/8353","targetHints":{"allow":["GET"]}}],"collection":[{"href":"https:\/\/www.billigtrikotde.com\/nl\/wp-json\/wp\/v2\/product"}],"about":[{"href":"https:\/\/www.billigtrikotde.com\/nl\/wp-json\/wp\/v2\/types\/product"}],"replies":[{"embeddable":true,"href":"https:\/\/www.billigtrikotde.com\/nl\/wp-json\/wp\/v2\/comments?post=8353"}],"wp:featuredmedia":[{"embeddable":true,"href":"https:\/\/www.billigtrikotde.com\/nl\/wp-json\/wp\/v2\/media\/8393"}],"wp:attachment":[{"href":"https:\/\/www.billigtrikotde.com\/nl\/wp-json\/wp\/v2\/media?parent=8353"}],"wp:term":[{"taxonomy":"product_brand","embeddable":true,"href":"https:\/\/www.billigtrikotde.com\/nl\/wp-json\/wp\/v2\/product_brand?post=8353"},{"taxonomy":"product_cat","embeddable":true,"href":"https:\/\/www.billigtrikotde.com\/nl\/wp-json\/wp\/v2\/product_cat?post=8353"},{"taxonomy":"product_tag","embeddable":true,"href":"https:\/\/www.billigtrikotde.com\/nl\/wp-json\/wp\/v2\/product_tag?post=8353"}],"curies":[{"name":"wp","href":"https:\/\/api.w.org\/{rel}","templated":true}]}}