{"id":8349,"date":"2024-10-24T01:32:43","date_gmt":"2024-10-23T23:32:43","guid":{"rendered":"http:\/\/billigtrikots.com\/?post_type=product&#038;p=8349"},"modified":"2024-10-24T01:34:57","modified_gmt":"2024-10-23T23:34:57","slug":"kinder-portugal-wm-2022-auswaertstrikot-kurzarm-kurze-hosen","status":"publish","type":"product","link":"https:\/\/www.billigtrikotde.com\/nl\/kinder-portugal-wm-2022-auswaertstrikot-kurzarm-kurze-hosen\/","title":{"rendered":"Kids Portugal WK 2022 Uittruitshirt Korte Mouwen + Korte Broeken"},"content":{"rendered":"<p>Een frisse en toch klassieke look voor Portugal: Het Nike Portugal 2022 uitshirt combineert een cr\u00e8mewit basispatroon met een marineblauwe Swoosh. De offici\u00eble kleuren zijn \"Sail\/Obsidian\", terwijl \"Pepper Red\" de derde kleur is en het ontwerp van het nieuwe Nike Portugal 2022 WK uitshirt bestaat uit een groen en rood kleurblok op de borst. Het Nike 22-23 shirt is gebaseerd op dezelfde versie als de 22-23 thuisshirts van Atletico en Liverpool. De achterkant van de kraag en de manchetten van het Portugal 2022 uitshirt komen overeen met de donkerblauwe kleur van de swoosh, en de groene en rode band loopt door op de achterkant van het nieuwe Portugal uitshirt, dat verder een donkerblauw paneel aan de bovenkant heeft met een op maat gemaakt gouden symbool eronder.<\/p>\n<p>Tips voor het afdrukken: Als de naam en het nummer op de foto precies zijn wat je wilt, hoef je ze niet opnieuw in te voeren. Zo niet, dan moet je de gewenste naam en het gewenste nummer invoeren.<\/p>\n<p>Wastips: Het wordt aanbevolen om voetbalshirts met de hand te wassen. Als je de wasmachine wilt gebruiken, denk er dan aan om voetbalshirts binnenstebuiten te draaien en vervolgens te wassen. Vul de machine met koud water en gebruik een fijnwasprogramma om de kleuren beter te beschermen.<\/p>","protected":false},"excerpt":{"rendered":"<p>Ein frischer und doch klassischer Look f\u00fcr Portugal: Das Nike Portugal 2022 Ausw\u00e4rtstrikot kombiniert ein cremewei\u00dfes Grundmuster mit marineblauem Swoosh. Offiziell sind die Farben &#8222;Sail\/Obsidian&#8220;, w\u00e4hrend &#8222;Pepper Red&#8220; die dritte Farbe ist.Das Design des neuen Nike Portugal 2022 World Cup Ausw\u00e4rtstrikots besteht aus einem gr\u00fcn-roten Farbblock auf der Brust. Das Nike 22-23-Trikot basiert auf der [&hellip;]<\/p>","protected":false},"featured_media":8383,"comment_status":"open","ping_status":"closed","template":"","meta":[],"product_brand":[],"product_cat":[239],"product_tag":[20,222,21,23,24,94,240,347,348],"class_list":{"0":"post-8349","1":"product","2":"type-product","3":"status-publish","4":"has-post-thumbnail","6":"product_cat-portugal-trikots","7":"product_tag-coole-fussballtrikots","8":"product_tag-fussball-wm-2022-trikots","9":"product_tag-fussballtrikot-fuer-herren","10":"product_tag-fussballtrikot-kurzarm","11":"product_tag-guenstiges-fussballtrikot","12":"product_tag-kinder-fussball-trikotsatz","13":"product_tag-portugal-heimtrikot","14":"product_tag-portugal-trikots","15":"product_tag-portugal-trikotsatz-fuer-kinder","17":"first","18":"instock","19":"shipping-taxable","20":"purchasable","21":"product-type-variable"},"_links":{"self":[{"href":"https:\/\/www.billigtrikotde.com\/nl\/wp-json\/wp\/v2\/product\/8349","targetHints":{"allow":["GET"]}}],"collection":[{"href":"https:\/\/www.billigtrikotde.com\/nl\/wp-json\/wp\/v2\/product"}],"about":[{"href":"https:\/\/www.billigtrikotde.com\/nl\/wp-json\/wp\/v2\/types\/product"}],"replies":[{"embeddable":true,"href":"https:\/\/www.billigtrikotde.com\/nl\/wp-json\/wp\/v2\/comments?post=8349"}],"wp:featuredmedia":[{"embeddable":true,"href":"https:\/\/www.billigtrikotde.com\/nl\/wp-json\/wp\/v2\/media\/8383"}],"wp:attachment":[{"href":"https:\/\/www.billigtrikotde.com\/nl\/wp-json\/wp\/v2\/media?parent=8349"}],"wp:term":[{"taxonomy":"product_brand","embeddable":true,"href":"https:\/\/www.billigtrikotde.com\/nl\/wp-json\/wp\/v2\/product_brand?post=8349"},{"taxonomy":"product_cat","embeddable":true,"href":"https:\/\/www.billigtrikotde.com\/nl\/wp-json\/wp\/v2\/product_cat?post=8349"},{"taxonomy":"product_tag","embeddable":true,"href":"https:\/\/www.billigtrikotde.com\/nl\/wp-json\/wp\/v2\/product_tag?post=8349"}],"curies":[{"name":"wp","href":"https:\/\/api.w.org\/{rel}","templated":true}]}}