{"id":7882,"date":"2024-10-24T01:09:29","date_gmt":"2024-10-23T23:09:29","guid":{"rendered":"http:\/\/billigtrikots.com\/?post_type=product&#038;p=7882"},"modified":"2024-10-24T01:11:40","modified_gmt":"2024-10-23T23:11:40","slug":"frankreich-trikot-wm-2022-heimtrikot-blau-fuer-herren-kurzarm-kurze-hosen","status":"publish","type":"product","link":"https:\/\/www.billigtrikotde.com\/nl\/frankreich-trikot-wm-2022-heimtrikot-blau-fuer-herren-kurzarm-kurze-hosen\/","title":{"rendered":"Frankrijk 2022 WK thuisset blauw voor heren korte mouw + korte broek"},"content":{"rendered":"<p>Het thuisshirt van Frankrijk volgt de bijnaam van het nationale team. Les Bleus is de naam van de Franse voetballers. En het Franse tenue is bijna volledig blauw. Het wordt alleen afgewisseld door een smalle rode borstring en rode sokken. De uittenue van de Equipe Tricolore is daarentegen volledig wit. Alleen aan de zijkanten van het shirt en de shorts zitten rode en blauwe strepen, die de Franse vlag aangeven. Adidas was de kitleverancier van het Franse team van 1972 tot 2010. Sinds 2011 is de Amerikaanse sportartikelenfabrikant Nike verantwoordelijk voor het ontwerp van het Franse shirt.<\/p>\n<p>Tips voor het afdrukken: Als de naam en het nummer op de foto precies zijn wat je wilt, hoef je ze niet opnieuw in te voeren. Zo niet, dan moet je de gewenste naam en het gewenste nummer invoeren.<\/p>\n<p>Wastips: Het wordt aanbevolen om voetbalshirts met de hand te wassen. Als je de wasmachine wilt gebruiken, denk er dan aan om voetbalshirts binnenstebuiten te draaien en vervolgens te wassen. Vul de machine met koud water en gebruik een fijnwasprogramma om de kleuren beter te beschermen.<\/p>","protected":false},"excerpt":{"rendered":"<p>Frankreichs Heimtrikot folgt dem Spitznamen der Nationalelf. Les Bleus werden die franz\u00f6sischen Kicker genannt. Und fast ganz in Blau ist auch das franz\u00f6sische Dress gehalten. Abgesetzt ist es nur durch einen schmalen roten Brustring und entsprechend auch durch rote Stutzen. Im Ausw\u00e4rtstrikot l\u00e4uft die Equipe Tricolore hingegen komplett in Wei\u00df auf. Nur seitlich auf dem [&hellip;]<\/p>","protected":false},"featured_media":7922,"comment_status":"open","ping_status":"closed","template":"","meta":[],"product_brand":[],"product_cat":[117],"product_tag":[20,121,119,21,22,23,24],"class_list":{"0":"post-7882","1":"product","2":"type-product","3":"status-publish","4":"has-post-thumbnail","6":"product_cat-frankreich-trikots","7":"product_tag-coole-fussballtrikots","8":"product_tag-frankreich-heimtrikot","9":"product_tag-frankreich-trikots","10":"product_tag-fussballtrikot-fuer-herren","11":"product_tag-fussballtrikot-guenstig-kaufen","12":"product_tag-fussballtrikot-kurzarm","13":"product_tag-guenstiges-fussballtrikot","15":"first","16":"instock","17":"shipping-taxable","18":"purchasable","19":"product-type-variable"},"_links":{"self":[{"href":"https:\/\/www.billigtrikotde.com\/nl\/wp-json\/wp\/v2\/product\/7882","targetHints":{"allow":["GET"]}}],"collection":[{"href":"https:\/\/www.billigtrikotde.com\/nl\/wp-json\/wp\/v2\/product"}],"about":[{"href":"https:\/\/www.billigtrikotde.com\/nl\/wp-json\/wp\/v2\/types\/product"}],"replies":[{"embeddable":true,"href":"https:\/\/www.billigtrikotde.com\/nl\/wp-json\/wp\/v2\/comments?post=7882"}],"wp:featuredmedia":[{"embeddable":true,"href":"https:\/\/www.billigtrikotde.com\/nl\/wp-json\/wp\/v2\/media\/7922"}],"wp:attachment":[{"href":"https:\/\/www.billigtrikotde.com\/nl\/wp-json\/wp\/v2\/media?parent=7882"}],"wp:term":[{"taxonomy":"product_brand","embeddable":true,"href":"https:\/\/www.billigtrikotde.com\/nl\/wp-json\/wp\/v2\/product_brand?post=7882"},{"taxonomy":"product_cat","embeddable":true,"href":"https:\/\/www.billigtrikotde.com\/nl\/wp-json\/wp\/v2\/product_cat?post=7882"},{"taxonomy":"product_tag","embeddable":true,"href":"https:\/\/www.billigtrikotde.com\/nl\/wp-json\/wp\/v2\/product_tag?post=7882"}],"curies":[{"name":"wp","href":"https:\/\/api.w.org\/{rel}","templated":true}]}}