{"id":7880,"date":"2024-10-24T01:09:28","date_gmt":"2024-10-23T23:09:28","guid":{"rendered":"http:\/\/billigtrikots.com\/?post_type=product&#038;p=7880"},"modified":"2024-10-24T01:11:39","modified_gmt":"2024-10-23T23:11:39","slug":"as-roma-2022-23-auswaertstrikot-fuer-herren-weiss-trikotsatz","status":"publish","type":"product","link":"https:\/\/www.billigtrikotde.com\/nl\/as-roma-2022-23-auswaertstrikot-fuer-herren-weiss-trikotsatz\/","title":{"rendered":"AS Roma 2022-23 uittenue voor heren wit"},"content":{"rendered":"<p>Echte Fans zeigen ihre Begeisterung immer und \u00fcberall \u2013 das super bequeme Modell ist das unverzichtbare Zubeh\u00f6r f\u00fcr alle, die ihre Liebe zu ihrem Verein zeigen wollen. New Balance ver\u00f6ffentlicht mit dem Shirt ein wahrhaft einmaliges Produkt. Jeder echte AS Rom-Fan braucht dieses Ausw\u00e4rts-Shirt, denn auch die Spieler tragen es in der Serie A. Wir empfehlen dieses bequeme, atmungsaktive und leichte Modell mit dem angenehmen Tragegef\u00fchl. Mit diesem Shirt kannst du dich ideal auf deinen n\u00e4chsten Gegner vorbereiten. Unterstrichen wird die tolle Optik des Sporttops durch das Vereinswappen auf der Brust.<\/p>\n<p>Tips voor het afdrukken: Als de naam en het nummer op de foto precies zijn wat je wilt, hoef je ze niet opnieuw in te voeren. Zo niet, dan moet je de gewenste naam en het gewenste nummer invoeren.<\/p>\n<p>Wastips: Het wordt aanbevolen om voetbalshirts met de hand te wassen. Als je de wasmachine wilt gebruiken, denk er dan aan om voetbalshirts binnenstebuiten te draaien en vervolgens te wassen. Vul de machine met koud water en gebruik een fijnwasprogramma om de kleuren beter te beschermen.<\/p>","protected":false},"excerpt":{"rendered":"<p>Echte Fans zeigen ihre Begeisterung immer und \u00fcberall \u2013 das super bequeme Modell ist das unverzichtbare Zubeh\u00f6r f\u00fcr alle, die ihre Liebe zu ihrem Verein zeigen wollen. New Balance ver\u00f6ffentlicht mit dem Shirt ein wahrhaft einmaliges Produkt. Jeder echte AS Rom-Fan braucht dieses Ausw\u00e4rts-Shirt, denn auch die Spieler tragen es in der Serie A. Wir [&hellip;]<\/p>","protected":false},"featured_media":7921,"comment_status":"open","ping_status":"closed","template":"","meta":[],"product_brand":[],"product_cat":[85],"product_tag":[349,87,20,21,22,23,24],"class_list":{"0":"post-7880","1":"product","2":"type-product","3":"status-publish","4":"has-post-thumbnail","6":"product_cat-as-roma","7":"product_tag-as-roma-auswaertstrikot","8":"product_tag-as-roma-trikots","9":"product_tag-coole-fussballtrikots","10":"product_tag-fussballtrikot-fuer-herren","11":"product_tag-fussballtrikot-guenstig-kaufen","12":"product_tag-fussballtrikot-kurzarm","13":"product_tag-guenstiges-fussballtrikot","15":"first","16":"instock","17":"shipping-taxable","18":"purchasable","19":"product-type-variable"},"_links":{"self":[{"href":"https:\/\/www.billigtrikotde.com\/nl\/wp-json\/wp\/v2\/product\/7880","targetHints":{"allow":["GET"]}}],"collection":[{"href":"https:\/\/www.billigtrikotde.com\/nl\/wp-json\/wp\/v2\/product"}],"about":[{"href":"https:\/\/www.billigtrikotde.com\/nl\/wp-json\/wp\/v2\/types\/product"}],"replies":[{"embeddable":true,"href":"https:\/\/www.billigtrikotde.com\/nl\/wp-json\/wp\/v2\/comments?post=7880"}],"wp:featuredmedia":[{"embeddable":true,"href":"https:\/\/www.billigtrikotde.com\/nl\/wp-json\/wp\/v2\/media\/7921"}],"wp:attachment":[{"href":"https:\/\/www.billigtrikotde.com\/nl\/wp-json\/wp\/v2\/media?parent=7880"}],"wp:term":[{"taxonomy":"product_brand","embeddable":true,"href":"https:\/\/www.billigtrikotde.com\/nl\/wp-json\/wp\/v2\/product_brand?post=7880"},{"taxonomy":"product_cat","embeddable":true,"href":"https:\/\/www.billigtrikotde.com\/nl\/wp-json\/wp\/v2\/product_cat?post=7880"},{"taxonomy":"product_tag","embeddable":true,"href":"https:\/\/www.billigtrikotde.com\/nl\/wp-json\/wp\/v2\/product_tag?post=7880"}],"curies":[{"name":"wp","href":"https:\/\/api.w.org\/{rel}","templated":true}]}}