{"id":7364,"date":"2024-10-23T18:25:51","date_gmt":"2024-10-23T16:25:51","guid":{"rendered":"http:\/\/billigtrikots.com\/?post_type=product&#038;p=7364"},"modified":"2024-10-23T18:28:00","modified_gmt":"2024-10-23T16:28:00","slug":"kinder-ac-mailand-2022-23-heimtrikot-rot-schwarz-billige-fussballtrikots","status":"publish","type":"product","link":"https:\/\/www.billigtrikotde.com\/nl\/kinder-ac-mailand-2022-23-heimtrikot-rot-schwarz-billige-fussballtrikots\/","title":{"rendered":"Kids AC Milan 2022\/23 Thuisshirt rood zwart Goedkope Voetbalshirts"},"content":{"rendered":"<p>Ontdek het nieuwe thuisshirt van Milan 2022\/2023. Draag de kleuren van je favoriete team met trots op het veld of daarbuiten.<\/p>\n<p>Een soepel en lichtgewicht shirt met Puma DryCELL technologie, een kledingstuk dat voorkomt dat zweet binnendringt tijdens je wedstrijd of training. Blijf droog na je versnellingen.<\/p>\n<p>Stel je het San Siro-publiek voor dat je toejuicht na een geweldig doelpunt.<\/p>\n<p>Het shirt is ge\u00efnspireerd op het shirt dat het professionele team tijdens wedstrijden draagt.<\/p>\n<p>DROOG BLIJVEN ONDER DRUK<\/p>\n<p>Hij is gemaakt van Puma DryCELL technologie en helpt zweet te absorberen. Zo blijf je droog tijdens je inspanningen.<\/p>\n<p>Tips voor het afdrukken: Als de naam en het nummer op de foto precies zijn wat je wilt, hoef je ze niet opnieuw in te voeren. Zo niet, dan moet je de gewenste naam en het gewenste nummer invoeren.<\/p>\n<p>Wastips: Het wordt aanbevolen om voetbalshirts met de hand te wassen. Als je de wasmachine wilt gebruiken, denk er dan aan om voetbalshirts binnenstebuiten te draaien en vervolgens te wassen. Vul de machine met koud water en gebruik een fijnwasprogramma om de kleuren beter te beschermen.<\/p>","protected":false},"excerpt":{"rendered":"<p>Entdecke das neue Milan 2022\/2023 Heimtrikot . Tragen Sie stolz die Farben Ihres Lieblingsteams auf dem Platz oder drau\u00dfen. Ein flexibles und leichtes Trikot mit Puma DryCELL -Technologie, ein Kleidungsst\u00fcck, das das Eindringen von Schwei\u00df w\u00e4hrend Ihres Spiels oder Trainings verhindert. Bleiben Sie nach Ihren Beschleunigungen trocken. Stellen Sie sich vor, die Zuschauer von San [&hellip;]<\/p>","protected":false},"featured_media":7396,"comment_status":"open","ping_status":"closed","template":"","meta":[],"product_brand":[],"product_cat":[92],"product_tag":[25,93,20,21,23,24,94],"class_list":{"0":"post-7364","1":"product","2":"type-product","3":"status-publish","4":"has-post-thumbnail","6":"product_cat-ac-mailand-kindertrikot","7":"product_tag-ac-milan-heimtrikot","8":"product_tag-ac-milan-trikotsatz-fuer-kinder","9":"product_tag-coole-fussballtrikots","10":"product_tag-fussballtrikot-fuer-herren","11":"product_tag-fussballtrikot-kurzarm","12":"product_tag-guenstiges-fussballtrikot","13":"product_tag-kinder-fussball-trikotsatz","15":"first","16":"instock","17":"shipping-taxable","18":"purchasable","19":"product-type-variable"},"_links":{"self":[{"href":"https:\/\/www.billigtrikotde.com\/nl\/wp-json\/wp\/v2\/product\/7364","targetHints":{"allow":["GET"]}}],"collection":[{"href":"https:\/\/www.billigtrikotde.com\/nl\/wp-json\/wp\/v2\/product"}],"about":[{"href":"https:\/\/www.billigtrikotde.com\/nl\/wp-json\/wp\/v2\/types\/product"}],"replies":[{"embeddable":true,"href":"https:\/\/www.billigtrikotde.com\/nl\/wp-json\/wp\/v2\/comments?post=7364"}],"wp:featuredmedia":[{"embeddable":true,"href":"https:\/\/www.billigtrikotde.com\/nl\/wp-json\/wp\/v2\/media\/7396"}],"wp:attachment":[{"href":"https:\/\/www.billigtrikotde.com\/nl\/wp-json\/wp\/v2\/media?parent=7364"}],"wp:term":[{"taxonomy":"product_brand","embeddable":true,"href":"https:\/\/www.billigtrikotde.com\/nl\/wp-json\/wp\/v2\/product_brand?post=7364"},{"taxonomy":"product_cat","embeddable":true,"href":"https:\/\/www.billigtrikotde.com\/nl\/wp-json\/wp\/v2\/product_cat?post=7364"},{"taxonomy":"product_tag","embeddable":true,"href":"https:\/\/www.billigtrikotde.com\/nl\/wp-json\/wp\/v2\/product_tag?post=7364"}],"curies":[{"name":"wp","href":"https:\/\/api.w.org\/{rel}","templated":true}]}}