{"id":7170,"date":"2024-10-23T18:16:46","date_gmt":"2024-10-23T16:16:46","guid":{"rendered":"http:\/\/billigtrikots.com\/?post_type=product&#038;p=7170"},"modified":"2024-10-23T18:18:19","modified_gmt":"2024-10-23T16:18:19","slug":"neues-herren-chelsea-fc-22-23-heimtrikot-blau-kurzarm-kurze-hosen-mount-19","status":"publish","type":"product","link":"https:\/\/www.billigtrikotde.com\/nl\/neues-herren-chelsea-fc-22-23-heimtrikot-blau-kurzarm-kurze-hosen-mount-19\/","title":{"rendered":"Nieuw Heren Chelsea FC 22-23 Home Jersey Blauw Korte Mouw + Korte Broek MOUNT 19"},"content":{"rendered":"<p>Het Nike Chelsea 22-23 shirt is vanochtend officieel onthuld. Het belangrijkste kenmerk van het nieuwe Chelsea thuistrui is de witte kraag met turquoise bies.Dit is het nieuwe Nike Chelsea shirt voor 2022-23.In tegenstelling tot het Chelsea 21-22 shirt, is het Nike Chelsea FC 2022-23 shirt helemaal blauw met een wit\/turquoise Henley halslijn.Er is een turquoise leeuwenpatroon op de witte halslijn. Hetzelfde patroon is ook te vinden op de Chelsea 22-23 pre-match top en andere items in de collectie.<\/p>\n<p>Tips voor het afdrukken: Als de naam en het nummer op de foto precies zijn wat je wilt, hoef je ze niet opnieuw in te voeren. Zo niet, dan moet je de gewenste naam en het gewenste nummer invoeren.<\/p>\n<p>Wastips: Het wordt aanbevolen om voetbalshirts met de hand te wassen. Als je de wasmachine wilt gebruiken, denk er dan aan om voetbalshirts binnenstebuiten te draaien en vervolgens te wassen. Vul de machine met koud water en gebruik een fijnwasprogramma om de kleuren beter te beschermen.<\/p>","protected":false},"excerpt":{"rendered":"<p>Das Nike Chelsea 22-23 Trikot wurde heute Morgen offiziell vorgestellt. Das Hauptmerkmal des neuen Chelsea-Heimtrikots ist der wei\u00dfe Kragen mit t\u00fcrkisfarbener Zierleiste.Dies ist das neue Nike Chelsea Trikot f\u00fcr 2022-23.Im Gegensatz zum Chelsea 21-22 Trikot ist das Nike Chelsea FC 2022-23 Trikot komplett blau mit einem wei\u00df\/t\u00fcrkisfarbenen Henley-Ausschnitt.Auf dem wei\u00dfen Halsausschnitt ist ein t\u00fcrkisfarbenes L\u00f6wenmuster [&hellip;]<\/p>","protected":false},"featured_media":7203,"comment_status":"open","ping_status":"closed","template":"","meta":[],"product_brand":[],"product_cat":[72],"product_tag":[20,308,309,310,73,21,24],"class_list":{"0":"post-7170","1":"product","2":"type-product","3":"status-publish","4":"has-post-thumbnail","6":"product_cat-chelsea","7":"product_tag-coole-fussballtrikots","8":"product_tag-chelsea-fc-22-23-trikot-deutschland","9":"product_tag-chelsea-fc-22-23-trikot-guenstig","10":"product_tag-chelsea-fc-22-23-trikot-kaufen","11":"product_tag-chelsea-trikots","12":"product_tag-fussballtrikot-fuer-herren","13":"product_tag-guenstiges-fussballtrikot","15":"first","16":"instock","17":"shipping-taxable","18":"purchasable","19":"product-type-variable"},"_links":{"self":[{"href":"https:\/\/www.billigtrikotde.com\/nl\/wp-json\/wp\/v2\/product\/7170","targetHints":{"allow":["GET"]}}],"collection":[{"href":"https:\/\/www.billigtrikotde.com\/nl\/wp-json\/wp\/v2\/product"}],"about":[{"href":"https:\/\/www.billigtrikotde.com\/nl\/wp-json\/wp\/v2\/types\/product"}],"replies":[{"embeddable":true,"href":"https:\/\/www.billigtrikotde.com\/nl\/wp-json\/wp\/v2\/comments?post=7170"}],"wp:featuredmedia":[{"embeddable":true,"href":"https:\/\/www.billigtrikotde.com\/nl\/wp-json\/wp\/v2\/media\/7203"}],"wp:attachment":[{"href":"https:\/\/www.billigtrikotde.com\/nl\/wp-json\/wp\/v2\/media?parent=7170"}],"wp:term":[{"taxonomy":"product_brand","embeddable":true,"href":"https:\/\/www.billigtrikotde.com\/nl\/wp-json\/wp\/v2\/product_brand?post=7170"},{"taxonomy":"product_cat","embeddable":true,"href":"https:\/\/www.billigtrikotde.com\/nl\/wp-json\/wp\/v2\/product_cat?post=7170"},{"taxonomy":"product_tag","embeddable":true,"href":"https:\/\/www.billigtrikotde.com\/nl\/wp-json\/wp\/v2\/product_tag?post=7170"}],"curies":[{"name":"wp","href":"https:\/\/api.w.org\/{rel}","templated":true}]}}