{"id":7160,"date":"2024-10-23T18:16:12","date_gmt":"2024-10-23T16:16:12","guid":{"rendered":"http:\/\/billigtrikots.com\/?post_type=product&#038;p=7160"},"modified":"2024-10-23T18:18:18","modified_gmt":"2024-10-23T16:18:18","slug":"senegal-heimtrikot-home-wm-2022-weiss-fuer-herren","status":"publish","type":"product","link":"https:\/\/www.billigtrikotde.com\/nl\/senegal-heimtrikot-home-wm-2022-weiss-fuer-herren\/","title":{"rendered":"Senegal thuistrui WK 2022 wit voor heren"},"content":{"rendered":"<p>Toon je verbondenheid met je team door het zweetafvoerende model in wit. Het PUMA sporttop zorgt voor werkelijk enthousiasme. Het thuis-sporttop, zoals de spelers op het WK dragen, zorgt bij echte Senegal-aanhangers voor absolute enthousiasme. Wij raden dit ademende, zweetafvoerende, lichte en super comfortabele model aan met het aangename draaggevoel. Het valt optisch op met een bondslogo op de borst. Met dit sportshirt ben je voor elke training goed uitgerust.<\/p>\n<p>Tips voor het afdrukken: Als de naam en het nummer op de foto precies zijn wat je wilt, hoef je ze niet opnieuw in te voeren. Zo niet, dan moet je de gewenste naam en het gewenste nummer invoeren.<\/p>\n<p>Wastips: Het wordt aanbevolen om voetbalshirts met de hand te wassen. Als je de wasmachine wilt gebruiken, denk er dan aan om voetbalshirts binnenstebuiten te draaien en vervolgens te wassen. Vul de machine met koud water en gebruik een fijnwasprogramma om de kleuren beter te beschermen.<\/p>","protected":false},"excerpt":{"rendered":"<p>Zeige deine Zugeh\u00f6rigkeit zu deinem Team durch das schwei\u00dfableitende Modell in Wei\u00df. Das PUMA Sporttop sorgt f\u00fcr wahrhaftige Begeisterung. Das Heim-Sporttop, wie es die Spieler bei der Weltmeisterschaft tragen, sorgt bei echten Senegal-Anh\u00e4ngern f\u00fcr absolute Begeisterung. Wir empfehlen dieses atmungsaktive, schwei\u00dfableitende, leichte und super bequeme Modell mit dem angenehmen Tragegef\u00fchl. Es besticht optisch mit einem [&hellip;]<\/p>","protected":false},"featured_media":7192,"comment_status":"open","ping_status":"closed","template":"","meta":[],"product_brand":[],"product_cat":[15],"product_tag":[305,306,307],"class_list":{"0":"post-7160","1":"product","2":"type-product","3":"status-publish","4":"has-post-thumbnail","6":"product_cat-unkategorisiert","7":"product_tag-senegal-heimtrikot-home-wm-2022","8":"product_tag-senegal-trikot","9":"product_tag-senegal-trikot-fuer-herren","11":"first","12":"instock","13":"shipping-taxable","14":"purchasable","15":"product-type-variable"},"_links":{"self":[{"href":"https:\/\/www.billigtrikotde.com\/nl\/wp-json\/wp\/v2\/product\/7160","targetHints":{"allow":["GET"]}}],"collection":[{"href":"https:\/\/www.billigtrikotde.com\/nl\/wp-json\/wp\/v2\/product"}],"about":[{"href":"https:\/\/www.billigtrikotde.com\/nl\/wp-json\/wp\/v2\/types\/product"}],"replies":[{"embeddable":true,"href":"https:\/\/www.billigtrikotde.com\/nl\/wp-json\/wp\/v2\/comments?post=7160"}],"wp:featuredmedia":[{"embeddable":true,"href":"https:\/\/www.billigtrikotde.com\/nl\/wp-json\/wp\/v2\/media\/7192"}],"wp:attachment":[{"href":"https:\/\/www.billigtrikotde.com\/nl\/wp-json\/wp\/v2\/media?parent=7160"}],"wp:term":[{"taxonomy":"product_brand","embeddable":true,"href":"https:\/\/www.billigtrikotde.com\/nl\/wp-json\/wp\/v2\/product_brand?post=7160"},{"taxonomy":"product_cat","embeddable":true,"href":"https:\/\/www.billigtrikotde.com\/nl\/wp-json\/wp\/v2\/product_cat?post=7160"},{"taxonomy":"product_tag","embeddable":true,"href":"https:\/\/www.billigtrikotde.com\/nl\/wp-json\/wp\/v2\/product_tag?post=7160"}],"curies":[{"name":"wp","href":"https:\/\/api.w.org\/{rel}","templated":true}]}}