{"id":693,"date":"2024-10-23T13:00:16","date_gmt":"2024-10-23T11:00:16","guid":{"rendered":"http:\/\/billigtrikots.com\/?post_type=product&#038;p=693"},"modified":"2024-10-23T13:01:52","modified_gmt":"2024-10-23T11:01:52","slug":"fussballtrikot-paris-saint-germain-21-22-auswaertstrikot-kurzarm-t-shirt-kurze-hosen","status":"publish","type":"product","link":"https:\/\/www.billigtrikotde.com\/nl\/fussballtrikot-paris-saint-germain-21-22-auswaertstrikot-kurzarm-t-shirt-kurze-hosen\/","title":{"rendered":"Paris Saint-Germain 21\/22 Away Shirt Korte Mouw T-shirt + Korte Broek"},"content":{"rendered":"<p>Das Paris Saint-Germain 2021\/22 Stadium Away Ausw\u00e4rtstrikot von Nike ist von klassischen Designs aus den 90er Jahren inspiriert und ein absolutes Must-have f\u00fcr alle Fans des franz\u00f6sischen Fu\u00dfballgiganten. Als offizielle Fan-Edition verf\u00fcgt das PSG Trikot \u00fcber einen authentischen Look mit originalgetreuen Vereins- und Logo-Details.<\/p>\n<p>Tips voor het afdrukken: Als de naam en het nummer op de foto precies zijn wat je wilt, hoef je ze niet opnieuw in te voeren. Zo niet, dan moet je de gewenste naam en het gewenste nummer invoeren.<\/p>\n<p>Wastips: Het wordt aanbevolen om voetbalshirts met de hand te wassen. Als je de wasmachine wilt gebruiken, denk er dan aan om voetbalshirts binnenstebuiten te draaien en vervolgens te wassen. Vul de machine met koud water en gebruik een fijnwasprogramma om de kleuren beter te beschermen.<\/p>","protected":false},"excerpt":{"rendered":"<p>Das Paris Saint-Germain 2021\/22 Stadium Away Ausw\u00e4rtstrikot von Nike ist von klassischen Designs aus den 90er Jahren inspiriert und ein absolutes Must-have f\u00fcr alle Fans des franz\u00f6sischen Fu\u00dfballgiganten. Als offizielle Fan-Edition verf\u00fcgt das PSG Trikot \u00fcber einen authentischen Look mit originalgetreuen Vereins- und Logo-Details. Tipps zum Drucken: Wenn der Name und die Nummer auf dem [&hellip;]<\/p>","protected":false},"featured_media":725,"comment_status":"open","ping_status":"closed","template":"","meta":[],"product_brand":[],"product_cat":[39],"product_tag":[20,43,21,22,23,24,44,41],"class_list":{"0":"post-693","1":"product","2":"type-product","3":"status-publish","4":"has-post-thumbnail","6":"product_cat-paris-saint-germain","7":"product_tag-coole-fussballtrikots","8":"product_tag-fussballkleidung","9":"product_tag-fussballtrikot-fuer-herren","10":"product_tag-fussballtrikot-guenstig-kaufen","11":"product_tag-fussballtrikot-kurzarm","12":"product_tag-guenstiges-fussballtrikot","13":"product_tag-paris-saint-germain-auswaertstrikot","14":"product_tag-paris-saint-germain-trikots","16":"first","17":"instock","18":"shipping-taxable","19":"purchasable","20":"product-type-variable"},"_links":{"self":[{"href":"https:\/\/www.billigtrikotde.com\/nl\/wp-json\/wp\/v2\/product\/693","targetHints":{"allow":["GET"]}}],"collection":[{"href":"https:\/\/www.billigtrikotde.com\/nl\/wp-json\/wp\/v2\/product"}],"about":[{"href":"https:\/\/www.billigtrikotde.com\/nl\/wp-json\/wp\/v2\/types\/product"}],"replies":[{"embeddable":true,"href":"https:\/\/www.billigtrikotde.com\/nl\/wp-json\/wp\/v2\/comments?post=693"}],"wp:featuredmedia":[{"embeddable":true,"href":"https:\/\/www.billigtrikotde.com\/nl\/wp-json\/wp\/v2\/media\/725"}],"wp:attachment":[{"href":"https:\/\/www.billigtrikotde.com\/nl\/wp-json\/wp\/v2\/media?parent=693"}],"wp:term":[{"taxonomy":"product_brand","embeddable":true,"href":"https:\/\/www.billigtrikotde.com\/nl\/wp-json\/wp\/v2\/product_brand?post=693"},{"taxonomy":"product_cat","embeddable":true,"href":"https:\/\/www.billigtrikotde.com\/nl\/wp-json\/wp\/v2\/product_cat?post=693"},{"taxonomy":"product_tag","embeddable":true,"href":"https:\/\/www.billigtrikotde.com\/nl\/wp-json\/wp\/v2\/product_tag?post=693"}],"curies":[{"name":"wp","href":"https:\/\/api.w.org\/{rel}","templated":true}]}}