{"id":6738,"date":"2024-10-23T17:55:48","date_gmt":"2024-10-23T15:55:48","guid":{"rendered":"http:\/\/billigtrikots.com\/?post_type=product&#038;p=6738"},"modified":"2024-10-23T17:57:56","modified_gmt":"2024-10-23T15:57:56","slug":"neue-paris-saint-germain-psg-heimtrikot-fuer-die-saison-22-23-herren-fussballtrikots","status":"publish","type":"product","link":"https:\/\/www.billigtrikotde.com\/nl\/neue-paris-saint-germain-psg-heimtrikot-fuer-die-saison-22-23-herren-fussballtrikots\/","title":{"rendered":"Nieuwe Paris Saint Germain PSG thuistrikot voor het seizoen 22-23 heren voetbaltruien"},"content":{"rendered":"<p>Na het eentoonige shirt van 21-22 is het Nike PSG-shirt 2022-23 blauw met een wit middellijn, omgeven door dunnere rode strepen \u2013 een omgekeerde das, als je zo wilt zeggen. De achterkant is eendelig blauw. De logo's op het Paris Saint-Germain 22-23-shirt zijn centraal geplaatst, waarbij de Swoosh onder het clubwapen te zien is.<\/p>\n<p>Tips voor het afdrukken: Als de naam en het nummer op de foto precies zijn wat je wilt, hoef je ze niet opnieuw in te voeren. Zo niet, dan moet je de gewenste naam en het gewenste nummer invoeren.<\/p>\n<p>Wastips: Het wordt aanbevolen om voetbalshirts met de hand te wassen. Als je de wasmachine wilt gebruiken, denk er dan aan om voetbalshirts binnenstebuiten te draaien en vervolgens te wassen. Vul de machine met koud water en gebruik een fijnwasprogramma om de kleuren beter te beschermen.<\/p>","protected":false},"excerpt":{"rendered":"<p>Nach dem einfarbigen Trikot von 21-22 ist das Nike PSG Trikot 2022-23 blau mit einem wei\u00dfen Mittelstreifen, der von d\u00fcnneren roten Streifen umgeben ist &#8211; ein umgekehrter Hechter, wenn du so willst. Die R\u00fcckseite ist einfarbig blau.Die Logos auf dem Paris Saint-Germain 22-23 Trikot sind mittig platziert, wobei der Swoosh unter dem Vereinswappen zu sehen [&hellip;]<\/p>","protected":false},"featured_media":6774,"comment_status":"open","ping_status":"closed","template":"","meta":[],"product_brand":[],"product_cat":[39],"product_tag":[286,20,43,21,22,23,24,44,41,244,290],"class_list":{"0":"post-6738","1":"product","2":"type-product","3":"status-publish","4":"has-post-thumbnail","6":"product_cat-paris-saint-germain","7":"product_tag-alle-neuen-psg-trikots","8":"product_tag-coole-fussballtrikots","9":"product_tag-fussballkleidung","10":"product_tag-fussballtrikot-fuer-herren","11":"product_tag-fussballtrikot-guenstig-kaufen","12":"product_tag-fussballtrikot-kurzarm","13":"product_tag-guenstiges-fussballtrikot","14":"product_tag-paris-saint-germain-auswaertstrikot","15":"product_tag-paris-saint-germain-trikots","16":"product_tag-psg-trikot-2022-23","17":"product_tag-psg-trikot-2022-23-fussballtrikots","19":"first","20":"instock","21":"shipping-taxable","22":"purchasable","23":"product-type-variable"},"_links":{"self":[{"href":"https:\/\/www.billigtrikotde.com\/nl\/wp-json\/wp\/v2\/product\/6738","targetHints":{"allow":["GET"]}}],"collection":[{"href":"https:\/\/www.billigtrikotde.com\/nl\/wp-json\/wp\/v2\/product"}],"about":[{"href":"https:\/\/www.billigtrikotde.com\/nl\/wp-json\/wp\/v2\/types\/product"}],"replies":[{"embeddable":true,"href":"https:\/\/www.billigtrikotde.com\/nl\/wp-json\/wp\/v2\/comments?post=6738"}],"wp:featuredmedia":[{"embeddable":true,"href":"https:\/\/www.billigtrikotde.com\/nl\/wp-json\/wp\/v2\/media\/6774"}],"wp:attachment":[{"href":"https:\/\/www.billigtrikotde.com\/nl\/wp-json\/wp\/v2\/media?parent=6738"}],"wp:term":[{"taxonomy":"product_brand","embeddable":true,"href":"https:\/\/www.billigtrikotde.com\/nl\/wp-json\/wp\/v2\/product_brand?post=6738"},{"taxonomy":"product_cat","embeddable":true,"href":"https:\/\/www.billigtrikotde.com\/nl\/wp-json\/wp\/v2\/product_cat?post=6738"},{"taxonomy":"product_tag","embeddable":true,"href":"https:\/\/www.billigtrikotde.com\/nl\/wp-json\/wp\/v2\/product_tag?post=6738"}],"curies":[{"name":"wp","href":"https:\/\/api.w.org\/{rel}","templated":true}]}}