{"id":6612,"date":"2024-10-23T17:49:31","date_gmt":"2024-10-23T15:49:31","guid":{"rendered":"http:\/\/billigtrikots.com\/?post_type=product&#038;p=6612"},"modified":"2024-10-23T17:51:09","modified_gmt":"2024-10-23T15:51:09","slug":"fussballtrikot-fuer-herren-united-states-away-kit-wm-2022-usa-blau-trikotsatz-lloyd-10","status":"publish","type":"product","link":"https:\/\/www.billigtrikotde.com\/nl\/fussballtrikot-fuer-herren-united-states-away-kit-wm-2022-usa-blau-trikotsatz-lloyd-10\/","title":{"rendered":"Voetbalshirt voor heren United States Away Kit WK 2022 USA blauw Kit LLOYD 10"},"content":{"rendered":"<p>We kunnen de eerste informatie over het nieuwe tricot 2022 van Nederland van Nike vrijgeven. Dank aan Gol de Sergio. Nederland staat momenteel tweede in de laatste ronde van de CONCACAF-kwalificatie voor het FIFA Wereldkampioenschap voetbal 2022. De eerste drie teams plaatsen zich rechtstreeks, het vierde team wordt in play-offs tussen de bonden gespeeld. Dit beeld toont de kleuren van het nieuwe Nike US Soccer thuisshirt voor het WK 2022.<br \/>\nHet Nike Nederland 2022 tricot combineert de meest traditionele kleuren van het Nederlandse voetbalteam \u2013 wit en marineblauw. Officieel heten de kleuren \u201eWhite \/ Loyal Blue\u201c. Loyal Blue is dezelfde kleur die ook wordt gebruikt voor het uitshirt 2020. Wat bijzonder is aan het Nike Nederland 2022 WK-shirt, is de waarschijnlijke plaatsing van de Swoosh. In plaats van het Nike-logo op de voorkant, zullen de Swooshes waarschijnlijk op de mouwen verschijnen. Het is hetzelfde logo-ontwerp dat we kennen van de NFL. Het is nog nooit gebruikt op een Nike voetbalshirt. Het nummer op de voorkant zou aan de tegenovergestelde kant van het Nederlandse voetbalwapen staan.<\/p>\n<p>Tips voor het afdrukken: Als de naam en het nummer op de foto precies zijn wat je wilt, hoef je ze niet opnieuw in te voeren. Zo niet, dan moet je de gewenste naam en het gewenste nummer invoeren.<\/p>\n<p>Wastips: Het wordt aanbevolen om voetbalshirts met de hand te wassen. Als je de wasmachine wilt gebruiken, denk er dan aan om voetbalshirts binnenstebuiten te draaien en vervolgens te wassen. Vul de machine met koud water en gebruik een fijnwasprogramma om de kleuren beter te beschermen.<\/p>","protected":false},"excerpt":{"rendered":"<p>Wir k\u00f6nnen die ersten Informationen \u00fcber das neue Trikot 2022 der Vereinigten Staaten von Amerika von Nike ver\u00f6ffentlichen. Danke an Gol de Sergio.Die USA sind derzeit Zweiter in der letzten Runde der CONCACAF-Qualifikation f\u00fcr die FIFA Fussball-Weltmeisterschaft 2022. Die ersten drei Mannschaften qualifizieren sich direkt, die viertplatzierte Mannschaft wird in Play-offs zwischen den Verb\u00e4nden ausgespielt.Dieses [&hellip;]<\/p>","protected":false},"featured_media":6645,"comment_status":"open","ping_status":"closed","template":"","meta":[],"product_brand":[],"product_cat":[245],"product_tag":[20,43,21,22,23,24,246,287,247,248,249,250,288],"class_list":{"0":"post-6612","1":"product","2":"type-product","3":"status-publish","4":"has-post-thumbnail","6":"product_cat-usa-trikots","7":"product_tag-coole-fussballtrikots","8":"product_tag-fussballkleidung","9":"product_tag-fussballtrikot-fuer-herren","10":"product_tag-fussballtrikot-guenstig-kaufen","11":"product_tag-fussballtrikot-kurzarm","12":"product_tag-guenstiges-fussballtrikot","13":"product_tag-united-states-2022-trikot","14":"product_tag-united-states-heimtrikot","15":"product_tag-usa-fussball-shop","16":"product_tag-usa-fussball-trikot","17":"product_tag-usa-nationalmannschaft","18":"product_tag-usa-trikot-herren","19":"product_tag-usa-trikots","21":"first","22":"instock","23":"shipping-taxable","24":"purchasable","25":"product-type-variable"},"_links":{"self":[{"href":"https:\/\/www.billigtrikotde.com\/nl\/wp-json\/wp\/v2\/product\/6612","targetHints":{"allow":["GET"]}}],"collection":[{"href":"https:\/\/www.billigtrikotde.com\/nl\/wp-json\/wp\/v2\/product"}],"about":[{"href":"https:\/\/www.billigtrikotde.com\/nl\/wp-json\/wp\/v2\/types\/product"}],"replies":[{"embeddable":true,"href":"https:\/\/www.billigtrikotde.com\/nl\/wp-json\/wp\/v2\/comments?post=6612"}],"wp:featuredmedia":[{"embeddable":true,"href":"https:\/\/www.billigtrikotde.com\/nl\/wp-json\/wp\/v2\/media\/6645"}],"wp:attachment":[{"href":"https:\/\/www.billigtrikotde.com\/nl\/wp-json\/wp\/v2\/media?parent=6612"}],"wp:term":[{"taxonomy":"product_brand","embeddable":true,"href":"https:\/\/www.billigtrikotde.com\/nl\/wp-json\/wp\/v2\/product_brand?post=6612"},{"taxonomy":"product_cat","embeddable":true,"href":"https:\/\/www.billigtrikotde.com\/nl\/wp-json\/wp\/v2\/product_cat?post=6612"},{"taxonomy":"product_tag","embeddable":true,"href":"https:\/\/www.billigtrikotde.com\/nl\/wp-json\/wp\/v2\/product_tag?post=6612"}],"curies":[{"name":"wp","href":"https:\/\/api.w.org\/{rel}","templated":true}]}}