{"id":6468,"date":"2024-10-23T17:42:40","date_gmt":"2024-10-23T15:42:40","guid":{"rendered":"http:\/\/billigtrikots.com\/?post_type=product&#038;p=6468"},"modified":"2024-10-23T17:44:18","modified_gmt":"2024-10-23T15:44:18","slug":"fc-barcelona-2022-23-home-kit-heimtrikot-kurzarm-fussballtrikots-xavi-6","status":"publish","type":"product","link":"https:\/\/www.billigtrikotde.com\/nl\/fc-barcelona-2022-23-home-kit-heimtrikot-kurzarm-fussballtrikots-xavi-6\/","title":{"rendered":"FC Barcelona 2022\/23 Thuis Set Thuistrui Kortmouw Voetbaltrui XAVI 6"},"content":{"rendered":"<p>De thuiswedstrijdtrui van FC Barcelona 2022-23 introduceert een stijlvolle look en voegt de traditionele Blaugrana-strepen donkerblauw toe. De mouwen en de kraag van de Barcelona 22-23-trui zijn effen donkerblauw, terwijl de voorkant vrij brede strepen vertoont in donkerblauw, koningsblauw en rood. De offici\u00eble naam van het gebruikte donkerblauw op de trui is \u201eObsidian\u201d, wat ook de kleur van de logo's op de gouden uitwedstrijdtrui is.<br \/>\nDe thuiswedstrijdtrui van Barcelona 2022\/23 voegt twee donkerblauwe verticale strepen toe aan de iconische koningsblauwe en rode strepen van de club. De kleuren van de Catalaanse vlag zijn op de nek geplaatst. Voor de voormalige Europees kampioen wordt voor het eerst een marineblauwe blok gebruikt voor de bovenste borst, de schouders en de mouw.<\/p>\n<p>Tips voor het afdrukken: Als de naam en het nummer op de foto precies zijn wat je wilt, hoef je ze niet opnieuw in te voeren. Zo niet, dan moet je de gewenste naam en het gewenste nummer invoeren.<\/p>\n<p>Wastips: Het wordt aanbevolen om voetbalshirts met de hand te wassen. Als je de wasmachine wilt gebruiken, denk er dan aan om voetbalshirts binnenstebuiten te draaien en vervolgens te wassen. Vul de machine met koud water en gebruik een fijnwasprogramma om de kleuren beter te beschermen.<\/p>","protected":false},"excerpt":{"rendered":"<p>Das FC Barcelona 2022-23 Heimtrikot f\u00fchrt einen stylischen Look ein und f\u00fcgt den traditionellen Blaugrana-Streifen Dunkelblau hinzu. Die \u00c4rmel und der Kragen des Barcelona 22-23 Trikots sind einfarbig dunkelblau, w\u00e4hrend die Vorderseite ziemlich breite Streifen in Dunkelblau, K\u00f6nigsblau und Rot aufweist. Der offizielle Name des auf dem Trikot verwendeten Dunkelblaus ist \u201eObsidian\u201c, was auch die [&hellip;]<\/p>","protected":false},"featured_media":6501,"comment_status":"open","ping_status":"closed","template":"","meta":[],"product_brand":[],"product_cat":[31],"product_tag":[20,282,283,33,21,22,23,24],"class_list":{"0":"post-6468","1":"product","2":"type-product","3":"status-publish","4":"has-post-thumbnail","6":"product_cat-fc-barcelona","7":"product_tag-coole-fussballtrikots","8":"product_tag-fc-barcelona-2022-23-trikots","9":"product_tag-fc-barcelona-22-23-auswaertstrikot","10":"product_tag-fc-barcelona-trikots","11":"product_tag-fussballtrikot-fuer-herren","12":"product_tag-fussballtrikot-guenstig-kaufen","13":"product_tag-fussballtrikot-kurzarm","14":"product_tag-guenstiges-fussballtrikot","16":"first","17":"instock","18":"shipping-taxable","19":"purchasable","20":"product-type-variable"},"_links":{"self":[{"href":"https:\/\/www.billigtrikotde.com\/nl\/wp-json\/wp\/v2\/product\/6468","targetHints":{"allow":["GET"]}}],"collection":[{"href":"https:\/\/www.billigtrikotde.com\/nl\/wp-json\/wp\/v2\/product"}],"about":[{"href":"https:\/\/www.billigtrikotde.com\/nl\/wp-json\/wp\/v2\/types\/product"}],"replies":[{"embeddable":true,"href":"https:\/\/www.billigtrikotde.com\/nl\/wp-json\/wp\/v2\/comments?post=6468"}],"wp:featuredmedia":[{"embeddable":true,"href":"https:\/\/www.billigtrikotde.com\/nl\/wp-json\/wp\/v2\/media\/6501"}],"wp:attachment":[{"href":"https:\/\/www.billigtrikotde.com\/nl\/wp-json\/wp\/v2\/media?parent=6468"}],"wp:term":[{"taxonomy":"product_brand","embeddable":true,"href":"https:\/\/www.billigtrikotde.com\/nl\/wp-json\/wp\/v2\/product_brand?post=6468"},{"taxonomy":"product_cat","embeddable":true,"href":"https:\/\/www.billigtrikotde.com\/nl\/wp-json\/wp\/v2\/product_cat?post=6468"},{"taxonomy":"product_tag","embeddable":true,"href":"https:\/\/www.billigtrikotde.com\/nl\/wp-json\/wp\/v2\/product_tag?post=6468"}],"curies":[{"name":"wp","href":"https:\/\/api.w.org\/{rel}","templated":true}]}}