{"id":6177,"date":"2024-10-23T17:28:30","date_gmt":"2024-10-23T15:28:30","guid":{"rendered":"http:\/\/billigtrikots.com\/?post_type=product&#038;p=6177"},"modified":"2024-10-23T17:30:33","modified_gmt":"2024-10-23T15:30:33","slug":"kinder-fussballtrikots-liverpool-heimtrikot-2022-23-rot-kurzarm-kurze-hosen","status":"publish","type":"product","link":"https:\/\/www.billigtrikotde.com\/nl\/kinder-fussballtrikots-liverpool-heimtrikot-2022-23-rot-kurzarm-kurze-hosen\/","title":{"rendered":"Kinder voetbalshirts Liverpool Thuisshirt 2022\/23 Rood Korte Mouw + Korte Broek"},"content":{"rendered":"<p>Een zachte en lichte trui met Nike Dri-Fit-technologie, een kledingstuk dat voorkomt dat zweet tijdens je wedstrijd of training binnenkomt. Blijf droog na je versnellingen. Liverpool heeft enkele van de meest gepassioneerde fans ter wereld en het is een heel bijzondere ervaring, wanneer de fans van de Reds op The Kop en de rest van het Anfield-stadion, waar de club thuis is, het wereldberoemde 'You'll Never Walk Alone' inzetten. Liverpool heeft tot nu toe 19 kampioenschappen kunnen binnenhalen, maar ze hunkeren nog steeds naar meer successen en trofee\u00ebn.<\/p>\n<p>Tips voor het afdrukken: Als de naam en het nummer op de foto precies zijn wat je wilt, hoef je ze niet opnieuw in te voeren. Zo niet, dan moet je de gewenste naam en het gewenste nummer invoeren.<\/p>\n<p>Wastips: Het wordt aanbevolen om voetbalshirts met de hand te wassen. Als je de wasmachine wilt gebruiken, denk er dan aan om voetbalshirts binnenstebuiten te draaien en vervolgens te wassen. Vul de machine met koud water en gebruik een fijnwasprogramma om de kleuren beter te beschermen.<\/p>","protected":false},"excerpt":{"rendered":"<p>Un maillot souple et l\u00e9ger dot\u00e9 de la technologie Nike Dri Fit, un v\u00eatement qui emp\u00eache la transpiration de s&#8217;inviter lors de votre match ou entrainement. Rester au sec apr\u00e8s vos acc\u00e9l\u00e9rations.Liverpool hat einige der leidenschaftlichsten Fans der Welt und es ist ein ganz besonderes Erlebnis, wenn die Fans der Reds auf The Kop und [&hellip;]<\/p>","protected":false},"featured_media":6215,"comment_status":"open","ping_status":"closed","template":"","meta":[],"product_brand":[],"product_cat":[151],"product_tag":[20,21,22,23,24,94,152,277,153,154],"class_list":{"0":"post-6177","1":"product","2":"type-product","3":"status-publish","4":"has-post-thumbnail","6":"product_cat-liverpool-kindertrikot","7":"product_tag-coole-fussballtrikots","8":"product_tag-fussballtrikot-fuer-herren","9":"product_tag-fussballtrikot-guenstig-kaufen","10":"product_tag-fussballtrikot-kurzarm","11":"product_tag-guenstiges-fussballtrikot","12":"product_tag-kinder-fussball-trikotsatz","13":"product_tag-liverpool-heimtrikot","14":"product_tag-liverpool-kinder-trikot-set","15":"product_tag-liverpool-trikots","16":"product_tag-liverpool-trikotsatz-fuer-kinder","18":"first","19":"instock","20":"shipping-taxable","21":"purchasable","22":"product-type-variable"},"_links":{"self":[{"href":"https:\/\/www.billigtrikotde.com\/nl\/wp-json\/wp\/v2\/product\/6177","targetHints":{"allow":["GET"]}}],"collection":[{"href":"https:\/\/www.billigtrikotde.com\/nl\/wp-json\/wp\/v2\/product"}],"about":[{"href":"https:\/\/www.billigtrikotde.com\/nl\/wp-json\/wp\/v2\/types\/product"}],"replies":[{"embeddable":true,"href":"https:\/\/www.billigtrikotde.com\/nl\/wp-json\/wp\/v2\/comments?post=6177"}],"wp:featuredmedia":[{"embeddable":true,"href":"https:\/\/www.billigtrikotde.com\/nl\/wp-json\/wp\/v2\/media\/6215"}],"wp:attachment":[{"href":"https:\/\/www.billigtrikotde.com\/nl\/wp-json\/wp\/v2\/media?parent=6177"}],"wp:term":[{"taxonomy":"product_brand","embeddable":true,"href":"https:\/\/www.billigtrikotde.com\/nl\/wp-json\/wp\/v2\/product_brand?post=6177"},{"taxonomy":"product_cat","embeddable":true,"href":"https:\/\/www.billigtrikotde.com\/nl\/wp-json\/wp\/v2\/product_cat?post=6177"},{"taxonomy":"product_tag","embeddable":true,"href":"https:\/\/www.billigtrikotde.com\/nl\/wp-json\/wp\/v2\/product_tag?post=6177"}],"curies":[{"name":"wp","href":"https:\/\/api.w.org\/{rel}","templated":true}]}}