{"id":5825,"date":"2024-10-23T17:12:23","date_gmt":"2024-10-23T15:12:23","guid":{"rendered":"http:\/\/billigtrikots.com\/?post_type=product&#038;p=5825"},"modified":"2024-10-23T17:14:31","modified_gmt":"2024-10-23T15:14:31","slug":"herren-kroatien-heimtrikot-wm-2022-weiss-rot-kaufen-kurzarm-kurze-hosen-gvardiol-25","status":"publish","type":"product","link":"https:\/\/www.billigtrikotde.com\/nl\/herren-kroatien-heimtrikot-wm-2022-weiss-rot-kaufen-kurzarm-kurze-hosen-gvardiol-25\/","title":{"rendered":"Heren Kroati\u00eb Thuisshirt WK 2022 Wit Rood Koop Korte Broek + Korte Broek GVARDIOL #25"},"content":{"rendered":"<p>We hebben nieuwe informatie ontvangen over het shirt van Nederland voor het WK 2022. De Swoosh-kleur \u201eBattle Blue\u201c is inderdaad koningsblauw. We hebben een mock-up gemaakt van een mogelijke volledige look, gebaseerd op het Nike-sjabloon voor het WK 2022 en ge\u00efnspireerd door de gelekte shirts van 22-23.<\/p>\n<p>Het Nike Nederland 2022 shirt combineert slechts twee hoofdkleuren in de interne Nike-gegevens \u2013 wit en Battle Blue. Het ontbreekt aan rood, dat wordt gebruikt voor het beroemde ruitpatroon. Het Barcelona 22-23 shirt heeft in de Nike-gegevens ook geen rood \u2013 het is alleen \u201eObsidian \/ Sesam\u201c. Het definitieve Barcelona 22-23 shirt is rood, marineblauw en blauw gestreept. Battle Blue is eigenlijk nieuw voor Nederland. Het is een iets lichtere koningsblauw dan het blauw van de eerdere thuisshirts.<br \/>\nHet lijkt zeker dat wit de hoofdkleur zal zijn en Battle Blue wordt gebruikt voor de logo's. Net als bij het Barcelona-shirt kunnen de mouwen effen (wit) zijn.<\/p>\n<p>Tips voor het afdrukken: Als de naam en het nummer op de foto precies zijn wat je wilt, hoef je ze niet opnieuw in te voeren. Zo niet, dan moet je de gewenste naam en het gewenste nummer invoeren.<\/p>\n<p>Wastips: Het wordt aanbevolen om voetbalshirts met de hand te wassen. Als je de wasmachine wilt gebruiken, denk er dan aan om voetbalshirts binnenstebuiten te draaien en vervolgens te wassen. Vul de machine met koud water en gebruik een fijnwasprogramma om de kleuren beter te beschermen.<\/p>","protected":false},"excerpt":{"rendered":"<p>Wir haben neue Informationen \u00fcber das Trikot von Kroatien f\u00fcr die Weltmeisterschaft 2022 erhalten. Die Swoosh-Farbe \u201eBattle Blue\u201c ist tats\u00e4chlich ein K\u00f6nigsblau. Wir haben ein Mock-up eines m\u00f6glichen vollst\u00e4ndigen Looks erstellt, das auf der Nike-Template f\u00fcr die WM 2022 basiert und von den durchgesickerten 22-23 Trikots inspiriert ist. Das Nike Kroatien 2022 Trikot kombiniert nur [\u2026]<\/p>","protected":false},"featured_media":5857,"comment_status":"open","ping_status":"closed","template":"","meta":[],"product_brand":[],"product_cat":[261],"product_tag":[20,35,21,22,23,24,262,263,264],"class_list":{"0":"post-5825","1":"product","2":"type-product","3":"status-publish","4":"has-post-thumbnail","6":"product_cat-kroatien-trikots","7":"product_tag-coole-fussballtrikots","8":"product_tag-fussball-torwarttrikots","9":"product_tag-fussballtrikot-fuer-herren","10":"product_tag-fussballtrikot-guenstig-kaufen","11":"product_tag-fussballtrikot-kurzarm","12":"product_tag-guenstiges-fussballtrikot","13":"product_tag-kroatien-heimtrikot","14":"product_tag-kroatien-trikot-herren","15":"product_tag-kroatien-trikots","17":"first","18":"instock","19":"shipping-taxable","20":"purchasable","21":"product-type-variable"},"_links":{"self":[{"href":"https:\/\/www.billigtrikotde.com\/nl\/wp-json\/wp\/v2\/product\/5825","targetHints":{"allow":["GET"]}}],"collection":[{"href":"https:\/\/www.billigtrikotde.com\/nl\/wp-json\/wp\/v2\/product"}],"about":[{"href":"https:\/\/www.billigtrikotde.com\/nl\/wp-json\/wp\/v2\/types\/product"}],"replies":[{"embeddable":true,"href":"https:\/\/www.billigtrikotde.com\/nl\/wp-json\/wp\/v2\/comments?post=5825"}],"wp:featuredmedia":[{"embeddable":true,"href":"https:\/\/www.billigtrikotde.com\/nl\/wp-json\/wp\/v2\/media\/5857"}],"wp:attachment":[{"href":"https:\/\/www.billigtrikotde.com\/nl\/wp-json\/wp\/v2\/media?parent=5825"}],"wp:term":[{"taxonomy":"product_brand","embeddable":true,"href":"https:\/\/www.billigtrikotde.com\/nl\/wp-json\/wp\/v2\/product_brand?post=5825"},{"taxonomy":"product_cat","embeddable":true,"href":"https:\/\/www.billigtrikotde.com\/nl\/wp-json\/wp\/v2\/product_cat?post=5825"},{"taxonomy":"product_tag","embeddable":true,"href":"https:\/\/www.billigtrikotde.com\/nl\/wp-json\/wp\/v2\/product_tag?post=5825"}],"curies":[{"name":"wp","href":"https:\/\/api.w.org\/{rel}","templated":true}]}}