{"id":5681,"date":"2024-10-23T17:05:53","date_gmt":"2024-10-23T15:05:53","guid":{"rendered":"http:\/\/billigtrikots.com\/?post_type=product&#038;p=5681"},"modified":"2024-10-23T17:07:53","modified_gmt":"2024-10-23T15:07:53","slug":"wales-heimtrikots-2022-rot-trikotsatz-kurzarm-kurze-hosen-hennessey-1","status":"publish","type":"product","link":"https:\/\/www.billigtrikotde.com\/nl\/wales-heimtrikots-2022-rot-trikotsatz-kurzarm-kurze-hosen-hennessey-1\/","title":{"rendered":"Wales rood thuisshirt 2022 korte mouw + korte broek HENNESSEY #1"},"content":{"rendered":"<p>Wales heeft kwalificatie voor de UEFA Women's EURO 2022 misgelopen na de derde plaats in hun groep achter Noorwegen en Noord-Ierland. Toch geeft het Wales 2022 damesshirt ons een idee van wat we kunnen verwachten van de Adidas shirts voor het toernooi. Het Adidas Wales 2022 thuisshirt voor vrouwen heeft een duidelijk ontwerp in rood met witte en groene boorden op de kraag en mouwen. De Adidas en Wales logo's zijn in het midden geplaatst.<\/p>\n<p>Tips voor het afdrukken: Als de naam en het nummer op de foto precies zijn wat je wilt, hoef je ze niet opnieuw in te voeren. Zo niet, dan moet je de gewenste naam en het gewenste nummer invoeren.<\/p>\n<p>Wastips: Het wordt aanbevolen om voetbalshirts met de hand te wassen. Als je de wasmachine wilt gebruiken, denk er dan aan om voetbalshirts binnenstebuiten te draaien en vervolgens te wassen. Vul de machine met koud water en gebruik een fijnwasprogramma om de kleuren beter te beschermen.<\/p>","protected":false},"excerpt":{"rendered":"<p>Wales verpasste die Qualifikation f\u00fcr die UEFA-Frauen-Europameisterschaft 2022, nachdem es in seiner Gruppe hinter Norwegen und Nordirland Dritter wurde. Trotzdem gibt uns das Trikot der Frauen von Wales 2022 einen Eindruck davon, was wir von den Adidas-Trikots f\u00fcr das Turnier erwarten k\u00f6nnen.Das Adidas Wales 2022 Heim trikot f\u00fcr Frauen hat ein klares Design in Rot [&hellip;]<\/p>","protected":false},"featured_media":5711,"comment_status":"open","ping_status":"closed","template":"","meta":[],"product_brand":[],"product_cat":[255],"product_tag":[20,21,22,23,24,256,257],"class_list":{"0":"post-5681","1":"product","2":"type-product","3":"status-publish","4":"has-post-thumbnail","6":"product_cat-wales-trikots","7":"product_tag-coole-fussballtrikots","8":"product_tag-fussballtrikot-fuer-herren","9":"product_tag-fussballtrikot-guenstig-kaufen","10":"product_tag-fussballtrikot-kurzarm","11":"product_tag-guenstiges-fussballtrikot","12":"product_tag-wales-2022-trikot","13":"product_tag-wales-trikots","15":"first","16":"instock","17":"shipping-taxable","18":"purchasable","19":"product-type-variable"},"_links":{"self":[{"href":"https:\/\/www.billigtrikotde.com\/nl\/wp-json\/wp\/v2\/product\/5681","targetHints":{"allow":["GET"]}}],"collection":[{"href":"https:\/\/www.billigtrikotde.com\/nl\/wp-json\/wp\/v2\/product"}],"about":[{"href":"https:\/\/www.billigtrikotde.com\/nl\/wp-json\/wp\/v2\/types\/product"}],"replies":[{"embeddable":true,"href":"https:\/\/www.billigtrikotde.com\/nl\/wp-json\/wp\/v2\/comments?post=5681"}],"wp:featuredmedia":[{"embeddable":true,"href":"https:\/\/www.billigtrikotde.com\/nl\/wp-json\/wp\/v2\/media\/5711"}],"wp:attachment":[{"href":"https:\/\/www.billigtrikotde.com\/nl\/wp-json\/wp\/v2\/media?parent=5681"}],"wp:term":[{"taxonomy":"product_brand","embeddable":true,"href":"https:\/\/www.billigtrikotde.com\/nl\/wp-json\/wp\/v2\/product_brand?post=5681"},{"taxonomy":"product_cat","embeddable":true,"href":"https:\/\/www.billigtrikotde.com\/nl\/wp-json\/wp\/v2\/product_cat?post=5681"},{"taxonomy":"product_tag","embeddable":true,"href":"https:\/\/www.billigtrikotde.com\/nl\/wp-json\/wp\/v2\/product_tag?post=5681"}],"curies":[{"name":"wp","href":"https:\/\/api.w.org\/{rel}","templated":true}]}}