{"id":5155,"date":"2024-10-23T16:26:31","date_gmt":"2024-10-23T14:26:31","guid":{"rendered":"http:\/\/billigtrikots.com\/?post_type=product&#038;p=5155"},"modified":"2024-10-23T16:28:43","modified_gmt":"2024-10-23T14:28:43","slug":"brasilien-2022-wm-heimtrikots-gelb-trikotsatz-kurzarm-kurze-hosen-blau-a-becke-1","status":"publish","type":"product","link":"https:\/\/www.billigtrikotde.com\/nl\/brasilien-2022-wm-heimtrikots-gelb-trikotsatz-kurzarm-kurze-hosen-blau-a-becke-1\/","title":{"rendered":"Brazili\u00eb 2022 Wereldkampioenschap Voetbal Thuisshirts Gele Kit Korte Mouw + Korte Broek Blauw A.BECKE 1"},"content":{"rendered":"<p>In de aanloop naar de wedstrijd Brazili\u00eb tegen Argentini\u00eb van morgen hebben we meer details gekregen over het ontwerp van de thuisset voor het WK 2022. Het door Nike geproduceerde WK 2022 shirt wordt in de tweede helft van het jaar onthuld en heeft een nieuw, feller kleurenschema. Het Nike Brazili\u00eb 2022 voetbalshirt ruilt het klassieke geel in voor een fel geel, officieel \"Dynamic Yellow\". Het uiterlijk van de kleur is aan ons beschreven als \"bijna neon geel\".<\/p>\n<p>Wat betreft het ontwerp, het Brazili\u00eb 2022 Wereldkampioenschap shirt zal een kleine traditionele kraag hebben, geel gekleurd en versierd met een groene en een blauwe streep. De kleuren van het Nike Brazili\u00eb 2022 WK thuistrui doen denken aan het WK-winnaarstrui van 2002 - het kan gezien worden als een eerbetoon aan de 20e verjaardag van de release ervan.Nike combineert het Nike Brazili\u00eb 2022 shirt met heldere turquoise groene logo's (Green Spark) en een rijk blauw voor details (Paramount Blue).<\/p>\n<p>Tips voor het afdrukken: Als de naam en het nummer op de foto precies zijn wat je wilt, hoef je ze niet opnieuw in te voeren. Zo niet, dan moet je de gewenste naam en het gewenste nummer invoeren.<\/p>\n<p>Wastips: Het wordt aanbevolen om voetbalshirts met de hand te wassen. Als je de wasmachine wilt gebruiken, denk er dan aan om voetbalshirts binnenstebuiten te draaien en vervolgens te wassen. Vul de machine met koud water en gebruik een fijnwasprogramma om de kleuren beter te beschermen.<\/p>","protected":false},"excerpt":{"rendered":"<p>Vor dem morgigen Spiel Brasilien gegen Argentinien haben wir genauere Informationen \u00fcber das Design des Heimtrikots f\u00fcr die WM 2022 erhalten.Das von Nike hergestellte Trikot f\u00fcr die WM 2022 wird in der zweiten Jahresh\u00e4lfte vorgestellt und hat ein neues, helleres Farbschema.Das Nike Brasilien 2022 Fu\u00dfballtrikot tauscht das klassische Gelb gegen ein leuchtendes Gelb, offiziell &#8222;Dynamic [&hellip;]<\/p>","protected":false},"featured_media":5195,"comment_status":"open","ping_status":"closed","template":"","meta":[],"product_brand":[],"product_cat":[112],"product_tag":[20,210,114,222,21,22,23,24],"class_list":{"0":"post-5155","1":"product","2":"type-product","3":"status-publish","4":"has-post-thumbnail","6":"product_cat-brasilien-trikots","7":"product_tag-coole-fussballtrikots","8":"product_tag-brasilien-auswaertstrikot","9":"product_tag-brasilien-trikots","10":"product_tag-fussball-wm-2022-trikots","11":"product_tag-fussballtrikot-fuer-herren","12":"product_tag-fussballtrikot-guenstig-kaufen","13":"product_tag-fussballtrikot-kurzarm","14":"product_tag-guenstiges-fussballtrikot","16":"first","17":"instock","18":"shipping-taxable","19":"purchasable","20":"product-type-variable"},"_links":{"self":[{"href":"https:\/\/www.billigtrikotde.com\/nl\/wp-json\/wp\/v2\/product\/5155","targetHints":{"allow":["GET"]}}],"collection":[{"href":"https:\/\/www.billigtrikotde.com\/nl\/wp-json\/wp\/v2\/product"}],"about":[{"href":"https:\/\/www.billigtrikotde.com\/nl\/wp-json\/wp\/v2\/types\/product"}],"replies":[{"embeddable":true,"href":"https:\/\/www.billigtrikotde.com\/nl\/wp-json\/wp\/v2\/comments?post=5155"}],"wp:featuredmedia":[{"embeddable":true,"href":"https:\/\/www.billigtrikotde.com\/nl\/wp-json\/wp\/v2\/media\/5195"}],"wp:attachment":[{"href":"https:\/\/www.billigtrikotde.com\/nl\/wp-json\/wp\/v2\/media?parent=5155"}],"wp:term":[{"taxonomy":"product_brand","embeddable":true,"href":"https:\/\/www.billigtrikotde.com\/nl\/wp-json\/wp\/v2\/product_brand?post=5155"},{"taxonomy":"product_cat","embeddable":true,"href":"https:\/\/www.billigtrikotde.com\/nl\/wp-json\/wp\/v2\/product_cat?post=5155"},{"taxonomy":"product_tag","embeddable":true,"href":"https:\/\/www.billigtrikotde.com\/nl\/wp-json\/wp\/v2\/product_tag?post=5155"}],"curies":[{"name":"wp","href":"https:\/\/api.w.org\/{rel}","templated":true}]}}