{"id":5076,"date":"2024-10-23T16:22:03","date_gmt":"2024-10-23T14:22:03","guid":{"rendered":"http:\/\/billigtrikots.com\/?post_type=product&#038;p=5076"},"modified":"2024-10-23T16:24:42","modified_gmt":"2024-10-23T14:24:42","slug":"fc-barcelona-2022-23-heimtrikot-dunkles-blau-trikotsatz-kurzarm-mit-aufdruck-neto-13","status":"publish","type":"product","link":"https:\/\/www.billigtrikotde.com\/nl\/fc-barcelona-2022-23-heimtrikot-dunkles-blau-trikotsatz-kurzarm-mit-aufdruck-neto-13\/","title":{"rendered":"FC Barcelona 2022\/23 Thuisshirt donkerblauw Set korte mouwen met opdruk NETO 13"},"content":{"rendered":"<p>Das FC Barcelona 2022-23 Trikot f\u00fchrt einen stilvollen Look ein, indem es die traditionellen Blaugrana-Streifen um Dunkelblau erg\u00e4nzt.<\/p>\n<p>Die \u00c4rmel und der Kragen des Barcelona 22-23 Trikots sind einfarbig marineblau, w\u00e4hrend die Vorderseite recht breite Streifen in marineblau, k\u00f6nigsblau und rot aufweist.<\/p>\n<p>Der offizielle Name des Dunkelblaus auf dem Trikot ist \u201cObsidian\u201d, was auch die Farbe der Logos auf dem goldenen Ausw\u00e4rtstrikot ist.<\/p>\n<p>Innerhalb der blauen und roten Streifen auf der Vorderseite des Nike FC Barcelona 2022-2023 Heimtrikots befindet sich ein dezenter Aufdruck, der auch auf verschiedenen anderen Artikeln der Kollektion zu sehen sein wird, darunter auch auf dem Pre-Match-Shirt.<\/p>\n<p>Einem fr\u00fcheren Bericht von SPORT zufolge wurde das Design auch von den Olympischen Spielen 1992 in Barcelona und dem Wandel, den die Stadt erlebt hat, inspiriert. Diese Inspiration ist auf dem Ausw\u00e4rtstrikot noch deutlicher zu sehen, das mit Verzierungen im Design der olympischen Medaillenb\u00e4nder von vor 30 Jahren aufwartet.<\/p>\n<p>Die Hosen und Stutzen des Barcelona 22-23 Heimtrikots spiegeln die dunkelblaue Farbe wider, ein wiederkehrendes Thema in der Geschichte der Heimtrikots des katalanischen Vereins.<\/p>\n<p>Tips voor het afdrukken: Als de naam en het nummer op de foto precies zijn wat je wilt, hoef je ze niet opnieuw in te voeren. Zo niet, dan moet je de gewenste naam en het gewenste nummer invoeren.<\/p>\n<p>Wastips: Het wordt aanbevolen om voetbalshirts met de hand te wassen. Als je de wasmachine wilt gebruiken, denk er dan aan om voetbalshirts binnenstebuiten te draaien en vervolgens te wassen. Vul de machine met koud water en gebruik een fijnwasprogramma om de kleuren beter te beschermen.<\/p>","protected":false},"excerpt":{"rendered":"<p>Het FC Barcelona 2022-23 shirt introduceert een stijlvolle look door de traditionele Blaugrana-strepen aan te vullen met donkerblauw. De mouwen en de kraag van het Barcelona 22-23 shirt zijn effen marineblauw, terwijl de voorkant brede strepen vertoont in marineblauw, koningsblauw en rood. De offici\u00eble naam van het donkerblauw op het shirt is \u201cObsidian\u201d, wat ook de [\u2026]<\/p>","protected":false},"featured_media":5112,"comment_status":"open","ping_status":"closed","template":"","meta":[],"product_brand":[],"product_cat":[31],"product_tag":[32,20,33,21,22,23,24],"class_list":{"0":"post-5076","1":"product","2":"type-product","3":"status-publish","4":"has-post-thumbnail","6":"product_cat-fc-barcelona","7":"product_tag-barcelona-heimtrikot","8":"product_tag-coole-fussballtrikots","9":"product_tag-fc-barcelona-trikots","10":"product_tag-fussballtrikot-fuer-herren","11":"product_tag-fussballtrikot-guenstig-kaufen","12":"product_tag-fussballtrikot-kurzarm","13":"product_tag-guenstiges-fussballtrikot","15":"first","16":"instock","17":"shipping-taxable","18":"purchasable","19":"product-type-variable"},"_links":{"self":[{"href":"https:\/\/www.billigtrikotde.com\/nl\/wp-json\/wp\/v2\/product\/5076","targetHints":{"allow":["GET"]}}],"collection":[{"href":"https:\/\/www.billigtrikotde.com\/nl\/wp-json\/wp\/v2\/product"}],"about":[{"href":"https:\/\/www.billigtrikotde.com\/nl\/wp-json\/wp\/v2\/types\/product"}],"replies":[{"embeddable":true,"href":"https:\/\/www.billigtrikotde.com\/nl\/wp-json\/wp\/v2\/comments?post=5076"}],"wp:featuredmedia":[{"embeddable":true,"href":"https:\/\/www.billigtrikotde.com\/nl\/wp-json\/wp\/v2\/media\/5112"}],"wp:attachment":[{"href":"https:\/\/www.billigtrikotde.com\/nl\/wp-json\/wp\/v2\/media?parent=5076"}],"wp:term":[{"taxonomy":"product_brand","embeddable":true,"href":"https:\/\/www.billigtrikotde.com\/nl\/wp-json\/wp\/v2\/product_brand?post=5076"},{"taxonomy":"product_cat","embeddable":true,"href":"https:\/\/www.billigtrikotde.com\/nl\/wp-json\/wp\/v2\/product_cat?post=5076"},{"taxonomy":"product_tag","embeddable":true,"href":"https:\/\/www.billigtrikotde.com\/nl\/wp-json\/wp\/v2\/product_tag?post=5076"}],"curies":[{"name":"wp","href":"https:\/\/api.w.org\/{rel}","templated":true}]}}