{"id":493,"date":"2024-10-23T12:51:44","date_gmt":"2024-10-23T10:51:44","guid":{"rendered":"http:\/\/billigtrikots.com\/?post_type=product&#038;p=493"},"modified":"2024-10-23T12:53:15","modified_gmt":"2024-10-23T10:53:15","slug":"herren-drittes-trikot-fc-barcelona-third-stadium-shirt-2021-22-dunkelblau-gelb","status":"publish","type":"product","link":"https:\/\/www.billigtrikotde.com\/nl\/herren-drittes-trikot-fc-barcelona-third-stadium-shirt-2021-22-dunkelblau-gelb\/","title":{"rendered":"Heren derde truit FC Barcelona Third Stadium Shirt 2021\/22 donkerblauw\/geel"},"content":{"rendered":"<p>Het derde FC Barcelona-stadionshirt beschikt over teamdetails op een hoog ademend weefsel, zodat je koel en droog blijft op het veld of in de tribune en je team kunt aanmoedigen.<\/p>\n<p>Tips voor het afdrukken: Als de naam en het nummer op de foto precies zijn wat je wilt, hoef je ze niet opnieuw in te voeren. Zo niet, dan moet je de gewenste naam en het gewenste nummer invoeren.<\/p>\n<p>Wastips: Het wordt aanbevolen om voetbalshirts met de hand te wassen. Als je de wasmachine wilt gebruiken, denk er dan aan om voetbalshirts binnenstebuiten te draaien en vervolgens te wassen. Vul de machine met koud water en gebruik een fijnwasprogramma om de kleuren beter te beschermen.<\/p>","protected":false},"excerpt":{"rendered":"<p>Das dritte FC Barcelona Stadion-Shirt verf\u00fcgt \u00fcber Team-Details auf einem hoch atmungsaktivem Gewebe, damit Sie k\u00fchl und trocken auf dem Spielfeld oder auf der Trib\u00fcne bleiben und Ihr Team anfeuern. Tipps zum Drucken: Wenn der Name und die Nummer auf dem Bild genau Ihren W\u00fcnschen entsprechen, m\u00fcssen Sie sie nicht erneut eingeben. Wenn nicht, sollten [&hellip;]<\/p>","protected":false},"featured_media":525,"comment_status":"open","ping_status":"closed","template":"","meta":[],"product_brand":[],"product_cat":[31],"product_tag":[20,37,33,21,22,23,24],"class_list":{"0":"post-493","1":"product","2":"type-product","3":"status-publish","4":"has-post-thumbnail","6":"product_cat-fc-barcelona","7":"product_tag-coole-fussballtrikots","8":"product_tag-fc-barcelona-ausweichtrikot","9":"product_tag-fc-barcelona-trikots","10":"product_tag-fussballtrikot-fuer-herren","11":"product_tag-fussballtrikot-guenstig-kaufen","12":"product_tag-fussballtrikot-kurzarm","13":"product_tag-guenstiges-fussballtrikot","15":"first","16":"instock","17":"shipping-taxable","18":"purchasable","19":"product-type-variable"},"_links":{"self":[{"href":"https:\/\/www.billigtrikotde.com\/nl\/wp-json\/wp\/v2\/product\/493","targetHints":{"allow":["GET"]}}],"collection":[{"href":"https:\/\/www.billigtrikotde.com\/nl\/wp-json\/wp\/v2\/product"}],"about":[{"href":"https:\/\/www.billigtrikotde.com\/nl\/wp-json\/wp\/v2\/types\/product"}],"replies":[{"embeddable":true,"href":"https:\/\/www.billigtrikotde.com\/nl\/wp-json\/wp\/v2\/comments?post=493"}],"wp:featuredmedia":[{"embeddable":true,"href":"https:\/\/www.billigtrikotde.com\/nl\/wp-json\/wp\/v2\/media\/525"}],"wp:attachment":[{"href":"https:\/\/www.billigtrikotde.com\/nl\/wp-json\/wp\/v2\/media?parent=493"}],"wp:term":[{"taxonomy":"product_brand","embeddable":true,"href":"https:\/\/www.billigtrikotde.com\/nl\/wp-json\/wp\/v2\/product_brand?post=493"},{"taxonomy":"product_cat","embeddable":true,"href":"https:\/\/www.billigtrikotde.com\/nl\/wp-json\/wp\/v2\/product_cat?post=493"},{"taxonomy":"product_tag","embeddable":true,"href":"https:\/\/www.billigtrikotde.com\/nl\/wp-json\/wp\/v2\/product_tag?post=493"}],"curies":[{"name":"wp","href":"https:\/\/api.w.org\/{rel}","templated":true}]}}