{"id":4923,"date":"2024-10-23T16:13:26","date_gmt":"2024-10-23T14:13:26","guid":{"rendered":"http:\/\/billigtrikots.com\/?post_type=product&#038;p=4923"},"modified":"2024-10-23T16:15:43","modified_gmt":"2024-10-23T14:15:43","slug":"hummel-daenemark-2022-limited-edition-trikot-weiss-mit-roten","status":"publish","type":"product","link":"https:\/\/www.billigtrikotde.com\/nl\/hummel-daenemark-2022-limited-edition-trikot-weiss-mit-roten\/","title":{"rendered":"Hummel Denemarken 2022 Limited-Edition Jersey Wit met Rood"},"content":{"rendered":"<p>In samenwerking met modemerk BLS Hafnia heeft Hummel een nieuw limited edition shirt van Denemarken ontworpen dat gedragen zal worden tijdens de vriendschappelijke wedstrijd tegen Servi\u00eb op 29 maart 2022. Het shirt is een eerbetoon aan de nieuwe generatie en zal deel uitmaken van een grotere lifestylecollectie van Hummel, BLS Hafnia en DBU.<br \/>\nHet limited edition Hummel Denemarken 2022 shirt is wit met rode details. Het bijzondere zijn de rode strepen die zowel op de schouders als aan de zijkanten van het limited edition Hummel Denemarken 2022 shirt te zien zijn.<\/p>\n<p>Tips voor het afdrukken: Als de naam en het nummer op de foto precies zijn wat je wilt, hoef je ze niet opnieuw in te voeren. Zo niet, dan moet je de gewenste naam en het gewenste nummer invoeren.<\/p>\n<p>Wastips: Het wordt aanbevolen om voetbalshirts met de hand te wassen. Als je de wasmachine wilt gebruiken, denk er dan aan om voetbalshirts binnenstebuiten te draaien en vervolgens te wassen. Vul de machine met koud water en gebruik een fijnwasprogramma om de kleuren beter te beschermen.<\/p>","protected":false},"excerpt":{"rendered":"<p>In Zusammenarbeit mit der Modemarke BLS Hafnia hat Hummel ein neues D\u00e4nemark-Trikot in limitierter Auflage entworfen, das beim Freundschaftsspiel gegen Serbien am 29. M\u00e4rz 2022 getragen wird.Das Trikot ist eine Hommage an die neue Generation und wird Teil einer gr\u00f6\u00dferen Lifestyle-Kollektion von Hummel, BLS Hafnia und DBU sein. Das Hummel D\u00e4nemark 2022 Trikot in limitierter [&hellip;]<\/p>","protected":false},"featured_media":4962,"comment_status":"open","ping_status":"closed","template":"","meta":[],"product_brand":[],"product_cat":[125],"product_tag":[20,126,22,23,238],"class_list":{"0":"post-4923","1":"product","2":"type-product","3":"status-publish","4":"has-post-thumbnail","6":"product_cat-daenemark-trikots","7":"product_tag-coole-fussballtrikots","8":"product_tag-daenemark-auswaertstrikot","9":"product_tag-fussballtrikot-guenstig-kaufen","10":"product_tag-fussballtrikot-kurzarm","11":"product_tag-hummel-daenemark-trikot","13":"first","14":"instock","15":"shipping-taxable","16":"purchasable","17":"product-type-variable"},"_links":{"self":[{"href":"https:\/\/www.billigtrikotde.com\/nl\/wp-json\/wp\/v2\/product\/4923","targetHints":{"allow":["GET"]}}],"collection":[{"href":"https:\/\/www.billigtrikotde.com\/nl\/wp-json\/wp\/v2\/product"}],"about":[{"href":"https:\/\/www.billigtrikotde.com\/nl\/wp-json\/wp\/v2\/types\/product"}],"replies":[{"embeddable":true,"href":"https:\/\/www.billigtrikotde.com\/nl\/wp-json\/wp\/v2\/comments?post=4923"}],"wp:featuredmedia":[{"embeddable":true,"href":"https:\/\/www.billigtrikotde.com\/nl\/wp-json\/wp\/v2\/media\/4962"}],"wp:attachment":[{"href":"https:\/\/www.billigtrikotde.com\/nl\/wp-json\/wp\/v2\/media?parent=4923"}],"wp:term":[{"taxonomy":"product_brand","embeddable":true,"href":"https:\/\/www.billigtrikotde.com\/nl\/wp-json\/wp\/v2\/product_brand?post=4923"},{"taxonomy":"product_cat","embeddable":true,"href":"https:\/\/www.billigtrikotde.com\/nl\/wp-json\/wp\/v2\/product_cat?post=4923"},{"taxonomy":"product_tag","embeddable":true,"href":"https:\/\/www.billigtrikotde.com\/nl\/wp-json\/wp\/v2\/product_tag?post=4923"}],"curies":[{"name":"wp","href":"https:\/\/api.w.org\/{rel}","templated":true}]}}