{"id":4827,"date":"2024-10-23T16:08:47","date_gmt":"2024-10-23T14:08:47","guid":{"rendered":"http:\/\/billigtrikots.com\/?post_type=product&#038;p=4827"},"modified":"2024-10-23T16:10:57","modified_gmt":"2024-10-23T14:10:57","slug":"guenstige-spanien-heimtrikot-home-em-2022-rot-kurzarm-kurze-hosen","status":"publish","type":"product","link":"https:\/\/www.billigtrikotde.com\/nl\/guenstige-spanien-heimtrikot-home-em-2022-rot-kurzarm-kurze-hosen\/","title":{"rendered":"Goedkope Spanje Thuisshirt EM 2022 Rode Korte Mouw + Korte Broek"},"content":{"rendered":"<p>Het nieuwe Spanje EM 2022 shirt introduceert een ongebruikelijke look ondanks de traditionele kleuren rood en geel, en volgens Adidas heeft het Spanje 2022 voetbalshirt een \"gepixeld ontwerp ge\u00efnspireerd op de nationale vlag\". Dit leidt tot een ruitontwerp in verschillende tinten rood, dat wordt voortgezet op de verschillend gekleurde mouwen. De drie strepen staan op de schouders van het Adidas Spanje EM 2020 shirt, terwijl een kraag ge\u00efnspireerd op de jaren 90 het ontwerp afrondt.<\/p>\n<p>Tips voor het afdrukken: Als de naam en het nummer op de foto precies zijn wat je wilt, hoef je ze niet opnieuw in te voeren. Zo niet, dan moet je de gewenste naam en het gewenste nummer invoeren.<\/p>\n<p>Wastips: Het wordt aanbevolen om voetbalshirts met de hand te wassen. Als je de wasmachine wilt gebruiken, denk er dan aan om voetbalshirts binnenstebuiten te draaien en vervolgens te wassen. Vul de machine met koud water en gebruik een fijnwasprogramma om de kleuren beter te beschermen.<\/p>","protected":false},"excerpt":{"rendered":"<p>Das neue Spanien Em 2022 Trikot f\u00fchrt einen ungew\u00f6hnlichen Look ein, obwohl es die traditionellen Farben Rot und Gelb aufweist.Laut Adidas weist das Spanien 2022 Fu\u00dfballtrikot ein &#8222;verpixeltes Design auf, das von der Landesflagge inspiriert ist&#8220;. Dies f\u00fchrt zu einem Karo-Design in verschiedenen Rott\u00f6nen, die auf den unterschiedlich farbigen \u00c4rmeln fortgef\u00fchrt werden.Die Drei Streifen befinden [&hellip;]<\/p>","protected":false},"featured_media":4868,"comment_status":"open","ping_status":"closed","template":"","meta":[],"product_brand":[],"product_cat":[131],"product_tag":[20,21,22,23,24,132],"class_list":{"0":"post-4827","1":"product","2":"type-product","3":"status-publish","4":"has-post-thumbnail","6":"product_cat-spanien-trikots","7":"product_tag-coole-fussballtrikots","8":"product_tag-fussballtrikot-fuer-herren","9":"product_tag-fussballtrikot-guenstig-kaufen","10":"product_tag-fussballtrikot-kurzarm","11":"product_tag-guenstiges-fussballtrikot","12":"product_tag-spanien-heimtrikot","14":"first","15":"instock","16":"shipping-taxable","17":"purchasable","18":"product-type-variable"},"_links":{"self":[{"href":"https:\/\/www.billigtrikotde.com\/nl\/wp-json\/wp\/v2\/product\/4827","targetHints":{"allow":["GET"]}}],"collection":[{"href":"https:\/\/www.billigtrikotde.com\/nl\/wp-json\/wp\/v2\/product"}],"about":[{"href":"https:\/\/www.billigtrikotde.com\/nl\/wp-json\/wp\/v2\/types\/product"}],"replies":[{"embeddable":true,"href":"https:\/\/www.billigtrikotde.com\/nl\/wp-json\/wp\/v2\/comments?post=4827"}],"wp:featuredmedia":[{"embeddable":true,"href":"https:\/\/www.billigtrikotde.com\/nl\/wp-json\/wp\/v2\/media\/4868"}],"wp:attachment":[{"href":"https:\/\/www.billigtrikotde.com\/nl\/wp-json\/wp\/v2\/media?parent=4827"}],"wp:term":[{"taxonomy":"product_brand","embeddable":true,"href":"https:\/\/www.billigtrikotde.com\/nl\/wp-json\/wp\/v2\/product_brand?post=4827"},{"taxonomy":"product_cat","embeddable":true,"href":"https:\/\/www.billigtrikotde.com\/nl\/wp-json\/wp\/v2\/product_cat?post=4827"},{"taxonomy":"product_tag","embeddable":true,"href":"https:\/\/www.billigtrikotde.com\/nl\/wp-json\/wp\/v2\/product_tag?post=4827"}],"curies":[{"name":"wp","href":"https:\/\/api.w.org\/{rel}","templated":true}]}}