{"id":4664,"date":"2024-10-23T16:00:51","date_gmt":"2024-10-23T14:00:51","guid":{"rendered":"http:\/\/billigtrikots.com\/?post_type=product&#038;p=4664"},"modified":"2024-10-23T16:02:56","modified_gmt":"2024-10-23T14:02:56","slug":"herren-trikot-home-serbien-cheap-heimtrikot-em-2021-rot","status":"publish","type":"product","link":"https:\/\/www.billigtrikotde.com\/nl\/herren-trikot-home-serbien-cheap-heimtrikot-em-2021-rot\/","title":{"rendered":"Heren trikot Home Servi\u00eb Cheap Heimtrikot EM 2021 Rood"},"content":{"rendered":"<p>PUMA brengt met het sportshirt in rood een product op de markt waarmee je je team in goeie als in slechte tijden met liefde en toewijding kunt ondersteunen. In geen enkele fan-collectie mag dit Servi\u00eb-sportshirt ontbreken. We raden dit ademende, vochtafvoerende, lichte en comfortabele model aan met het aangename draaggevoel. Daarnaast wordt je een hoge duurzaamheid geboden. Zo ben je nog prestatiegericht en kun je in elke training alles geven. Het valt optisch op met een bondslogo op de borst.<\/p>\n<p>Voeg de naam en het nummer voor je gepersonaliseerde shirt toe.<\/p>\n<p>Wastips: Het wordt aanbevolen om voetbalshirts met de hand te wassen. Als je de wasmachine wilt gebruiken, denk er dan aan om voetbalshirts binnenstebuiten te draaien en vervolgens te wassen. Vul de machine met koud water en gebruik een fijnwasprogramma om de kleuren beter te beschermen.<\/p>","protected":false},"excerpt":{"rendered":"<p>PUMA bringt mit dem Sportshirt in Rot ein Produkt auf den Markt, mit dem du dein Team in guten wie in schlechten Zeiten mit Liebe und Hingabe unterst\u00fctzen kannst. In keiner Fan-Kollektion darf dieses Serbien-Sportshirt fehlen. Wir empfehlen dieses atmungsaktive, schwei\u00dfableitende, leichte und bequeme Modell mit dem angenehmen Tragegef\u00fchl. Au\u00dferdem wird dir eine hohe Haltbarkeit [&hellip;]<\/p>","protected":false},"featured_media":4702,"comment_status":"open","ping_status":"closed","template":"","meta":[],"product_brand":[],"product_cat":[111],"product_tag":[20,21,22,23,24,229,230],"class_list":{"0":"post-4664","1":"product","2":"type-product","3":"status-publish","4":"has-post-thumbnail","6":"product_cat-nationaltrikot","7":"product_tag-coole-fussballtrikots","8":"product_tag-fussballtrikot-fuer-herren","9":"product_tag-fussballtrikot-guenstig-kaufen","10":"product_tag-fussballtrikot-kurzarm","11":"product_tag-guenstiges-fussballtrikot","12":"product_tag-serbien-heimtrikot","13":"product_tag-serbien-trikot","15":"first","16":"instock","17":"shipping-taxable","18":"purchasable","19":"product-type-variable"},"_links":{"self":[{"href":"https:\/\/www.billigtrikotde.com\/nl\/wp-json\/wp\/v2\/product\/4664","targetHints":{"allow":["GET"]}}],"collection":[{"href":"https:\/\/www.billigtrikotde.com\/nl\/wp-json\/wp\/v2\/product"}],"about":[{"href":"https:\/\/www.billigtrikotde.com\/nl\/wp-json\/wp\/v2\/types\/product"}],"replies":[{"embeddable":true,"href":"https:\/\/www.billigtrikotde.com\/nl\/wp-json\/wp\/v2\/comments?post=4664"}],"wp:featuredmedia":[{"embeddable":true,"href":"https:\/\/www.billigtrikotde.com\/nl\/wp-json\/wp\/v2\/media\/4702"}],"wp:attachment":[{"href":"https:\/\/www.billigtrikotde.com\/nl\/wp-json\/wp\/v2\/media?parent=4664"}],"wp:term":[{"taxonomy":"product_brand","embeddable":true,"href":"https:\/\/www.billigtrikotde.com\/nl\/wp-json\/wp\/v2\/product_brand?post=4664"},{"taxonomy":"product_cat","embeddable":true,"href":"https:\/\/www.billigtrikotde.com\/nl\/wp-json\/wp\/v2\/product_cat?post=4664"},{"taxonomy":"product_tag","embeddable":true,"href":"https:\/\/www.billigtrikotde.com\/nl\/wp-json\/wp\/v2\/product_tag?post=4664"}],"curies":[{"name":"wp","href":"https:\/\/api.w.org\/{rel}","templated":true}]}}