{"id":4477,"date":"2024-10-23T15:51:38","date_gmt":"2024-10-23T13:51:38","guid":{"rendered":"http:\/\/billigtrikots.com\/?post_type=product&#038;p=4477"},"modified":"2024-10-23T15:53:49","modified_gmt":"2024-10-23T13:53:49","slug":"fc-bayern-muenchen-2022-2023-heimtrikot-herren-mit-aufdruck-tolisso-24","status":"publish","type":"product","link":"https:\/\/www.billigtrikotde.com\/nl\/fc-bayern-muenchen-2022-2023-heimtrikot-herren-mit-aufdruck-tolisso-24\/","title":{"rendered":"FC Bayern M\u00fcnchen 2022-2023 Thuisshirt Heren met opdruk Tolisso 24"},"content":{"rendered":"<p>Het nieuwe Bayern M\u00fcnchen 22-23 shirt heeft een uniek streepdesign op de voorkant. Het bestaat uit witte strepen van verschillende grootte die een beetje lijken op een streepjescode. Er staan in totaal 21 strepen op de voorkant. Het nieuwe Bayern 22-23 shirt brengt ook een verandering in kleur: nadat het 21-22 shirt in twee tinten grijs was, keert het Adidas Bayern M\u00fcnchen shirt 2022-2023 terug naar het traditionele rood.<\/p>\n<p>Tips voor het afdrukken: Als de naam en het nummer op de foto precies zijn wat je wilt, hoef je ze niet opnieuw in te voeren. Zo niet, dan moet je de gewenste naam en het gewenste nummer invoeren.<\/p>\n<p>Wastips: Het wordt aanbevolen om voetbalshirts met de hand te wassen. Als je de wasmachine wilt gebruiken, denk er dan aan om voetbalshirts binnenstebuiten te draaien en vervolgens te wassen. Vul de machine met koud water en gebruik een fijnwasprogramma om de kleuren beter te beschermen.<\/p>","protected":false},"excerpt":{"rendered":"<p>Das neue Bayern M\u00fcnchen 22-23 Trikot hat ein einzigartiges Streifendesign auf der Vorderseite. Es besteht aus unterschiedlich gro\u00dfen wei\u00dfen Streifen, die ein bisschen wie ein Strichcode aussehen. Insgesamt gibt es 21 Streifen auf der Vorderseite. Auch bei den Farben bringt das neue Bayern 22-23 Trikot eine Ver\u00e4nderung.Nachdem das Trikot 21-22 in zwei Graut\u00f6nen gehalten war, [&hellip;]<\/p>","protected":false},"featured_media":4516,"comment_status":"open","ping_status":"closed","template":"","meta":[],"product_brand":[],"product_cat":[175],"product_tag":[136,137,20,21,22,23,24],"class_list":{"0":"post-4477","1":"product","2":"type-product","3":"status-publish","4":"has-post-thumbnail","6":"product_cat-bayern-munich","7":"product_tag-bayern-muenchen-heimtrikot","8":"product_tag-bayern-muenchen-trikots","9":"product_tag-coole-fussballtrikots","10":"product_tag-fussballtrikot-fuer-herren","11":"product_tag-fussballtrikot-guenstig-kaufen","12":"product_tag-fussballtrikot-kurzarm","13":"product_tag-guenstiges-fussballtrikot","15":"first","16":"instock","17":"shipping-taxable","18":"purchasable","19":"product-type-variable"},"_links":{"self":[{"href":"https:\/\/www.billigtrikotde.com\/nl\/wp-json\/wp\/v2\/product\/4477","targetHints":{"allow":["GET"]}}],"collection":[{"href":"https:\/\/www.billigtrikotde.com\/nl\/wp-json\/wp\/v2\/product"}],"about":[{"href":"https:\/\/www.billigtrikotde.com\/nl\/wp-json\/wp\/v2\/types\/product"}],"replies":[{"embeddable":true,"href":"https:\/\/www.billigtrikotde.com\/nl\/wp-json\/wp\/v2\/comments?post=4477"}],"wp:featuredmedia":[{"embeddable":true,"href":"https:\/\/www.billigtrikotde.com\/nl\/wp-json\/wp\/v2\/media\/4516"}],"wp:attachment":[{"href":"https:\/\/www.billigtrikotde.com\/nl\/wp-json\/wp\/v2\/media?parent=4477"}],"wp:term":[{"taxonomy":"product_brand","embeddable":true,"href":"https:\/\/www.billigtrikotde.com\/nl\/wp-json\/wp\/v2\/product_brand?post=4477"},{"taxonomy":"product_cat","embeddable":true,"href":"https:\/\/www.billigtrikotde.com\/nl\/wp-json\/wp\/v2\/product_cat?post=4477"},{"taxonomy":"product_tag","embeddable":true,"href":"https:\/\/www.billigtrikotde.com\/nl\/wp-json\/wp\/v2\/product_tag?post=4477"}],"curies":[{"name":"wp","href":"https:\/\/api.w.org\/{rel}","templated":true}]}}