{"id":4367,"date":"2024-10-23T15:46:19","date_gmt":"2024-10-23T13:46:19","guid":{"rendered":"http:\/\/billigtrikots.com\/?post_type=product&#038;p=4367"},"modified":"2024-10-23T15:48:32","modified_gmt":"2024-10-23T13:48:32","slug":"herren-trikotsatz-fc-barcelona-2021-22-ausweichtrikot","status":"publish","type":"product","link":"https:\/\/www.billigtrikotde.com\/nl\/herren-trikotsatz-fc-barcelona-2021-22-ausweichtrikot\/","title":{"rendered":"Heren voetbalshirtset FC Barcelona 2021\/22 Uitwijktricot"},"content":{"rendered":"<p>Het sportshirt van Nike in blauw laat je de kleuren dragen van je favoriete club en aan iedereen laten zien waarvoor je hart slaat. Als echte FC Barcelona-fan heb je dit uitwijkshirt nodig dat de spelers in de Primera Divisi\u00f3n dragen. Het ademende, lichte, zweetafvoerende en comfortabele model overtuigt in alle opzichten. Laat dit blauwe shirt met streeppatroon je trouwe metgezel worden.<\/p>","protected":false},"excerpt":{"rendered":"<p>Das Sportshirt von Nike in Blau l\u00e4sst dich die Farben deines Lieblingsclubs tragen und allen zeigen, wof\u00fcr dein Herz schl\u00e4gt. Als echter FC Barcelona-Fan brauchst du dieses Ausweich-Sportshirt, das die Spieler in der Primera Division tragen. Das atmungsaktive, leichte, schwei\u00dfableitende und bequeme Modell \u00fcberzeugt auf ganzer Linie.Lasse dieses blaue Trikot mit Streifen-Muster zu deinem treuen [&hellip;]<\/p>","protected":false},"featured_media":4407,"comment_status":"open","ping_status":"closed","template":"","meta":[],"product_brand":[],"product_cat":[31],"product_tag":[20,37,33,211,21,23,24],"class_list":{"0":"post-4367","1":"product","2":"type-product","3":"status-publish","4":"has-post-thumbnail","6":"product_cat-fc-barcelona","7":"product_tag-coole-fussballtrikots","8":"product_tag-fc-barcelona-ausweichtrikot","9":"product_tag-fc-barcelona-trikots","10":"product_tag-fussballltrikots","11":"product_tag-fussballtrikot-fuer-herren","12":"product_tag-fussballtrikot-kurzarm","13":"product_tag-guenstiges-fussballtrikot","15":"first","16":"instock","17":"shipping-taxable","18":"purchasable","19":"product-type-variable"},"_links":{"self":[{"href":"https:\/\/www.billigtrikotde.com\/nl\/wp-json\/wp\/v2\/product\/4367","targetHints":{"allow":["GET"]}}],"collection":[{"href":"https:\/\/www.billigtrikotde.com\/nl\/wp-json\/wp\/v2\/product"}],"about":[{"href":"https:\/\/www.billigtrikotde.com\/nl\/wp-json\/wp\/v2\/types\/product"}],"replies":[{"embeddable":true,"href":"https:\/\/www.billigtrikotde.com\/nl\/wp-json\/wp\/v2\/comments?post=4367"}],"wp:featuredmedia":[{"embeddable":true,"href":"https:\/\/www.billigtrikotde.com\/nl\/wp-json\/wp\/v2\/media\/4407"}],"wp:attachment":[{"href":"https:\/\/www.billigtrikotde.com\/nl\/wp-json\/wp\/v2\/media?parent=4367"}],"wp:term":[{"taxonomy":"product_brand","embeddable":true,"href":"https:\/\/www.billigtrikotde.com\/nl\/wp-json\/wp\/v2\/product_brand?post=4367"},{"taxonomy":"product_cat","embeddable":true,"href":"https:\/\/www.billigtrikotde.com\/nl\/wp-json\/wp\/v2\/product_cat?post=4367"},{"taxonomy":"product_tag","embeddable":true,"href":"https:\/\/www.billigtrikotde.com\/nl\/wp-json\/wp\/v2\/product_tag?post=4367"}],"curies":[{"name":"wp","href":"https:\/\/api.w.org\/{rel}","templated":true}]}}