{"id":4066,"date":"2024-10-23T15:32:00","date_gmt":"2024-10-23T13:32:00","guid":{"rendered":"http:\/\/billigtrikots.com\/?post_type=product&#038;p=4066"},"modified":"2024-10-23T15:34:10","modified_gmt":"2024-10-23T13:34:10","slug":"atletico-madrid-auswaertstrikot-2021-2022-marineblau-und-pink-kurzarm-kurze-hosen","status":"publish","type":"product","link":"https:\/\/www.billigtrikotde.com\/nl\/atletico-madrid-auswaertstrikot-2021-2022-marineblau-und-pink-kurzarm-kurze-hosen\/","title":{"rendered":"Atl\u00e9tico Madrid Away Jersey 2021\/2022 Navy Blauw en Roze Korte Mouw + Korte Broek"},"content":{"rendered":"<p>Haal NU het gloednieuwe Nike Atl\u00e9tico Madrid heren uitshirt uit 2021\/22 en kroon jezelf in de originele stijl van de uitzonderlijke talenten! Vanaf nu verenig je stijlzekerheid met support, zodat jouw helden jouw hele toewijding voelen!<\/p>\n<p>Met de innovatieve Nike Dri-FIT-technologie uitgerust, wordt(zijn) zweet direct afgevoerd en geniet je van absoluut droog comfort! Zo hoef je tijdens training of het fansjam niet aan zweet te denken.<\/p>\n<p>Dankzij geribbelde halslijn ligt het shirt perfect tegen je lichaam aan en biedt het een geweldige pasvorm, zonder vervelend snijden! Het shirt gemaakt van 100% polyester is veerkrachtig en vormvast, zodat je bij al je bewegingen perfect ondersteund wordt! Het Replica-trikot lijkt verrassend veel op dat van je profs, maar is iets ruimer gesneden en geeft je zo maximale bewegingsvrijheid!<\/p>\n<p>Bijzonder indrukwekkend is de stijlgetrouwe look! Met dit geheime wapen zie je je voetbalhelden haast identiek en kroon je jezelf met professionaliteit! Het authentieke verenigingswapen dient als bewijs van jouw loyaliteit en zorgt met de coole Nike-swoosh voor een echte 'eye-catcher'!<\/p>\n<p>Tips voor het afdrukken: Als de naam en het nummer op de foto precies zijn wat je wilt, hoef je ze niet opnieuw in te voeren. Zo niet, dan moet je de gewenste naam en het gewenste nummer invoeren.<\/p>\n<p>Wastips: Het wordt aanbevolen om voetbalshirts met de hand te wassen. Als je de wasmachine wilt gebruiken, denk er dan aan om voetbalshirts binnenstebuiten te draaien en vervolgens te wassen. Vul de machine met koud water en gebruik een fijnwasprogramma om de kleuren beter te beschermen.<\/p>","protected":false},"excerpt":{"rendered":"<p>Hol dir JETZT das brandneue Nike Atl\u00e9tico Madrid Herren Ausw\u00e4rts Trikot 2021\/22 und kr\u00f6ne dich im originalen Stil der Ausnahmetalente! Ab sofort vereinst du Stilsicherheit mit Support, damit deine Helden deine ganze Zuneugung sp\u00fcren! Mit der innovativen Nike Dri-FIT Technologie ausgestattet, wird dein Schwei\u00df sofort abgeleitet und du genie\u00dft absolut trockenen Komfort! Somit musst du [&hellip;]<\/p>","protected":false},"featured_media":4107,"comment_status":"open","ping_status":"closed","template":"","meta":[],"product_brand":[],"product_cat":[88],"product_tag":[200,90,20,21,22,23,24],"class_list":{"0":"post-4066","1":"product","2":"type-product","3":"status-publish","4":"has-post-thumbnail","6":"product_cat-atletico-madrid","7":"product_tag-atletico-madrid-auswaertstrikot","8":"product_tag-atletico-madrid-trikots","9":"product_tag-coole-fussballtrikots","10":"product_tag-fussballtrikot-fuer-herren","11":"product_tag-fussballtrikot-guenstig-kaufen","12":"product_tag-fussballtrikot-kurzarm","13":"product_tag-guenstiges-fussballtrikot","15":"first","16":"instock","17":"shipping-taxable","18":"purchasable","19":"product-type-variable"},"_links":{"self":[{"href":"https:\/\/www.billigtrikotde.com\/nl\/wp-json\/wp\/v2\/product\/4066","targetHints":{"allow":["GET"]}}],"collection":[{"href":"https:\/\/www.billigtrikotde.com\/nl\/wp-json\/wp\/v2\/product"}],"about":[{"href":"https:\/\/www.billigtrikotde.com\/nl\/wp-json\/wp\/v2\/types\/product"}],"replies":[{"embeddable":true,"href":"https:\/\/www.billigtrikotde.com\/nl\/wp-json\/wp\/v2\/comments?post=4066"}],"wp:featuredmedia":[{"embeddable":true,"href":"https:\/\/www.billigtrikotde.com\/nl\/wp-json\/wp\/v2\/media\/4107"}],"wp:attachment":[{"href":"https:\/\/www.billigtrikotde.com\/nl\/wp-json\/wp\/v2\/media?parent=4066"}],"wp:term":[{"taxonomy":"product_brand","embeddable":true,"href":"https:\/\/www.billigtrikotde.com\/nl\/wp-json\/wp\/v2\/product_brand?post=4066"},{"taxonomy":"product_cat","embeddable":true,"href":"https:\/\/www.billigtrikotde.com\/nl\/wp-json\/wp\/v2\/product_cat?post=4066"},{"taxonomy":"product_tag","embeddable":true,"href":"https:\/\/www.billigtrikotde.com\/nl\/wp-json\/wp\/v2\/product_tag?post=4066"}],"curies":[{"name":"wp","href":"https:\/\/api.w.org\/{rel}","templated":true}]}}