{"id":3944,"date":"2024-10-23T15:26:13","date_gmt":"2024-10-23T13:26:13","guid":{"rendered":"http:\/\/billigtrikots.com\/?post_type=product&#038;p=3944"},"modified":"2024-10-23T15:28:23","modified_gmt":"2024-10-23T13:28:23","slug":"ssc-naepel-maradona-fussballtrikot-2021-2022-marineblau-mit-aufdruck-maradona-10","status":"publish","type":"product","link":"https:\/\/www.billigtrikotde.com\/nl\/ssc-naepel-maradona-fussballtrikot-2021-2022-marineblau-mit-aufdruck-maradona-10\/","title":{"rendered":"SSC Naepel Maradona Voetbalshirt 2021-2022 Marineblauw met opdruk Maradona 10"},"content":{"rendered":"<p>De basiskleur van het EA7 Napoli Maradona 2021-2022 voetbalshirt is marineblauw en is aan de onderkant voorzien van een print van Maradona in het Argentijnse voetbalshirt. Deze print is afgewerkt in een vingerafdrukachtig design. De print is ge\u00efnspireerd op een kunstwerk van de Napolitaanse kunstenaar Guiseppe Klain. Het shirt heeft ook lichtblauwe accenten ge\u00efnspireerd op de clubkleuren van SSC Napoli. De band onderaan de mouwen is lichtblauw, net als de ronde halslijn en de taping op de schouders. Het Emporio Armani Sportswear-logo staat op de rechterborst en het clubwapen staat op de linkerborst. De logo's van Lete en MSC zijn te zien in het midden van het shirt. Op de linkermouw van het shirt staat het logo van de mouwsponsor Amazon. De initialen van de club zijn verwerkt in de nek op de achterkant van het Napoli Maradona voetbalshirt: SSCN.<\/p>\n<p>Wastips: Het wordt aanbevolen om voetbalshirts met de hand te wassen. Als je de wasmachine wilt gebruiken, denk er dan aan om voetbalshirts binnenstebuiten te draaien en vervolgens te wassen. Vul de machine met koud water en gebruik een fijnwasprogramma om de kleuren beter te beschermen.<\/p>\n<p>Voetbalshirts Online Afdrukken<br \/>\nJe hebt de mogelijkheid om je voetbalshirt te personaliseren. Kies de voetballer van je favoriete team of kies je eigen naam en nummer.<\/p>","protected":false},"excerpt":{"rendered":"<p>Die Grundfarbe des EA7 Napoli Maradona 2021-2022 Fu\u00dfballtrikots ist Marineblau und enth\u00e4lt einen Aufdruck von Maradona im argentinischen Fu\u00dfballtrikot auf der Unterseite. Dieser Druck ist in einem fingerabdruck\u00e4hnlichen Design verarbeitet. Der Druck ist von einem Kunstwerk des neapolitanischen K\u00fcnstlers Guiseppe Klain inspiriert. Dar\u00fcber hinaus enth\u00e4lt das Trikot auch hellblaue Akzente, inspiriert von den Vereinsfarben des [&hellip;]<\/p>","protected":false},"featured_media":3985,"comment_status":"open","ping_status":"closed","template":"","meta":[],"product_brand":[],"product_cat":[192],"product_tag":[20,21,22,23,24,193],"class_list":{"0":"post-3944","1":"product","2":"type-product","3":"status-publish","4":"has-post-thumbnail","6":"product_cat-ssc-napoli","7":"product_tag-coole-fussballtrikots","8":"product_tag-fussballtrikot-fuer-herren","9":"product_tag-fussballtrikot-guenstig-kaufen","10":"product_tag-fussballtrikot-kurzarm","11":"product_tag-guenstiges-fussballtrikot","12":"product_tag-napoli-kits","14":"first","15":"instock","16":"shipping-taxable","17":"purchasable","18":"product-type-variable"},"_links":{"self":[{"href":"https:\/\/www.billigtrikotde.com\/nl\/wp-json\/wp\/v2\/product\/3944","targetHints":{"allow":["GET"]}}],"collection":[{"href":"https:\/\/www.billigtrikotde.com\/nl\/wp-json\/wp\/v2\/product"}],"about":[{"href":"https:\/\/www.billigtrikotde.com\/nl\/wp-json\/wp\/v2\/types\/product"}],"replies":[{"embeddable":true,"href":"https:\/\/www.billigtrikotde.com\/nl\/wp-json\/wp\/v2\/comments?post=3944"}],"wp:featuredmedia":[{"embeddable":true,"href":"https:\/\/www.billigtrikotde.com\/nl\/wp-json\/wp\/v2\/media\/3985"}],"wp:attachment":[{"href":"https:\/\/www.billigtrikotde.com\/nl\/wp-json\/wp\/v2\/media?parent=3944"}],"wp:term":[{"taxonomy":"product_brand","embeddable":true,"href":"https:\/\/www.billigtrikotde.com\/nl\/wp-json\/wp\/v2\/product_brand?post=3944"},{"taxonomy":"product_cat","embeddable":true,"href":"https:\/\/www.billigtrikotde.com\/nl\/wp-json\/wp\/v2\/product_cat?post=3944"},{"taxonomy":"product_tag","embeddable":true,"href":"https:\/\/www.billigtrikotde.com\/nl\/wp-json\/wp\/v2\/product_tag?post=3944"}],"curies":[{"name":"wp","href":"https:\/\/api.w.org\/{rel}","templated":true}]}}