{"id":3857,"date":"2024-10-23T15:22:10","date_gmt":"2024-10-23T13:22:10","guid":{"rendered":"http:\/\/billigtrikots.com\/?post_type=product&#038;p=3857"},"modified":"2024-10-23T15:24:18","modified_gmt":"2024-10-23T13:24:18","slug":"fussballtrikots-tottenham-hotspur-heimtrikot-2021-22-weiss-mit-aufdruck-ndombele-28","status":"publish","type":"product","link":"https:\/\/www.billigtrikotde.com\/nl\/fussballtrikots-tottenham-hotspur-heimtrikot-2021-22-weiss-mit-aufdruck-ndombele-28\/","title":{"rendered":"Voetbalshirts Tottenham Hotspur Thuisshirt 2021\/22 wit met opdruk NDOMBELE 28"},"content":{"rendered":"<p>Unterst\u00fctze Tottenham Hotspur in der Saison 2021\/2022 und zeige deinen Stolz im offiziellen Nike Replica Heimtrikot.<\/p>\n<p>Das authentische Design des Home Jerseys f\u00fcr Herren basiert auf den Spieltrikots der Profis. Das leichte Funktionsmaterial mit Dri-FIT-Technologie ist besonders atmungsaktiv und sorgt f\u00fcr ein k\u00fchles Tragegef\u00fchl. Signature-Teamdetails wie das Wappen auf der Brust lassen keine Zweifel offen, dass du hinter den Spurs stehst.<\/p>\n<p>Tips voor het afdrukken: Als de naam en het nummer op de foto precies zijn wat je wilt, hoef je ze niet opnieuw in te voeren. Zo niet, dan moet je de gewenste naam en het gewenste nummer invoeren.<\/p>\n<p>Wastips: Het wordt aanbevolen om voetbalshirts met de hand te wassen. Als je de wasmachine wilt gebruiken, denk er dan aan om voetbalshirts binnenstebuiten te draaien en vervolgens te wassen. Vul de machine met koud water en gebruik een fijnwasprogramma om de kleuren beter te beschermen.<\/p>","protected":false},"excerpt":{"rendered":"<p>Steun Tottenham Hotspur in het seizoen 2021\/2022 en laat je trots zien in het offici\u00eble Nike Replica thuisshirt. Het authentieke ontwerp van het thuisshirt voor kinderen is gebaseerd op de shirts van de professionele spelers. Het lichtgewicht functionele materiaal met Dri-FIT technologie is bijzonder ademend en zorgt voor een koel gevoel. Handtekening teamdetails zoals het wapen op de borst laten er geen twijfel over bestaan dat je achter de Spurs staat.<\/p>","protected":false},"featured_media":3899,"comment_status":"open","ping_status":"closed","template":"","meta":[],"product_brand":[],"product_cat":[178],"product_tag":[20,21,22,23,24,106,104],"class_list":{"0":"post-3857","1":"product","2":"type-product","3":"status-publish","4":"has-post-thumbnail","6":"product_cat-tottenham-hotspur","7":"product_tag-coole-fussballtrikots","8":"product_tag-fussballtrikot-fuer-herren","9":"product_tag-fussballtrikot-guenstig-kaufen","10":"product_tag-fussballtrikot-kurzarm","11":"product_tag-guenstiges-fussballtrikot","12":"product_tag-tottenham-hotspur-heimtrikot","13":"product_tag-tottenham-hotspur-trikots","15":"first","16":"instock","17":"shipping-taxable","18":"purchasable","19":"product-type-variable"},"_links":{"self":[{"href":"https:\/\/www.billigtrikotde.com\/nl\/wp-json\/wp\/v2\/product\/3857","targetHints":{"allow":["GET"]}}],"collection":[{"href":"https:\/\/www.billigtrikotde.com\/nl\/wp-json\/wp\/v2\/product"}],"about":[{"href":"https:\/\/www.billigtrikotde.com\/nl\/wp-json\/wp\/v2\/types\/product"}],"replies":[{"embeddable":true,"href":"https:\/\/www.billigtrikotde.com\/nl\/wp-json\/wp\/v2\/comments?post=3857"}],"wp:featuredmedia":[{"embeddable":true,"href":"https:\/\/www.billigtrikotde.com\/nl\/wp-json\/wp\/v2\/media\/3899"}],"wp:attachment":[{"href":"https:\/\/www.billigtrikotde.com\/nl\/wp-json\/wp\/v2\/media?parent=3857"}],"wp:term":[{"taxonomy":"product_brand","embeddable":true,"href":"https:\/\/www.billigtrikotde.com\/nl\/wp-json\/wp\/v2\/product_brand?post=3857"},{"taxonomy":"product_cat","embeddable":true,"href":"https:\/\/www.billigtrikotde.com\/nl\/wp-json\/wp\/v2\/product_cat?post=3857"},{"taxonomy":"product_tag","embeddable":true,"href":"https:\/\/www.billigtrikotde.com\/nl\/wp-json\/wp\/v2\/product_tag?post=3857"}],"curies":[{"name":"wp","href":"https:\/\/api.w.org\/{rel}","templated":true}]}}