{"id":3661,"date":"2024-10-23T15:13:10","date_gmt":"2024-10-23T13:13:10","guid":{"rendered":"http:\/\/billigtrikots.com\/?post_type=product&#038;p=3661"},"modified":"2024-10-23T15:15:19","modified_gmt":"2024-10-23T13:15:19","slug":"fc-liverpool-fussball-torwarttrikot-2021-2022-in-schwarz-kurzarm-kurze-hosen","status":"publish","type":"product","link":"https:\/\/www.billigtrikotde.com\/nl\/fc-liverpool-fussball-torwarttrikot-2021-2022-in-schwarz-kurzarm-kurze-hosen\/","title":{"rendered":"Liverpool FC Voetbal Keeperstrui 2021\/2022 in Zwart Korte Mouw + Korte Broek"},"content":{"rendered":"<p>Hier komt het Nike sportshirt in zwart, dat je helpt om je favoriete club in elke situatie te ondersteunen en te laten zien waar je hart naar uitgaat. Als echte FC Liverpool-fan heb je dit sportshirt nodig. We raden dit comfortabele, ademende, vocht afvoerende en lichte model aan met het aangename draaggevoel. Het valt optisch op met een verenigingswapen op de borst. Dit keeperstrikot is de ideale metgezel voor je sportieve activiteiten. In dit zwarte model met ruitpatroon word je een echte eyecatcher.<\/p>\n<p>Tips voor het afdrukken: Als de naam en het nummer op de foto precies zijn wat je wilt, hoef je ze niet opnieuw in te voeren. Zo niet, dan moet je de gewenste naam en het gewenste nummer invoeren.<\/p>\n<p>Wastips: Het wordt aanbevolen om voetbalshirts met de hand te wassen. Als je de wasmachine wilt gebruiken, denk er dan aan om voetbalshirts binnenstebuiten te draaien en vervolgens te wassen. Vul de machine met koud water en gebruik een fijnwasprogramma om de kleuren beter te beschermen.<\/p>","protected":false},"excerpt":{"rendered":"<p>Hier kommt das Nike Sportshirt in Schwarz, das dir hilft, deinen Lieblingsverein in jeder Lage zu unterst\u00fctzen und zu zeigen, wof\u00fcr dein Herz schl\u00e4gt. Als echter FC Liverpool-Fan brauchst du dieses Sportshirt. Wir empfehlen dieses bequeme, atmungsaktive, schwei\u00dfableitende und leichte Modell mit dem angenehmen Tragegef\u00fchl. Es besticht optisch mit einem Vereinswappen auf der Brust. Dieses [&hellip;]<\/p>","protected":false},"featured_media":3698,"comment_status":"open","ping_status":"closed","template":"","meta":[],"product_brand":[],"product_cat":[176],"product_tag":[20,35,21,23,24,155],"class_list":{"0":"post-3661","1":"product","2":"type-product","3":"status-publish","4":"has-post-thumbnail","6":"product_cat-liverpool-fc","7":"product_tag-coole-fussballtrikots","8":"product_tag-fussball-torwarttrikots","9":"product_tag-fussballtrikot-fuer-herren","10":"product_tag-fussballtrikot-kurzarm","11":"product_tag-guenstiges-fussballtrikot","12":"product_tag-liverpool-torwarttrikot","14":"first","15":"instock","16":"shipping-taxable","17":"purchasable","18":"product-type-variable"},"_links":{"self":[{"href":"https:\/\/www.billigtrikotde.com\/nl\/wp-json\/wp\/v2\/product\/3661","targetHints":{"allow":["GET"]}}],"collection":[{"href":"https:\/\/www.billigtrikotde.com\/nl\/wp-json\/wp\/v2\/product"}],"about":[{"href":"https:\/\/www.billigtrikotde.com\/nl\/wp-json\/wp\/v2\/types\/product"}],"replies":[{"embeddable":true,"href":"https:\/\/www.billigtrikotde.com\/nl\/wp-json\/wp\/v2\/comments?post=3661"}],"wp:featuredmedia":[{"embeddable":true,"href":"https:\/\/www.billigtrikotde.com\/nl\/wp-json\/wp\/v2\/media\/3698"}],"wp:attachment":[{"href":"https:\/\/www.billigtrikotde.com\/nl\/wp-json\/wp\/v2\/media?parent=3661"}],"wp:term":[{"taxonomy":"product_brand","embeddable":true,"href":"https:\/\/www.billigtrikotde.com\/nl\/wp-json\/wp\/v2\/product_brand?post=3661"},{"taxonomy":"product_cat","embeddable":true,"href":"https:\/\/www.billigtrikotde.com\/nl\/wp-json\/wp\/v2\/product_cat?post=3661"},{"taxonomy":"product_tag","embeddable":true,"href":"https:\/\/www.billigtrikotde.com\/nl\/wp-json\/wp\/v2\/product_tag?post=3661"}],"curies":[{"name":"wp","href":"https:\/\/api.w.org\/{rel}","templated":true}]}}