{"id":3530,"date":"2024-10-23T15:07:04","date_gmt":"2024-10-23T13:07:04","guid":{"rendered":"http:\/\/billigtrikots.com\/?post_type=product&#038;p=3530"},"modified":"2024-10-23T15:09:12","modified_gmt":"2024-10-23T13:09:12","slug":"arsenal-fc-auswaerts-trikot-2021-22-away-shirt-fuer-kinder-gelb","status":"publish","type":"product","link":"https:\/\/www.billigtrikotde.com\/nl\/arsenal-fc-auswaerts-trikot-2021-22-away-shirt-fuer-kinder-gelb\/","title":{"rendered":"Arsenal FC Uitshirt 2021\/22 voor kinderen Geel"},"content":{"rendered":"<p>Van het winnen van de dubbel in 1971 tot de legendarische titelwinst in 1989 - sommige van Arsenal FC's grootste successen werden behaald in het geel. Het is dan ook geen verrassing dat we deze kleur terugbrengen met deze kinderversie van het uitshirt, compleet met geweven kanonafbeeldingen voor de perfecte retro-clubstijl. Het zachte materiaal en de vochtabsorberende AEROREADY technologie garanderen een aangenaam droog gevoel.Dit product is Primegreen: gemaakt van diverse functionele gerecyclede materialen.<\/p>\n<p>Tips voor het afdrukken: Als de naam en het nummer op de foto precies zijn wat je wilt, hoef je ze niet opnieuw in te voeren. Zo niet, dan moet je de gewenste naam en het gewenste nummer invoeren.<\/p>\n<p>Wastips: Het wordt aanbevolen om voetbalshirts met de hand te wassen. Als je de wasmachine wilt gebruiken, denk er dan aan om voetbalshirts binnenstebuiten te draaien en vervolgens te wassen. Vul de machine met koud water en gebruik een fijnwasprogramma om de kleuren beter te beschermen.<\/p>","protected":false},"excerpt":{"rendered":"<p>Vom Gewinn des Doubles im Jahr 1971 bis zum legend\u00e4ren Titelgewinn 1989 \u2013 einige der gr\u00f6\u00dften Erfolge des FC Arsenal wurden in Gelb eingefahren. Kein Wunder, dass wir diese Farbe bei diesem Ausw\u00e4rtstrikot in der Version f\u00fcr Kinder wieder ins Spiel bringen, inklusive gewebter Kanonengrafik f\u00fcr den perfekten Retro-Vereinsstyle. Das weiche Material und die feuchtigkeitsabsorbierende [&hellip;]<\/p>","protected":false},"featured_media":3571,"comment_status":"open","ping_status":"closed","template":"","meta":[],"product_brand":[],"product_cat":[167],"product_tag":[20,58,57,168,94],"class_list":{"0":"post-3530","1":"product","2":"type-product","3":"status-publish","4":"has-post-thumbnail","6":"product_cat-arsenal-kindertrikot","7":"product_tag-coole-fussballtrikots","8":"product_tag-fc-arsenal-auswaertstrikot","9":"product_tag-fc-arsenal-trikots","10":"product_tag-fc-arsenal-trikotsatz-fuer-kinder","11":"product_tag-kinder-fussball-trikotsatz","13":"first","14":"instock","15":"shipping-taxable","16":"purchasable","17":"product-type-variable"},"_links":{"self":[{"href":"https:\/\/www.billigtrikotde.com\/nl\/wp-json\/wp\/v2\/product\/3530","targetHints":{"allow":["GET"]}}],"collection":[{"href":"https:\/\/www.billigtrikotde.com\/nl\/wp-json\/wp\/v2\/product"}],"about":[{"href":"https:\/\/www.billigtrikotde.com\/nl\/wp-json\/wp\/v2\/types\/product"}],"replies":[{"embeddable":true,"href":"https:\/\/www.billigtrikotde.com\/nl\/wp-json\/wp\/v2\/comments?post=3530"}],"wp:featuredmedia":[{"embeddable":true,"href":"https:\/\/www.billigtrikotde.com\/nl\/wp-json\/wp\/v2\/media\/3571"}],"wp:attachment":[{"href":"https:\/\/www.billigtrikotde.com\/nl\/wp-json\/wp\/v2\/media?parent=3530"}],"wp:term":[{"taxonomy":"product_brand","embeddable":true,"href":"https:\/\/www.billigtrikotde.com\/nl\/wp-json\/wp\/v2\/product_brand?post=3530"},{"taxonomy":"product_cat","embeddable":true,"href":"https:\/\/www.billigtrikotde.com\/nl\/wp-json\/wp\/v2\/product_cat?post=3530"},{"taxonomy":"product_tag","embeddable":true,"href":"https:\/\/www.billigtrikotde.com\/nl\/wp-json\/wp\/v2\/product_tag?post=3530"}],"curies":[{"name":"wp","href":"https:\/\/api.w.org\/{rel}","templated":true}]}}