{"id":3456,"date":"2024-10-23T15:03:28","date_gmt":"2024-10-23T13:03:28","guid":{"rendered":"http:\/\/billigtrikots.com\/?post_type=product&#038;p=3456"},"modified":"2025-10-16T16:04:52","modified_gmt":"2025-10-16T14:04:52","slug":"real-madrid-2021-22-heimtrikot-kinder-junior-weiss-blau-mit-aufdruck-varane-5","status":"publish","type":"product","link":"https:\/\/www.billigtrikotde.com\/nl\/real-madrid-2021-22-heimtrikot-kinder-junior-weiss-blau-mit-aufdruck-varane-5\/","title":{"rendered":"Real Madrid 2021\/22 Thuisshirt Kids Junior witblauw met print Varane 5"},"content":{"rendered":"<p>Het team wint en boekt succes op het veld. Ze worden gevierd op het Plaza de Cibeles voor de juichende fans. Geen wonder dat dit adidas Real Madrid shirt in de versie voor kinderen en tieners met zijn cirkel- en spiraalpatroon is ge\u00efnspireerd op deze plek en zijn fonteinen. Het ontwerp voor fans is gemaakt van zacht materiaal met vochtabsorberende AEROREADY technologie en garandeert een aangenaam droog en comfortabel gevoel. Een shirt voor fans om te vieren. Geweven Real Madrid clublogo. Geribde ronde hals. Geribde manchetten. Vochtabsorberend. Normale pasvorm. Dit product is Primegreen: gemaakt van verschillende functionele gerecyclede materialen. Materiaal: 100% polyester.<\/p>\n<p>Tips voor het afdrukken: Als de naam en het nummer op de foto precies zijn wat je wilt, hoef je ze niet opnieuw in te voeren. Zo niet, dan moet je de gewenste naam en het gewenste nummer invoeren.<\/p>\n<p>Wastips: Het wordt aanbevolen om voetbalshirts met de hand te wassen. Als je de wasmachine wilt gebruiken, denk er dan aan om voetbalshirts binnenstebuiten te draaien en vervolgens te wassen. Vul de machine met koud water en gebruik een fijnwasprogramma om de kleuren beter te beschermen.<\/p>","protected":false},"excerpt":{"rendered":"<p>Die Siege und Erfolge f\u00e4hrt die Mannschaft auf dem Spielfeld ein. Gefeiert werden sie auf dem Plaza de Cibeles vor den jubelnden Fans. Kein Wunder, dass dieses adidas Real Madrid Trikot in der Version f\u00fcr Kinder und Teens mit seinem Kreis- und Spiralmuster von diesem Ort und seinen Brunnenfont\u00e4nen inspiriert ist. Das Design f\u00fcr Fans [&hellip;]<\/p>","protected":false},"featured_media":3491,"comment_status":"open","ping_status":"closed","template":"","meta":[],"product_brand":[],"product_cat":[165],"product_tag":[20,21,22,23,24,94,46,47,166],"class_list":{"0":"post-3456","1":"product","2":"type-product","3":"status-publish","4":"has-post-thumbnail","6":"product_cat-real-madrid-kindertrikot","7":"product_tag-coole-fussballtrikots","8":"product_tag-fussballtrikot-fuer-herren","9":"product_tag-fussballtrikot-guenstig-kaufen","10":"product_tag-fussballtrikot-kurzarm","11":"product_tag-guenstiges-fussballtrikot","12":"product_tag-kinder-fussball-trikotsatz","13":"product_tag-real-madrid-heimtrikot","14":"product_tag-real-madrid-trikots","15":"product_tag-real-madrid-trikotsatz-fuer-kinder","17":"first","18":"instock","19":"shipping-taxable","20":"purchasable","21":"product-type-variable"},"_links":{"self":[{"href":"https:\/\/www.billigtrikotde.com\/nl\/wp-json\/wp\/v2\/product\/3456","targetHints":{"allow":["GET"]}}],"collection":[{"href":"https:\/\/www.billigtrikotde.com\/nl\/wp-json\/wp\/v2\/product"}],"about":[{"href":"https:\/\/www.billigtrikotde.com\/nl\/wp-json\/wp\/v2\/types\/product"}],"replies":[{"embeddable":true,"href":"https:\/\/www.billigtrikotde.com\/nl\/wp-json\/wp\/v2\/comments?post=3456"}],"wp:featuredmedia":[{"embeddable":true,"href":"https:\/\/www.billigtrikotde.com\/nl\/wp-json\/wp\/v2\/media\/3491"}],"wp:attachment":[{"href":"https:\/\/www.billigtrikotde.com\/nl\/wp-json\/wp\/v2\/media?parent=3456"}],"wp:term":[{"taxonomy":"product_brand","embeddable":true,"href":"https:\/\/www.billigtrikotde.com\/nl\/wp-json\/wp\/v2\/product_brand?post=3456"},{"taxonomy":"product_cat","embeddable":true,"href":"https:\/\/www.billigtrikotde.com\/nl\/wp-json\/wp\/v2\/product_cat?post=3456"},{"taxonomy":"product_tag","embeddable":true,"href":"https:\/\/www.billigtrikotde.com\/nl\/wp-json\/wp\/v2\/product_tag?post=3456"}],"curies":[{"name":"wp","href":"https:\/\/api.w.org\/{rel}","templated":true}]}}