{"id":3440,"date":"2024-10-23T15:02:29","date_gmt":"2024-10-23T13:02:29","guid":{"rendered":"http:\/\/billigtrikots.com\/?post_type=product&#038;p=3440"},"modified":"2025-10-16T16:04:54","modified_gmt":"2025-10-16T14:04:54","slug":"real-madrid-auswaertstrikot-set-2021-22-trikots-fuer-kinder-blau","status":"publish","type":"product","link":"https:\/\/www.billigtrikotde.com\/nl\/real-madrid-auswaertstrikot-set-2021-22-trikots-fuer-kinder-blau\/","title":{"rendered":"Real Madrid uittenue set 2021\/22 shirts voor kinderen blauw"},"content":{"rendered":"<p>De supersterren van Real Madrid zijn niet de enige kunstenaars die in de hoofdstad van Spanje hun beroep uitoefenen. Dit adidas-voetbalshirt voor junioren is ge\u00efnspireerd op graffiti die de grijze straten van de stad kleur geeft.<\/p>\n<p>Tips voor het afdrukken: Als de naam en het nummer op de foto precies zijn wat je wilt, hoef je ze niet opnieuw in te voeren. Zo niet, dan moet je de gewenste naam en het gewenste nummer invoeren.<\/p>\n<p>Wastips: Het wordt aanbevolen om voetbalshirts met de hand te wassen. Als je de wasmachine wilt gebruiken, denk er dan aan om voetbalshirts binnenstebuiten te draaien en vervolgens te wassen. Vul de machine met koud water en gebruik een fijnwasprogramma om de kleuren beter te beschermen.<\/p>","protected":false},"excerpt":{"rendered":"<p>Die Superstars von Real Madrid sind nicht die einzigen K\u00fcnstler, die in Spaniens Hauptstadt ihren Beruf aus\u00fcben. Dieses adidas Fu\u00dfballtrikot f\u00fcr Junioren ist von Graffiti inspiriert, die den grauen Stra\u00dfen der Stadt Farbe verleihen. Tipps zum Drucken: Wenn der Name und die Nummer auf dem Bild genau Ihren W\u00fcnschen entsprechen, m\u00fcssen Sie sie nicht erneut [&hellip;]<\/p>","protected":false},"featured_media":3478,"comment_status":"open","ping_status":"closed","template":"","meta":[],"product_brand":[],"product_cat":[165],"product_tag":[20,21,22,23,24,94,49,47,166],"class_list":{"0":"post-3440","1":"product","2":"type-product","3":"status-publish","4":"has-post-thumbnail","6":"product_cat-real-madrid-kindertrikot","7":"product_tag-coole-fussballtrikots","8":"product_tag-fussballtrikot-fuer-herren","9":"product_tag-fussballtrikot-guenstig-kaufen","10":"product_tag-fussballtrikot-kurzarm","11":"product_tag-guenstiges-fussballtrikot","12":"product_tag-kinder-fussball-trikotsatz","13":"product_tag-real-madrid-auswaertstrikot","14":"product_tag-real-madrid-trikots","15":"product_tag-real-madrid-trikotsatz-fuer-kinder","17":"first","18":"instock","19":"shipping-taxable","20":"purchasable","21":"product-type-variable"},"_links":{"self":[{"href":"https:\/\/www.billigtrikotde.com\/nl\/wp-json\/wp\/v2\/product\/3440","targetHints":{"allow":["GET"]}}],"collection":[{"href":"https:\/\/www.billigtrikotde.com\/nl\/wp-json\/wp\/v2\/product"}],"about":[{"href":"https:\/\/www.billigtrikotde.com\/nl\/wp-json\/wp\/v2\/types\/product"}],"replies":[{"embeddable":true,"href":"https:\/\/www.billigtrikotde.com\/nl\/wp-json\/wp\/v2\/comments?post=3440"}],"wp:featuredmedia":[{"embeddable":true,"href":"https:\/\/www.billigtrikotde.com\/nl\/wp-json\/wp\/v2\/media\/3478"}],"wp:attachment":[{"href":"https:\/\/www.billigtrikotde.com\/nl\/wp-json\/wp\/v2\/media?parent=3440"}],"wp:term":[{"taxonomy":"product_brand","embeddable":true,"href":"https:\/\/www.billigtrikotde.com\/nl\/wp-json\/wp\/v2\/product_brand?post=3440"},{"taxonomy":"product_cat","embeddable":true,"href":"https:\/\/www.billigtrikotde.com\/nl\/wp-json\/wp\/v2\/product_cat?post=3440"},{"taxonomy":"product_tag","embeddable":true,"href":"https:\/\/www.billigtrikotde.com\/nl\/wp-json\/wp\/v2\/product_tag?post=3440"}],"curies":[{"name":"wp","href":"https:\/\/api.w.org\/{rel}","templated":true}]}}